{"id":1765,"date":"2016-09-09T09:05:27","date_gmt":"2016-09-09T09:05:27","guid":{"rendered":"http:\/\/aldebro.hu\/?page_id=1765"},"modified":"2016-09-09T09:08:12","modified_gmt":"2016-09-09T09:08:12","slug":"szervezeti-es-mukodesi-szabalyzat","status":"publish","type":"page","link":"http:\/\/aldebro.hu\/en\/onkormanyzat\/rendeletek\/szervezeti-es-mukodesi-szabalyzat\/","title":{"rendered":"(Magyar) Szervezeti \u00e9s M\u0171k\u00f6d\u00e9si Szab\u00e1lyzat"},"content":{"rendered":"<p class=\"qtranxs-available-languages-message qtranxs-available-languages-message-en\">Sorry, this entry is only available in <a href=\"http:\/\/aldebro.hu\/hu\/wp-json\/wp\/v2\/pages\/1765\" class=\"qtranxs-available-language-link qtranxs-available-language-link-hu\" title=\"Magyar\">Magyar<\/a>.<\/p>","protected":false},"excerpt":{"rendered":"<p>Sorry, this entry is only available in Magyar.<\/p>\n","protected":false},"author":1,"featured_media":0,"parent":1658,"menu_order":0,"comment_status":"closed","ping_status":"closed","template":"","meta":{"footnotes":""},"class_list":["post-1765","page","type-page","status-publish","hentry"],"_links":{"self":[{"href":"http:\/\/aldebro.hu\/en\/wp-json\/wp\/v2\/pages\/1765","targetHints":{"allow":["GET"]}}],"collection":[{"href":"http:\/\/aldebro.hu\/en\/wp-json\/wp\/v2\/pages"}],"about":[{"href":"http:\/\/aldebro.hu\/en\/wp-json\/wp\/v2\/types\/page"}],"author":[{"embeddable":true,"href":"http:\/\/aldebro.hu\/en\/wp-json\/wp\/v2\/users\/1"}],"replies":[{"embeddable":true,"href":"http:\/\/aldebro.hu\/en\/wp-json\/wp\/v2\/comments?post=1765"}],"version-history":[{"count":4,"href":"http:\/\/aldebro.hu\/en\/wp-json\/wp\/v2\/pages\/1765\/revisions"}],"predecessor-version":[{"id":1771,"href":"http:\/\/aldebro.hu\/en\/wp-json\/wp\/v2\/pages\/1765\/revisions\/1771"}],"up":[{"embeddable":true,"href":"http:\/\/aldebro.hu\/en\/wp-json\/wp\/v2\/pages\/1658"}],"wp:attachment":[{"href":"http:\/\/aldebro.hu\/en\/wp-json\/wp\/v2\/media?parent=1765"}],"curies":[{"name":"wp","href":"https:\/\/api.w.org\/{rel}","templated":true}]}}