{"id":1790,"date":"2016-09-09T09:38:44","date_gmt":"2016-09-09T09:38:44","guid":{"rendered":"http:\/\/aldebro.hu\/?page_id=1790"},"modified":"2016-09-09T09:38:44","modified_gmt":"2016-09-09T09:38:44","slug":"telepulesi-tamogatas-szabalyozasarol","status":"publish","type":"page","link":"http:\/\/aldebro.hu\/en\/onkormanyzat\/rendeletek\/telepulesi-tamogatas-szabalyozasarol\/","title":{"rendered":"(Magyar) Telep\u00fcl\u00e9si t\u00e1mogat\u00e1s szab\u00e1lyoz\u00e1s\u00e1r\u00f3l"},"content":{"rendered":"<p class=\"qtranxs-available-languages-message qtranxs-available-languages-message-en\">Sorry, this entry is only available in <a href=\"http:\/\/aldebro.hu\/hu\/wp-json\/wp\/v2\/pages\/1790\" class=\"qtranxs-available-language-link qtranxs-available-language-link-hu\" title=\"Magyar\">Magyar<\/a>.<\/p>","protected":false},"excerpt":{"rendered":"<p>Sorry, this entry is only available in Magyar.<\/p>\n","protected":false},"author":1,"featured_media":0,"parent":1658,"menu_order":0,"comment_status":"closed","ping_status":"closed","template":"","meta":{"footnotes":""},"class_list":["post-1790","page","type-page","status-publish","hentry"],"_links":{"self":[{"href":"http:\/\/aldebro.hu\/en\/wp-json\/wp\/v2\/pages\/1790","targetHints":{"allow":["GET"]}}],"collection":[{"href":"http:\/\/aldebro.hu\/en\/wp-json\/wp\/v2\/pages"}],"about":[{"href":"http:\/\/aldebro.hu\/en\/wp-json\/wp\/v2\/types\/page"}],"author":[{"embeddable":true,"href":"http:\/\/aldebro.hu\/en\/wp-json\/wp\/v2\/users\/1"}],"replies":[{"embeddable":true,"href":"http:\/\/aldebro.hu\/en\/wp-json\/wp\/v2\/comments?post=1790"}],"version-history":[{"count":11,"href":"http:\/\/aldebro.hu\/en\/wp-json\/wp\/v2\/pages\/1790\/revisions"}],"predecessor-version":[{"id":1801,"href":"http:\/\/aldebro.hu\/en\/wp-json\/wp\/v2\/pages\/1790\/revisions\/1801"}],"up":[{"embeddable":true,"href":"http:\/\/aldebro.hu\/en\/wp-json\/wp\/v2\/pages\/1658"}],"wp:attachment":[{"href":"http:\/\/aldebro.hu\/en\/wp-json\/wp\/v2\/media?parent=1790"}],"curies":[{"name":"wp","href":"https:\/\/api.w.org\/{rel}","templated":true}]}}