{"id":1803,"date":"2016-09-09T09:48:45","date_gmt":"2016-09-09T09:48:45","guid":{"rendered":"http:\/\/aldebro.hu\/?page_id=1803"},"modified":"2016-09-09T09:48:45","modified_gmt":"2016-09-09T09:48:45","slug":"nem-kozmuvel-osszegyujtott-haztartasi-szennyviz","status":"publish","type":"page","link":"http:\/\/aldebro.hu\/en\/onkormanyzat\/rendeletek\/nem-kozmuvel-osszegyujtott-haztartasi-szennyviz\/","title":{"rendered":"(Magyar) Nem k\u00f6zm\u0171vel \u00f6sszegy\u0171jt\u00f6tt h\u00e1ztart\u00e1si szennyv\u00edz"},"content":{"rendered":"<p class=\"qtranxs-available-languages-message qtranxs-available-languages-message-en\">Sorry, this entry is only available in <a href=\"http:\/\/aldebro.hu\/hu\/wp-json\/wp\/v2\/pages\/1803\" class=\"qtranxs-available-language-link qtranxs-available-language-link-hu\" title=\"Magyar\">Magyar<\/a>.<\/p>","protected":false},"excerpt":{"rendered":"<p>Sorry, this entry is only available in Magyar.<\/p>\n","protected":false},"author":1,"featured_media":0,"parent":1658,"menu_order":0,"comment_status":"closed","ping_status":"closed","template":"","meta":{"footnotes":""},"class_list":["post-1803","page","type-page","status-publish","hentry"],"_links":{"self":[{"href":"http:\/\/aldebro.hu\/en\/wp-json\/wp\/v2\/pages\/1803","targetHints":{"allow":["GET"]}}],"collection":[{"href":"http:\/\/aldebro.hu\/en\/wp-json\/wp\/v2\/pages"}],"about":[{"href":"http:\/\/aldebro.hu\/en\/wp-json\/wp\/v2\/types\/page"}],"author":[{"embeddable":true,"href":"http:\/\/aldebro.hu\/en\/wp-json\/wp\/v2\/users\/1"}],"replies":[{"embeddable":true,"href":"http:\/\/aldebro.hu\/en\/wp-json\/wp\/v2\/comments?post=1803"}],"version-history":[{"count":10,"href":"http:\/\/aldebro.hu\/en\/wp-json\/wp\/v2\/pages\/1803\/revisions"}],"predecessor-version":[{"id":1813,"href":"http:\/\/aldebro.hu\/en\/wp-json\/wp\/v2\/pages\/1803\/revisions\/1813"}],"up":[{"embeddable":true,"href":"http:\/\/aldebro.hu\/en\/wp-json\/wp\/v2\/pages\/1658"}],"wp:attachment":[{"href":"http:\/\/aldebro.hu\/en\/wp-json\/wp\/v2\/media?parent=1803"}],"curies":[{"name":"wp","href":"https:\/\/api.w.org\/{rel}","templated":true}]}}