{"id":1838,"date":"2016-09-09T10:45:08","date_gmt":"2016-09-09T10:45:08","guid":{"rendered":"http:\/\/aldebro.hu\/?page_id=1838"},"modified":"2016-09-09T10:54:36","modified_gmt":"2016-09-09T10:54:36","slug":"szervezeti-es-mukodesi-szabalyzat-2","status":"publish","type":"page","link":"http:\/\/aldebro.hu\/en\/onkormanyzat\/rendeletek\/szervezeti-es-mukodesi-szabalyzat-2\/","title":{"rendered":"(Magyar) Szervezeti \u00e9s M\u0171k\u00f6d\u00e9si Szab\u00e1lyzat"},"content":{"rendered":"<p class=\"qtranxs-available-languages-message qtranxs-available-languages-message-en\">Sorry, this entry is only available in <a href=\"http:\/\/aldebro.hu\/hu\/wp-json\/wp\/v2\/pages\/1838\" class=\"qtranxs-available-language-link qtranxs-available-language-link-hu\" title=\"Magyar\">Magyar<\/a>.<\/p>","protected":false},"excerpt":{"rendered":"<p>Sorry, this entry is only available in Magyar.<\/p>\n","protected":false},"author":1,"featured_media":0,"parent":1658,"menu_order":0,"comment_status":"closed","ping_status":"closed","template":"","meta":{"footnotes":""},"class_list":["post-1838","page","type-page","status-publish","hentry"],"_links":{"self":[{"href":"http:\/\/aldebro.hu\/en\/wp-json\/wp\/v2\/pages\/1838","targetHints":{"allow":["GET"]}}],"collection":[{"href":"http:\/\/aldebro.hu\/en\/wp-json\/wp\/v2\/pages"}],"about":[{"href":"http:\/\/aldebro.hu\/en\/wp-json\/wp\/v2\/types\/page"}],"author":[{"embeddable":true,"href":"http:\/\/aldebro.hu\/en\/wp-json\/wp\/v2\/users\/1"}],"replies":[{"embeddable":true,"href":"http:\/\/aldebro.hu\/en\/wp-json\/wp\/v2\/comments?post=1838"}],"version-history":[{"count":4,"href":"http:\/\/aldebro.hu\/en\/wp-json\/wp\/v2\/pages\/1838\/revisions"}],"predecessor-version":[{"id":1842,"href":"http:\/\/aldebro.hu\/en\/wp-json\/wp\/v2\/pages\/1838\/revisions\/1842"}],"up":[{"embeddable":true,"href":"http:\/\/aldebro.hu\/en\/wp-json\/wp\/v2\/pages\/1658"}],"wp:attachment":[{"href":"http:\/\/aldebro.hu\/en\/wp-json\/wp\/v2\/media?parent=1838"}],"curies":[{"name":"wp","href":"https:\/\/api.w.org\/{rel}","templated":true}]}}