{"id":1936,"date":"2016-09-09T13:47:55","date_gmt":"2016-09-09T13:47:55","guid":{"rendered":"http:\/\/aldebro.hu\/?page_id=1936"},"modified":"2025-03-26T09:08:11","modified_gmt":"2025-03-26T08:08:11","slug":"sportert-es-ifjusagert","status":"publish","type":"page","link":"http:\/\/aldebro.hu\/en\/civil-szervezetek\/sportert-es-ifjusagert\/","title":{"rendered":"(Magyar) Sport\u00e9rt \u00e9s Ifj\u00fas\u00e1g\u00e9rt"},"content":{"rendered":"<p class=\"qtranxs-available-languages-message qtranxs-available-languages-message-en\">Sorry, this entry is only available in <a href=\"http:\/\/aldebro.hu\/hu\/wp-json\/wp\/v2\/pages\/1936\" class=\"qtranxs-available-language-link qtranxs-available-language-link-hu\" title=\"Magyar\">Magyar<\/a>.<\/p>","protected":false},"excerpt":{"rendered":"<p>Sorry, this entry is only available in Magyar.<\/p>\n","protected":false},"author":1,"featured_media":0,"parent":1627,"menu_order":0,"comment_status":"closed","ping_status":"closed","template":"","meta":{"footnotes":""},"class_list":["post-1936","page","type-page","status-publish","hentry"],"_links":{"self":[{"href":"http:\/\/aldebro.hu\/en\/wp-json\/wp\/v2\/pages\/1936","targetHints":{"allow":["GET"]}}],"collection":[{"href":"http:\/\/aldebro.hu\/en\/wp-json\/wp\/v2\/pages"}],"about":[{"href":"http:\/\/aldebro.hu\/en\/wp-json\/wp\/v2\/types\/page"}],"author":[{"embeddable":true,"href":"http:\/\/aldebro.hu\/en\/wp-json\/wp\/v2\/users\/1"}],"replies":[{"embeddable":true,"href":"http:\/\/aldebro.hu\/en\/wp-json\/wp\/v2\/comments?post=1936"}],"version-history":[{"count":9,"href":"http:\/\/aldebro.hu\/en\/wp-json\/wp\/v2\/pages\/1936\/revisions"}],"predecessor-version":[{"id":8672,"href":"http:\/\/aldebro.hu\/en\/wp-json\/wp\/v2\/pages\/1936\/revisions\/8672"}],"up":[{"embeddable":true,"href":"http:\/\/aldebro.hu\/en\/wp-json\/wp\/v2\/pages\/1627"}],"wp:attachment":[{"href":"http:\/\/aldebro.hu\/en\/wp-json\/wp\/v2\/media?parent=1936"}],"curies":[{"name":"wp","href":"https:\/\/api.w.org\/{rel}","templated":true}]}}