{"id":2113,"date":"2013-09-16T07:45:54","date_gmt":"2013-09-16T07:45:54","guid":{"rendered":"http:\/\/aldebro.hu\/?page_id=2113"},"modified":"2017-01-16T09:57:34","modified_gmt":"2017-01-16T09:57:34","slug":"kameras-megfigyelorendszer-korszerusitese-a-nephaz-berendezesenek-fejlesztese","status":"publish","type":"page","link":"http:\/\/aldebro.hu\/en\/onkormanyzat\/palyazatok\/kameras-megfigyelorendszer-korszerusitese-a-nephaz-berendezesenek-fejlesztese\/","title":{"rendered":"(Magyar) Kamer\u00e1s megfigyel\u0151rendszer korszer\u0171s\u00edt\u00e9se, a N\u00e9ph\u00e1z berendez\u00e9s\u00e9nek fejleszt\u00e9se"},"content":{"rendered":"<p class=\"qtranxs-available-languages-message qtranxs-available-languages-message-en\">Sorry, this entry is only available in <a href=\"http:\/\/aldebro.hu\/hu\/wp-json\/wp\/v2\/pages\/2113\" class=\"qtranxs-available-language-link qtranxs-available-language-link-hu\" title=\"Magyar\">Magyar<\/a>.<\/p>","protected":false},"excerpt":{"rendered":"<p>Sorry, this entry is only available in Magyar.<\/p>\n","protected":false},"author":1,"featured_media":0,"parent":1680,"menu_order":0,"comment_status":"closed","ping_status":"closed","template":"","meta":{"footnotes":""},"class_list":["post-2113","page","type-page","status-publish","hentry"],"_links":{"self":[{"href":"http:\/\/aldebro.hu\/en\/wp-json\/wp\/v2\/pages\/2113","targetHints":{"allow":["GET"]}}],"collection":[{"href":"http:\/\/aldebro.hu\/en\/wp-json\/wp\/v2\/pages"}],"about":[{"href":"http:\/\/aldebro.hu\/en\/wp-json\/wp\/v2\/types\/page"}],"author":[{"embeddable":true,"href":"http:\/\/aldebro.hu\/en\/wp-json\/wp\/v2\/users\/1"}],"replies":[{"embeddable":true,"href":"http:\/\/aldebro.hu\/en\/wp-json\/wp\/v2\/comments?post=2113"}],"version-history":[{"count":2,"href":"http:\/\/aldebro.hu\/en\/wp-json\/wp\/v2\/pages\/2113\/revisions"}],"predecessor-version":[{"id":3137,"href":"http:\/\/aldebro.hu\/en\/wp-json\/wp\/v2\/pages\/2113\/revisions\/3137"}],"up":[{"embeddable":true,"href":"http:\/\/aldebro.hu\/en\/wp-json\/wp\/v2\/pages\/1680"}],"wp:attachment":[{"href":"http:\/\/aldebro.hu\/en\/wp-json\/wp\/v2\/media?parent=2113"}],"curies":[{"name":"wp","href":"https:\/\/api.w.org\/{rel}","templated":true}]}}