{"id":2116,"date":"2013-08-16T07:50:09","date_gmt":"2013-08-16T07:50:09","guid":{"rendered":"http:\/\/aldebro.hu\/?page_id=2116"},"modified":"2017-01-16T09:55:24","modified_gmt":"2017-01-16T09:55:24","slug":"faluhangositas-felujitasa-korszerusitese-informacios-tablak-elhelyezese","status":"publish","type":"page","link":"http:\/\/aldebro.hu\/en\/onkormanyzat\/palyazatok\/faluhangositas-felujitasa-korszerusitese-informacios-tablak-elhelyezese\/","title":{"rendered":"(Magyar) Faluhangos\u00edt\u00e1s fel\u00faj\u00edt\u00e1sa, korszer\u0171s\u00edt\u00e9se, inform\u00e1ci\u00f3s t\u00e1bl\u00e1k elhelyez\u00e9se"},"content":{"rendered":"<p class=\"qtranxs-available-languages-message qtranxs-available-languages-message-en\">Sorry, this entry is only available in <a href=\"http:\/\/aldebro.hu\/hu\/wp-json\/wp\/v2\/pages\/2116\" class=\"qtranxs-available-language-link qtranxs-available-language-link-hu\" title=\"Magyar\">Magyar<\/a>.<\/p>","protected":false},"excerpt":{"rendered":"<p>Sorry, this entry is only available in Magyar.<\/p>\n","protected":false},"author":1,"featured_media":0,"parent":1680,"menu_order":0,"comment_status":"closed","ping_status":"closed","template":"","meta":{"footnotes":""},"class_list":["post-2116","page","type-page","status-publish","hentry"],"_links":{"self":[{"href":"http:\/\/aldebro.hu\/en\/wp-json\/wp\/v2\/pages\/2116","targetHints":{"allow":["GET"]}}],"collection":[{"href":"http:\/\/aldebro.hu\/en\/wp-json\/wp\/v2\/pages"}],"about":[{"href":"http:\/\/aldebro.hu\/en\/wp-json\/wp\/v2\/types\/page"}],"author":[{"embeddable":true,"href":"http:\/\/aldebro.hu\/en\/wp-json\/wp\/v2\/users\/1"}],"replies":[{"embeddable":true,"href":"http:\/\/aldebro.hu\/en\/wp-json\/wp\/v2\/comments?post=2116"}],"version-history":[{"count":1,"href":"http:\/\/aldebro.hu\/en\/wp-json\/wp\/v2\/pages\/2116\/revisions"}],"predecessor-version":[{"id":2117,"href":"http:\/\/aldebro.hu\/en\/wp-json\/wp\/v2\/pages\/2116\/revisions\/2117"}],"up":[{"embeddable":true,"href":"http:\/\/aldebro.hu\/en\/wp-json\/wp\/v2\/pages\/1680"}],"wp:attachment":[{"href":"http:\/\/aldebro.hu\/en\/wp-json\/wp\/v2\/media?parent=2116"}],"curies":[{"name":"wp","href":"https:\/\/api.w.org\/{rel}","templated":true}]}}