{"id":2119,"date":"2013-08-16T07:54:56","date_gmt":"2013-08-16T07:54:56","guid":{"rendered":"http:\/\/aldebro.hu\/?page_id=2119"},"modified":"2017-01-16T09:54:07","modified_gmt":"2017-01-16T09:54:07","slug":"aldebro-kozseg-anyakonyve-a-kezdetektol-aldebro-kozseg-tortenete","status":"publish","type":"page","link":"http:\/\/aldebro.hu\/en\/onkormanyzat\/palyazatok\/aldebro-kozseg-anyakonyve-a-kezdetektol-aldebro-kozseg-tortenete\/","title":{"rendered":"(Magyar) Aldebr\u0151 k\u00f6zs\u00e9g anyak\u00f6nyve a kezdetekt\u0151l, Aldebr\u0151 k\u00f6zs\u00e9g t\u00f6rt\u00e9nete"},"content":{"rendered":"<p class=\"qtranxs-available-languages-message qtranxs-available-languages-message-en\">Sorry, this entry is only available in <a href=\"http:\/\/aldebro.hu\/hu\/wp-json\/wp\/v2\/pages\/2119\" class=\"qtranxs-available-language-link qtranxs-available-language-link-hu\" title=\"Magyar\">Magyar<\/a>.<\/p>","protected":false},"excerpt":{"rendered":"<p>Sorry, this entry is only available in Magyar.<\/p>\n","protected":false},"author":1,"featured_media":0,"parent":1680,"menu_order":0,"comment_status":"closed","ping_status":"closed","template":"","meta":{"footnotes":""},"class_list":["post-2119","page","type-page","status-publish","hentry"],"_links":{"self":[{"href":"http:\/\/aldebro.hu\/en\/wp-json\/wp\/v2\/pages\/2119","targetHints":{"allow":["GET"]}}],"collection":[{"href":"http:\/\/aldebro.hu\/en\/wp-json\/wp\/v2\/pages"}],"about":[{"href":"http:\/\/aldebro.hu\/en\/wp-json\/wp\/v2\/types\/page"}],"author":[{"embeddable":true,"href":"http:\/\/aldebro.hu\/en\/wp-json\/wp\/v2\/users\/1"}],"replies":[{"embeddable":true,"href":"http:\/\/aldebro.hu\/en\/wp-json\/wp\/v2\/comments?post=2119"}],"version-history":[{"count":1,"href":"http:\/\/aldebro.hu\/en\/wp-json\/wp\/v2\/pages\/2119\/revisions"}],"predecessor-version":[{"id":2120,"href":"http:\/\/aldebro.hu\/en\/wp-json\/wp\/v2\/pages\/2119\/revisions\/2120"}],"up":[{"embeddable":true,"href":"http:\/\/aldebro.hu\/en\/wp-json\/wp\/v2\/pages\/1680"}],"wp:attachment":[{"href":"http:\/\/aldebro.hu\/en\/wp-json\/wp\/v2\/media?parent=2119"}],"curies":[{"name":"wp","href":"https:\/\/api.w.org\/{rel}","templated":true}]}}