{"id":2146,"date":"0201-02-16T08:33:54","date_gmt":"0201-02-16T08:33:54","guid":{"rendered":"http:\/\/aldebro.hu\/?page_id=2146"},"modified":"2017-01-25T13:33:01","modified_gmt":"2017-01-25T13:33:01","slug":"beszamolo-aldebro-telepules-kozrend-kozbiztonsagi-helyzeterol","status":"publish","type":"page","link":"http:\/\/aldebro.hu\/en\/onkormanyzat\/beszamolo-munkaterv\/beszamolo-aldebro-telepules-kozrend-kozbiztonsagi-helyzeterol\/","title":{"rendered":"(Magyar) Besz\u00e1mol\u00f3 Aldebr\u0151 telep\u00fcl\u00e9s k\u00f6zrend-k\u00f6zbiztons\u00e1gi helyzet\u00e9r\u0151l"},"content":{"rendered":"<p class=\"qtranxs-available-languages-message qtranxs-available-languages-message-en\">Sorry, this entry is only available in <a href=\"http:\/\/aldebro.hu\/hu\/wp-json\/wp\/v2\/pages\/2146\" class=\"qtranxs-available-language-link qtranxs-available-language-link-hu\" title=\"Magyar\">Magyar<\/a>.<\/p>","protected":false},"excerpt":{"rendered":"<p>Sorry, this entry is only available in Magyar.<\/p>\n","protected":false},"author":1,"featured_media":0,"parent":1683,"menu_order":0,"comment_status":"closed","ping_status":"closed","template":"","meta":{"footnotes":""},"class_list":["post-2146","page","type-page","status-publish","hentry"],"_links":{"self":[{"href":"http:\/\/aldebro.hu\/en\/wp-json\/wp\/v2\/pages\/2146","targetHints":{"allow":["GET"]}}],"collection":[{"href":"http:\/\/aldebro.hu\/en\/wp-json\/wp\/v2\/pages"}],"about":[{"href":"http:\/\/aldebro.hu\/en\/wp-json\/wp\/v2\/types\/page"}],"author":[{"embeddable":true,"href":"http:\/\/aldebro.hu\/en\/wp-json\/wp\/v2\/users\/1"}],"replies":[{"embeddable":true,"href":"http:\/\/aldebro.hu\/en\/wp-json\/wp\/v2\/comments?post=2146"}],"version-history":[{"count":1,"href":"http:\/\/aldebro.hu\/en\/wp-json\/wp\/v2\/pages\/2146\/revisions"}],"predecessor-version":[{"id":2149,"href":"http:\/\/aldebro.hu\/en\/wp-json\/wp\/v2\/pages\/2146\/revisions\/2149"}],"up":[{"embeddable":true,"href":"http:\/\/aldebro.hu\/en\/wp-json\/wp\/v2\/pages\/1683"}],"wp:attachment":[{"href":"http:\/\/aldebro.hu\/en\/wp-json\/wp\/v2\/media?parent=2146"}],"curies":[{"name":"wp","href":"https:\/\/api.w.org\/{rel}","templated":true}]}}