{"id":2151,"date":"2014-05-23T08:36:47","date_gmt":"2014-05-23T08:36:47","guid":{"rendered":"http:\/\/aldebro.hu\/?page_id=2151"},"modified":"2017-01-25T13:36:38","modified_gmt":"2017-01-25T13:36:38","slug":"a-gyermekjoleti-szolgalat-beszamoloja-a-2013-as-evben-vegzett-tevekenysegerol","status":"publish","type":"page","link":"http:\/\/aldebro.hu\/en\/onkormanyzat\/beszamolo-munkaterv\/a-gyermekjoleti-szolgalat-beszamoloja-a-2013-as-evben-vegzett-tevekenysegerol\/","title":{"rendered":"(Magyar) A Gyermekj\u00f3l\u00e9ti szolg\u00e1lat besz\u00e1mol\u00f3ja a 2013-as \u00e9vben v\u00e9gzett tev\u00e9kenys\u00e9g\u00e9r\u0151l"},"content":{"rendered":"<p class=\"qtranxs-available-languages-message qtranxs-available-languages-message-en\">Sorry, this entry is only available in <a href=\"http:\/\/aldebro.hu\/hu\/wp-json\/wp\/v2\/pages\/2151\" class=\"qtranxs-available-language-link qtranxs-available-language-link-hu\" title=\"Magyar\">Magyar<\/a>.<\/p>","protected":false},"excerpt":{"rendered":"<p>Sorry, this entry is only available in Magyar.<\/p>\n","protected":false},"author":1,"featured_media":0,"parent":1683,"menu_order":0,"comment_status":"closed","ping_status":"closed","template":"","meta":{"footnotes":""},"class_list":["post-2151","page","type-page","status-publish","hentry"],"_links":{"self":[{"href":"http:\/\/aldebro.hu\/en\/wp-json\/wp\/v2\/pages\/2151","targetHints":{"allow":["GET"]}}],"collection":[{"href":"http:\/\/aldebro.hu\/en\/wp-json\/wp\/v2\/pages"}],"about":[{"href":"http:\/\/aldebro.hu\/en\/wp-json\/wp\/v2\/types\/page"}],"author":[{"embeddable":true,"href":"http:\/\/aldebro.hu\/en\/wp-json\/wp\/v2\/users\/1"}],"replies":[{"embeddable":true,"href":"http:\/\/aldebro.hu\/en\/wp-json\/wp\/v2\/comments?post=2151"}],"version-history":[{"count":1,"href":"http:\/\/aldebro.hu\/en\/wp-json\/wp\/v2\/pages\/2151\/revisions"}],"predecessor-version":[{"id":2153,"href":"http:\/\/aldebro.hu\/en\/wp-json\/wp\/v2\/pages\/2151\/revisions\/2153"}],"up":[{"embeddable":true,"href":"http:\/\/aldebro.hu\/en\/wp-json\/wp\/v2\/pages\/1683"}],"wp:attachment":[{"href":"http:\/\/aldebro.hu\/en\/wp-json\/wp\/v2\/media?parent=2151"}],"curies":[{"name":"wp","href":"https:\/\/api.w.org\/{rel}","templated":true}]}}