{"id":2169,"date":"2016-09-16T09:01:38","date_gmt":"2016-09-16T09:01:38","guid":{"rendered":"http:\/\/aldebro.hu\/?page_id=2169"},"modified":"2025-08-25T08:17:38","modified_gmt":"2025-08-25T07:17:38","slug":"egeszseghaz","status":"publish","type":"page","link":"http:\/\/aldebro.hu\/en\/intezmenyek\/egeszseghaz\/","title":{"rendered":"(Magyar) Eg\u00e9szs\u00e9gh\u00e1z"},"content":{"rendered":"<p class=\"qtranxs-available-languages-message qtranxs-available-languages-message-en\">Sorry, this entry is only available in <a href=\"http:\/\/aldebro.hu\/hu\/wp-json\/wp\/v2\/pages\/2169\" class=\"qtranxs-available-language-link qtranxs-available-language-link-hu\" title=\"Magyar\">Magyar<\/a>.<\/p>","protected":false},"excerpt":{"rendered":"<p>Sorry, this entry is only available in Magyar.<\/p>\n","protected":false},"author":1,"featured_media":0,"parent":1624,"menu_order":0,"comment_status":"closed","ping_status":"closed","template":"","meta":{"footnotes":""},"class_list":["post-2169","page","type-page","status-publish","hentry"],"_links":{"self":[{"href":"http:\/\/aldebro.hu\/en\/wp-json\/wp\/v2\/pages\/2169","targetHints":{"allow":["GET"]}}],"collection":[{"href":"http:\/\/aldebro.hu\/en\/wp-json\/wp\/v2\/pages"}],"about":[{"href":"http:\/\/aldebro.hu\/en\/wp-json\/wp\/v2\/types\/page"}],"author":[{"embeddable":true,"href":"http:\/\/aldebro.hu\/en\/wp-json\/wp\/v2\/users\/1"}],"replies":[{"embeddable":true,"href":"http:\/\/aldebro.hu\/en\/wp-json\/wp\/v2\/comments?post=2169"}],"version-history":[{"count":10,"href":"http:\/\/aldebro.hu\/en\/wp-json\/wp\/v2\/pages\/2169\/revisions"}],"predecessor-version":[{"id":8843,"href":"http:\/\/aldebro.hu\/en\/wp-json\/wp\/v2\/pages\/2169\/revisions\/8843"}],"up":[{"embeddable":true,"href":"http:\/\/aldebro.hu\/en\/wp-json\/wp\/v2\/pages\/1624"}],"wp:attachment":[{"href":"http:\/\/aldebro.hu\/en\/wp-json\/wp\/v2\/media?parent=2169"}],"curies":[{"name":"wp","href":"https:\/\/api.w.org\/{rel}","templated":true}]}}