{"id":2316,"date":"2016-09-16T15:18:24","date_gmt":"2016-09-16T15:18:24","guid":{"rendered":"http:\/\/aldebro.hu\/?page_id=2316"},"modified":"2016-09-16T15:18:24","modified_gmt":"2016-09-16T15:18:24","slug":"debroi-harslevelu-2","status":"publish","type":"page","link":"http:\/\/aldebro.hu\/en\/debroi-harslevelu-2\/","title":{"rendered":"(Magyar) Debr\u0151i H\u00e1rslevel\u0171"},"content":{"rendered":"<p class=\"qtranxs-available-languages-message qtranxs-available-languages-message-en\">Sorry, this entry is only available in <a href=\"http:\/\/aldebro.hu\/hu\/wp-json\/wp\/v2\/pages\/2316\" class=\"qtranxs-available-language-link qtranxs-available-language-link-hu\" title=\"Magyar\">Magyar<\/a>.<\/p>","protected":false},"excerpt":{"rendered":"<p>Sorry, this entry is only available in Magyar.<\/p>\n","protected":false},"author":1,"featured_media":0,"parent":0,"menu_order":0,"comment_status":"closed","ping_status":"closed","template":"","meta":{"footnotes":""},"class_list":["post-2316","page","type-page","status-publish","hentry"],"_links":{"self":[{"href":"http:\/\/aldebro.hu\/en\/wp-json\/wp\/v2\/pages\/2316","targetHints":{"allow":["GET"]}}],"collection":[{"href":"http:\/\/aldebro.hu\/en\/wp-json\/wp\/v2\/pages"}],"about":[{"href":"http:\/\/aldebro.hu\/en\/wp-json\/wp\/v2\/types\/page"}],"author":[{"embeddable":true,"href":"http:\/\/aldebro.hu\/en\/wp-json\/wp\/v2\/users\/1"}],"replies":[{"embeddable":true,"href":"http:\/\/aldebro.hu\/en\/wp-json\/wp\/v2\/comments?post=2316"}],"version-history":[{"count":1,"href":"http:\/\/aldebro.hu\/en\/wp-json\/wp\/v2\/pages\/2316\/revisions"}],"predecessor-version":[{"id":2317,"href":"http:\/\/aldebro.hu\/en\/wp-json\/wp\/v2\/pages\/2316\/revisions\/2317"}],"wp:attachment":[{"href":"http:\/\/aldebro.hu\/en\/wp-json\/wp\/v2\/media?parent=2316"}],"curies":[{"name":"wp","href":"https:\/\/api.w.org\/{rel}","templated":true}]}}