{"id":2845,"date":"2016-11-02T20:02:06","date_gmt":"2016-11-02T20:02:06","guid":{"rendered":"http:\/\/aldebro.hu\/?page_id=2845"},"modified":"2016-11-02T20:02:06","modified_gmt":"2016-11-02T20:02:06","slug":"templomunk-250-eves-evforduloja-2012","status":"publish","type":"page","link":"http:\/\/aldebro.hu\/en\/templomunk-250-eves-evforduloja-2012\/","title":{"rendered":"(Magyar) Templomunk 250 \u00e9ves \u00e9vfordul\u00f3ja (2012)"},"content":{"rendered":"<p class=\"qtranxs-available-languages-message qtranxs-available-languages-message-en\">Sorry, this entry is only available in <a href=\"http:\/\/aldebro.hu\/hu\/wp-json\/wp\/v2\/pages\/2845\" class=\"qtranxs-available-language-link qtranxs-available-language-link-hu\" title=\"Magyar\">Magyar<\/a>.<\/p>","protected":false},"excerpt":{"rendered":"","protected":false},"author":1,"featured_media":0,"parent":0,"menu_order":0,"comment_status":"closed","ping_status":"closed","template":"","meta":{"footnotes":""},"class_list":["post-2845","page","type-page","status-publish","hentry"],"_links":{"self":[{"href":"http:\/\/aldebro.hu\/en\/wp-json\/wp\/v2\/pages\/2845","targetHints":{"allow":["GET"]}}],"collection":[{"href":"http:\/\/aldebro.hu\/en\/wp-json\/wp\/v2\/pages"}],"about":[{"href":"http:\/\/aldebro.hu\/en\/wp-json\/wp\/v2\/types\/page"}],"author":[{"embeddable":true,"href":"http:\/\/aldebro.hu\/en\/wp-json\/wp\/v2\/users\/1"}],"replies":[{"embeddable":true,"href":"http:\/\/aldebro.hu\/en\/wp-json\/wp\/v2\/comments?post=2845"}],"version-history":[{"count":1,"href":"http:\/\/aldebro.hu\/en\/wp-json\/wp\/v2\/pages\/2845\/revisions"}],"predecessor-version":[{"id":2846,"href":"http:\/\/aldebro.hu\/en\/wp-json\/wp\/v2\/pages\/2845\/revisions\/2846"}],"wp:attachment":[{"href":"http:\/\/aldebro.hu\/en\/wp-json\/wp\/v2\/media?parent=2845"}],"curies":[{"name":"wp","href":"https:\/\/api.w.org\/{rel}","templated":true}]}}