{"id":3128,"date":"2017-01-16T09:18:09","date_gmt":"2017-01-16T09:18:09","guid":{"rendered":"http:\/\/aldebro.hu\/?page_id=3128"},"modified":"2017-04-13T08:50:41","modified_gmt":"2017-04-13T08:50:41","slug":"56-os-emlekmu-allitasa-buszkesegpont-kialakitasa-aldebron","status":"publish","type":"page","link":"http:\/\/aldebro.hu\/en\/56-os-emlekmu-allitasa-buszkesegpont-kialakitasa-aldebron\/","title":{"rendered":"(Magyar) \u201e\u201956-os eml\u00e9km\u0171 \u00e1ll\u00edt\u00e1sa, \u201eB\u00fcszkes\u00e9gpont\u201d kialak\u00edt\u00e1sa Aldebr\u0151n\u201d"},"content":{"rendered":"<p class=\"qtranxs-available-languages-message qtranxs-available-languages-message-en\">Sorry, this entry is only available in <a href=\"http:\/\/aldebro.hu\/hu\/wp-json\/wp\/v2\/pages\/3128\" class=\"qtranxs-available-language-link qtranxs-available-language-link-hu\" title=\"Magyar\">Magyar<\/a>.<\/p>","protected":false},"excerpt":{"rendered":"<p>Sorry, this entry is only available in Magyar.<\/p>\n","protected":false},"author":1,"featured_media":0,"parent":0,"menu_order":0,"comment_status":"closed","ping_status":"closed","template":"","meta":{"footnotes":""},"class_list":["post-3128","page","type-page","status-publish","hentry"],"_links":{"self":[{"href":"http:\/\/aldebro.hu\/en\/wp-json\/wp\/v2\/pages\/3128","targetHints":{"allow":["GET"]}}],"collection":[{"href":"http:\/\/aldebro.hu\/en\/wp-json\/wp\/v2\/pages"}],"about":[{"href":"http:\/\/aldebro.hu\/en\/wp-json\/wp\/v2\/types\/page"}],"author":[{"embeddable":true,"href":"http:\/\/aldebro.hu\/en\/wp-json\/wp\/v2\/users\/1"}],"replies":[{"embeddable":true,"href":"http:\/\/aldebro.hu\/en\/wp-json\/wp\/v2\/comments?post=3128"}],"version-history":[{"count":5,"href":"http:\/\/aldebro.hu\/en\/wp-json\/wp\/v2\/pages\/3128\/revisions"}],"predecessor-version":[{"id":3403,"href":"http:\/\/aldebro.hu\/en\/wp-json\/wp\/v2\/pages\/3128\/revisions\/3403"}],"wp:attachment":[{"href":"http:\/\/aldebro.hu\/en\/wp-json\/wp\/v2\/media?parent=3128"}],"curies":[{"name":"wp","href":"https:\/\/api.w.org\/{rel}","templated":true}]}}