{"id":3258,"date":"2017-02-22T14:09:24","date_gmt":"2017-02-22T14:09:24","guid":{"rendered":"http:\/\/aldebro.hu\/?page_id=3258"},"modified":"2017-11-21T08:35:43","modified_gmt":"2017-11-21T08:35:43","slug":"aldebroi-megemlekezes-a-malenkij-robotra-elhurcoltak-emlekere","status":"publish","type":"page","link":"http:\/\/aldebro.hu\/en\/aldebroi-megemlekezes-a-malenkij-robotra-elhurcoltak-emlekere\/","title":{"rendered":"(Magyar) Aldebr\u0151i megeml\u00e9kez\u00e9s a malenkij robotra elhurcoltak eml\u00e9k\u00e9re"},"content":{"rendered":"<p class=\"qtranxs-available-languages-message qtranxs-available-languages-message-en\">Sorry, this entry is only available in <a href=\"http:\/\/aldebro.hu\/hu\/wp-json\/wp\/v2\/pages\/3258\" class=\"qtranxs-available-language-link qtranxs-available-language-link-hu\" title=\"Magyar\">Magyar<\/a>.<\/p>","protected":false},"excerpt":{"rendered":"<p>Sorry, this entry is only available in Magyar.<\/p>\n","protected":false},"author":1,"featured_media":0,"parent":0,"menu_order":0,"comment_status":"closed","ping_status":"closed","template":"","meta":{"footnotes":""},"class_list":["post-3258","page","type-page","status-publish","hentry"],"_links":{"self":[{"href":"http:\/\/aldebro.hu\/en\/wp-json\/wp\/v2\/pages\/3258","targetHints":{"allow":["GET"]}}],"collection":[{"href":"http:\/\/aldebro.hu\/en\/wp-json\/wp\/v2\/pages"}],"about":[{"href":"http:\/\/aldebro.hu\/en\/wp-json\/wp\/v2\/types\/page"}],"author":[{"embeddable":true,"href":"http:\/\/aldebro.hu\/en\/wp-json\/wp\/v2\/users\/1"}],"replies":[{"embeddable":true,"href":"http:\/\/aldebro.hu\/en\/wp-json\/wp\/v2\/comments?post=3258"}],"version-history":[{"count":3,"href":"http:\/\/aldebro.hu\/en\/wp-json\/wp\/v2\/pages\/3258\/revisions"}],"predecessor-version":[{"id":3634,"href":"http:\/\/aldebro.hu\/en\/wp-json\/wp\/v2\/pages\/3258\/revisions\/3634"}],"wp:attachment":[{"href":"http:\/\/aldebro.hu\/en\/wp-json\/wp\/v2\/media?parent=3258"}],"curies":[{"name":"wp","href":"https:\/\/api.w.org\/{rel}","templated":true}]}}