{"id":3366,"date":"2017-03-30T07:04:17","date_gmt":"2017-03-30T07:04:17","guid":{"rendered":"http:\/\/aldebro.hu\/?page_id=3366"},"modified":"2017-03-31T06:14:29","modified_gmt":"2017-03-31T06:14:29","slug":"aldebroi-ertekgyujtes-az-aldebroi-iskolasok-es-testver-telepulesek-tanuloi-bevonasaval","status":"publish","type":"page","link":"http:\/\/aldebro.hu\/en\/civil-szervezetek\/nemet-nemzetisegert\/aldebroi-ertekgyujtes-az-aldebroi-iskolasok-es-testver-telepulesek-tanuloi-bevonasaval\/","title":{"rendered":"(Magyar) Aldebr\u0151i \u00e9rt\u00e9kgy\u0171jt\u00e9s az aldebr\u0151i iskol\u00e1sok \u00e9s testv\u00e9r-telep\u00fcl\u00e9sek tanul\u00f3i bevon\u00e1s\u00e1val"},"content":{"rendered":"<p class=\"qtranxs-available-languages-message qtranxs-available-languages-message-en\">Sorry, this entry is only available in <a href=\"http:\/\/aldebro.hu\/hu\/wp-json\/wp\/v2\/pages\/3366\" class=\"qtranxs-available-language-link qtranxs-available-language-link-hu\" title=\"Magyar\">Magyar<\/a>.<\/p>","protected":false},"excerpt":{"rendered":"<p>Sorry, this entry is only available in Magyar.<\/p>\n","protected":false},"author":1,"featured_media":0,"parent":1932,"menu_order":0,"comment_status":"closed","ping_status":"closed","template":"","meta":{"footnotes":""},"class_list":["post-3366","page","type-page","status-publish","hentry"],"_links":{"self":[{"href":"http:\/\/aldebro.hu\/en\/wp-json\/wp\/v2\/pages\/3366","targetHints":{"allow":["GET"]}}],"collection":[{"href":"http:\/\/aldebro.hu\/en\/wp-json\/wp\/v2\/pages"}],"about":[{"href":"http:\/\/aldebro.hu\/en\/wp-json\/wp\/v2\/types\/page"}],"author":[{"embeddable":true,"href":"http:\/\/aldebro.hu\/en\/wp-json\/wp\/v2\/users\/1"}],"replies":[{"embeddable":true,"href":"http:\/\/aldebro.hu\/en\/wp-json\/wp\/v2\/comments?post=3366"}],"version-history":[{"count":6,"href":"http:\/\/aldebro.hu\/en\/wp-json\/wp\/v2\/pages\/3366\/revisions"}],"predecessor-version":[{"id":3384,"href":"http:\/\/aldebro.hu\/en\/wp-json\/wp\/v2\/pages\/3366\/revisions\/3384"}],"up":[{"embeddable":true,"href":"http:\/\/aldebro.hu\/en\/wp-json\/wp\/v2\/pages\/1932"}],"wp:attachment":[{"href":"http:\/\/aldebro.hu\/en\/wp-json\/wp\/v2\/media?parent=3366"}],"curies":[{"name":"wp","href":"https:\/\/api.w.org\/{rel}","templated":true}]}}