{"id":3447,"date":"2017-07-19T11:40:49","date_gmt":"2017-07-19T11:40:49","guid":{"rendered":"http:\/\/aldebro.hu\/?page_id=3447"},"modified":"2023-02-08T15:23:18","modified_gmt":"2023-02-08T14:23:18","slug":"telepulesi-ertektar","status":"publish","type":"page","link":"http:\/\/aldebro.hu\/en\/telepulesi-ertektar\/","title":{"rendered":"(Magyar) Telep\u00fcl\u00e9si \u00c9rt\u00e9kt\u00e1r"},"content":{"rendered":"<p class=\"qtranxs-available-languages-message qtranxs-available-languages-message-en\">Sorry, this entry is only available in <a href=\"http:\/\/aldebro.hu\/hu\/wp-json\/wp\/v2\/pages\/3447\" class=\"qtranxs-available-language-link qtranxs-available-language-link-hu\" title=\"Magyar\">Magyar<\/a>.<\/p>","protected":false},"excerpt":{"rendered":"<p>Sorry, this entry is only available in Magyar.<\/p>\n","protected":false},"author":1,"featured_media":0,"parent":0,"menu_order":0,"comment_status":"closed","ping_status":"closed","template":"","meta":{"footnotes":""},"class_list":["post-3447","page","type-page","status-publish","hentry"],"_links":{"self":[{"href":"http:\/\/aldebro.hu\/en\/wp-json\/wp\/v2\/pages\/3447","targetHints":{"allow":["GET"]}}],"collection":[{"href":"http:\/\/aldebro.hu\/en\/wp-json\/wp\/v2\/pages"}],"about":[{"href":"http:\/\/aldebro.hu\/en\/wp-json\/wp\/v2\/types\/page"}],"author":[{"embeddable":true,"href":"http:\/\/aldebro.hu\/en\/wp-json\/wp\/v2\/users\/1"}],"replies":[{"embeddable":true,"href":"http:\/\/aldebro.hu\/en\/wp-json\/wp\/v2\/comments?post=3447"}],"version-history":[{"count":12,"href":"http:\/\/aldebro.hu\/en\/wp-json\/wp\/v2\/pages\/3447\/revisions"}],"predecessor-version":[{"id":7087,"href":"http:\/\/aldebro.hu\/en\/wp-json\/wp\/v2\/pages\/3447\/revisions\/7087"}],"wp:attachment":[{"href":"http:\/\/aldebro.hu\/en\/wp-json\/wp\/v2\/media?parent=3447"}],"curies":[{"name":"wp","href":"https:\/\/api.w.org\/{rel}","templated":true}]}}