{"id":3476,"date":"2017-08-18T07:58:42","date_gmt":"2017-08-18T07:58:42","guid":{"rendered":"http:\/\/aldebro.hu\/?page_id=3476"},"modified":"2017-10-11T09:10:40","modified_gmt":"2017-10-11T09:10:40","slug":"testver-telepulesek-talalkozoja-erdelyben","status":"publish","type":"page","link":"http:\/\/aldebro.hu\/en\/testver-telepulesek-talalkozoja-erdelyben\/","title":{"rendered":"(Magyar) Testv\u00e9r-telep\u00fcl\u00e9sek tal\u00e1lkoz\u00f3ja Erd\u00e9lyben"},"content":{"rendered":"<p class=\"qtranxs-available-languages-message qtranxs-available-languages-message-en\">Sorry, this entry is only available in <a href=\"http:\/\/aldebro.hu\/hu\/wp-json\/wp\/v2\/pages\/3476\" class=\"qtranxs-available-language-link qtranxs-available-language-link-hu\" title=\"Magyar\">Magyar<\/a>.<\/p>","protected":false},"excerpt":{"rendered":"<p>Sorry, this entry is only available in Magyar.<\/p>\n","protected":false},"author":1,"featured_media":0,"parent":0,"menu_order":0,"comment_status":"closed","ping_status":"closed","template":"","meta":{"footnotes":""},"class_list":["post-3476","page","type-page","status-publish","hentry"],"_links":{"self":[{"href":"http:\/\/aldebro.hu\/en\/wp-json\/wp\/v2\/pages\/3476","targetHints":{"allow":["GET"]}}],"collection":[{"href":"http:\/\/aldebro.hu\/en\/wp-json\/wp\/v2\/pages"}],"about":[{"href":"http:\/\/aldebro.hu\/en\/wp-json\/wp\/v2\/types\/page"}],"author":[{"embeddable":true,"href":"http:\/\/aldebro.hu\/en\/wp-json\/wp\/v2\/users\/1"}],"replies":[{"embeddable":true,"href":"http:\/\/aldebro.hu\/en\/wp-json\/wp\/v2\/comments?post=3476"}],"version-history":[{"count":3,"href":"http:\/\/aldebro.hu\/en\/wp-json\/wp\/v2\/pages\/3476\/revisions"}],"predecessor-version":[{"id":3516,"href":"http:\/\/aldebro.hu\/en\/wp-json\/wp\/v2\/pages\/3476\/revisions\/3516"}],"wp:attachment":[{"href":"http:\/\/aldebro.hu\/en\/wp-json\/wp\/v2\/media?parent=3476"}],"curies":[{"name":"wp","href":"https:\/\/api.w.org\/{rel}","templated":true}]}}