{"id":3529,"date":"2017-10-16T12:52:26","date_gmt":"2017-10-16T12:52:26","guid":{"rendered":"http:\/\/aldebro.hu\/?page_id=3529"},"modified":"2017-10-16T13:18:07","modified_gmt":"2017-10-16T13:18:07","slug":"aldebro-ertekei-tovabbelesere-kiallitas","status":"publish","type":"page","link":"http:\/\/aldebro.hu\/en\/aldebro-ertekei-tovabbelesere-kiallitas\/","title":{"rendered":"(Magyar) &#8221;Aldebr\u0151 \u00e9rt\u00e9kei tov\u00e1bb\u00e9l\u00e9s\u00e9re&#8221; c. ki\u00e1ll\u00edt\u00e1s"},"content":{"rendered":"<p class=\"qtranxs-available-languages-message qtranxs-available-languages-message-en\">Sorry, this entry is only available in <a href=\"http:\/\/aldebro.hu\/hu\/wp-json\/wp\/v2\/pages\/3529\" class=\"qtranxs-available-language-link qtranxs-available-language-link-hu\" title=\"Magyar\">Magyar<\/a>.<\/p>","protected":false},"excerpt":{"rendered":"<p>Sorry, this entry is only available in Magyar.<\/p>\n","protected":false},"author":1,"featured_media":0,"parent":0,"menu_order":0,"comment_status":"closed","ping_status":"closed","template":"","meta":{"footnotes":""},"class_list":["post-3529","page","type-page","status-publish","hentry"],"_links":{"self":[{"href":"http:\/\/aldebro.hu\/en\/wp-json\/wp\/v2\/pages\/3529","targetHints":{"allow":["GET"]}}],"collection":[{"href":"http:\/\/aldebro.hu\/en\/wp-json\/wp\/v2\/pages"}],"about":[{"href":"http:\/\/aldebro.hu\/en\/wp-json\/wp\/v2\/types\/page"}],"author":[{"embeddable":true,"href":"http:\/\/aldebro.hu\/en\/wp-json\/wp\/v2\/users\/1"}],"replies":[{"embeddable":true,"href":"http:\/\/aldebro.hu\/en\/wp-json\/wp\/v2\/comments?post=3529"}],"version-history":[{"count":5,"href":"http:\/\/aldebro.hu\/en\/wp-json\/wp\/v2\/pages\/3529\/revisions"}],"predecessor-version":[{"id":3535,"href":"http:\/\/aldebro.hu\/en\/wp-json\/wp\/v2\/pages\/3529\/revisions\/3535"}],"wp:attachment":[{"href":"http:\/\/aldebro.hu\/en\/wp-json\/wp\/v2\/media?parent=3529"}],"curies":[{"name":"wp","href":"https:\/\/api.w.org\/{rel}","templated":true}]}}