{"id":3538,"date":"2017-11-15T13:04:24","date_gmt":"2017-11-15T13:04:24","guid":{"rendered":"http:\/\/aldebro.hu\/?page_id=3538"},"modified":"2018-09-17T12:51:23","modified_gmt":"2018-09-17T12:51:23","slug":"hagyomanyos-svab-etelek-fesztivalja","status":"publish","type":"page","link":"http:\/\/aldebro.hu\/en\/hagyomanyos-svab-etelek-fesztivalja\/","title":{"rendered":"(Magyar) \u201eHagyom\u00e1nyos sv\u00e1b \u00e9telek fesztiv\u00e1lja\u201d 2017"},"content":{"rendered":"<p class=\"qtranxs-available-languages-message qtranxs-available-languages-message-en\">Sorry, this entry is only available in <a href=\"http:\/\/aldebro.hu\/hu\/wp-json\/wp\/v2\/pages\/3538\" class=\"qtranxs-available-language-link qtranxs-available-language-link-hu\" title=\"Magyar\">Magyar<\/a>.<\/p>","protected":false},"excerpt":{"rendered":"<p>Sorry, this entry is only available in Magyar.<\/p>\n","protected":false},"author":1,"featured_media":0,"parent":0,"menu_order":0,"comment_status":"closed","ping_status":"closed","template":"","meta":{"footnotes":""},"class_list":["post-3538","page","type-page","status-publish","hentry"],"_links":{"self":[{"href":"http:\/\/aldebro.hu\/en\/wp-json\/wp\/v2\/pages\/3538","targetHints":{"allow":["GET"]}}],"collection":[{"href":"http:\/\/aldebro.hu\/en\/wp-json\/wp\/v2\/pages"}],"about":[{"href":"http:\/\/aldebro.hu\/en\/wp-json\/wp\/v2\/types\/page"}],"author":[{"embeddable":true,"href":"http:\/\/aldebro.hu\/en\/wp-json\/wp\/v2\/users\/1"}],"replies":[{"embeddable":true,"href":"http:\/\/aldebro.hu\/en\/wp-json\/wp\/v2\/comments?post=3538"}],"version-history":[{"count":12,"href":"http:\/\/aldebro.hu\/en\/wp-json\/wp\/v2\/pages\/3538\/revisions"}],"predecessor-version":[{"id":4316,"href":"http:\/\/aldebro.hu\/en\/wp-json\/wp\/v2\/pages\/3538\/revisions\/4316"}],"wp:attachment":[{"href":"http:\/\/aldebro.hu\/en\/wp-json\/wp\/v2\/media?parent=3538"}],"curies":[{"name":"wp","href":"https:\/\/api.w.org\/{rel}","templated":true}]}}