{"id":3581,"date":"2017-11-15T14:03:06","date_gmt":"2017-11-15T14:03:06","guid":{"rendered":"http:\/\/aldebro.hu\/?page_id=3581"},"modified":"2018-10-17T09:06:31","modified_gmt":"2018-10-17T09:06:31","slug":"svab-napkozis-tabor-aldebron","status":"publish","type":"page","link":"http:\/\/aldebro.hu\/en\/svab-napkozis-tabor-aldebron\/","title":{"rendered":"(Magyar) Sv\u00e1b napk\u00f6zis t\u00e1bor Aldebr\u0151n 2017"},"content":{"rendered":"<p class=\"qtranxs-available-languages-message qtranxs-available-languages-message-en\">Sorry, this entry is only available in <a href=\"http:\/\/aldebro.hu\/hu\/wp-json\/wp\/v2\/pages\/3581\" class=\"qtranxs-available-language-link qtranxs-available-language-link-hu\" title=\"Magyar\">Magyar<\/a>.<\/p>","protected":false},"excerpt":{"rendered":"<p>Sorry, this entry is only available in Magyar.<\/p>\n","protected":false},"author":1,"featured_media":0,"parent":0,"menu_order":0,"comment_status":"closed","ping_status":"closed","template":"","meta":{"footnotes":""},"class_list":["post-3581","page","type-page","status-publish","hentry"],"_links":{"self":[{"href":"http:\/\/aldebro.hu\/en\/wp-json\/wp\/v2\/pages\/3581","targetHints":{"allow":["GET"]}}],"collection":[{"href":"http:\/\/aldebro.hu\/en\/wp-json\/wp\/v2\/pages"}],"about":[{"href":"http:\/\/aldebro.hu\/en\/wp-json\/wp\/v2\/types\/page"}],"author":[{"embeddable":true,"href":"http:\/\/aldebro.hu\/en\/wp-json\/wp\/v2\/users\/1"}],"replies":[{"embeddable":true,"href":"http:\/\/aldebro.hu\/en\/wp-json\/wp\/v2\/comments?post=3581"}],"version-history":[{"count":9,"href":"http:\/\/aldebro.hu\/en\/wp-json\/wp\/v2\/pages\/3581\/revisions"}],"predecessor-version":[{"id":4386,"href":"http:\/\/aldebro.hu\/en\/wp-json\/wp\/v2\/pages\/3581\/revisions\/4386"}],"wp:attachment":[{"href":"http:\/\/aldebro.hu\/en\/wp-json\/wp\/v2\/media?parent=3581"}],"curies":[{"name":"wp","href":"https:\/\/api.w.org\/{rel}","templated":true}]}}