{"id":3914,"date":"2018-01-26T10:03:08","date_gmt":"2018-01-26T10:03:08","guid":{"rendered":"http:\/\/aldebro.hu\/?page_id=3914"},"modified":"2022-08-12T09:59:15","modified_gmt":"2022-08-12T08:59:15","slug":"aldebro-orszaggyulesi-kepviseloi","status":"publish","type":"page","link":"http:\/\/aldebro.hu\/en\/aldebro-orszaggyulesi-kepviseloi\/","title":{"rendered":"(Magyar) Aldebr\u0151 orsz\u00e1ggy\u0171l\u00e9si k\u00e9pvisel\u0151i"},"content":{"rendered":"<p class=\"qtranxs-available-languages-message qtranxs-available-languages-message-en\">Sorry, this entry is only available in <a href=\"http:\/\/aldebro.hu\/hu\/wp-json\/wp\/v2\/pages\/3914\" class=\"qtranxs-available-language-link qtranxs-available-language-link-hu\" title=\"Magyar\">Magyar<\/a>.<\/p>","protected":false},"excerpt":{"rendered":"<p>Sorry, this entry is only available in Magyar.<\/p>\n","protected":false},"author":1,"featured_media":0,"parent":0,"menu_order":0,"comment_status":"closed","ping_status":"closed","template":"","meta":{"footnotes":""},"class_list":["post-3914","page","type-page","status-publish","hentry"],"_links":{"self":[{"href":"http:\/\/aldebro.hu\/en\/wp-json\/wp\/v2\/pages\/3914","targetHints":{"allow":["GET"]}}],"collection":[{"href":"http:\/\/aldebro.hu\/en\/wp-json\/wp\/v2\/pages"}],"about":[{"href":"http:\/\/aldebro.hu\/en\/wp-json\/wp\/v2\/types\/page"}],"author":[{"embeddable":true,"href":"http:\/\/aldebro.hu\/en\/wp-json\/wp\/v2\/users\/1"}],"replies":[{"embeddable":true,"href":"http:\/\/aldebro.hu\/en\/wp-json\/wp\/v2\/comments?post=3914"}],"version-history":[{"count":9,"href":"http:\/\/aldebro.hu\/en\/wp-json\/wp\/v2\/pages\/3914\/revisions"}],"predecessor-version":[{"id":6830,"href":"http:\/\/aldebro.hu\/en\/wp-json\/wp\/v2\/pages\/3914\/revisions\/6830"}],"wp:attachment":[{"href":"http:\/\/aldebro.hu\/en\/wp-json\/wp\/v2\/media?parent=3914"}],"curies":[{"name":"wp","href":"https:\/\/api.w.org\/{rel}","templated":true}]}}