{"id":4000,"date":"2018-03-05T12:57:37","date_gmt":"2018-03-05T12:57:37","guid":{"rendered":"http:\/\/aldebro.hu\/?page_id=4000"},"modified":"2025-05-09T11:32:24","modified_gmt":"2025-05-09T10:32:24","slug":"efop-3-7-3-16-2017-00097-tudas-ertek-eletminoseg-elethosszig-tarto-tnulas-aldebron","status":"publish","type":"page","link":"http:\/\/aldebro.hu\/en\/efop-3-7-3-16-2017-00097-tudas-ertek-eletminoseg-elethosszig-tarto-tnulas-aldebron\/","title":{"rendered":"(Magyar) EFOP-3.7.3-16-2017-00097 &#8211; Tud\u00e1s- \u00c9rt\u00e9k \u2013 \u00c9letmin\u0151s\u00e9g \u00c9lethosszig tart\u00f3 T@nul\u00e1s Aldebr\u0151n"},"content":{"rendered":"<p class=\"qtranxs-available-languages-message qtranxs-available-languages-message-en\">Sorry, this entry is only available in <a href=\"http:\/\/aldebro.hu\/hu\/wp-json\/wp\/v2\/pages\/4000\" class=\"qtranxs-available-language-link qtranxs-available-language-link-hu\" title=\"Magyar\">Magyar<\/a>.<\/p>","protected":false},"excerpt":{"rendered":"<p>Sorry, this entry is only available in Magyar.<\/p>\n","protected":false},"author":1,"featured_media":3999,"parent":0,"menu_order":0,"comment_status":"closed","ping_status":"closed","template":"","meta":{"footnotes":""},"class_list":["post-4000","page","type-page","status-publish","has-post-thumbnail","hentry"],"_links":{"self":[{"href":"http:\/\/aldebro.hu\/en\/wp-json\/wp\/v2\/pages\/4000","targetHints":{"allow":["GET"]}}],"collection":[{"href":"http:\/\/aldebro.hu\/en\/wp-json\/wp\/v2\/pages"}],"about":[{"href":"http:\/\/aldebro.hu\/en\/wp-json\/wp\/v2\/types\/page"}],"author":[{"embeddable":true,"href":"http:\/\/aldebro.hu\/en\/wp-json\/wp\/v2\/users\/1"}],"replies":[{"embeddable":true,"href":"http:\/\/aldebro.hu\/en\/wp-json\/wp\/v2\/comments?post=4000"}],"version-history":[{"count":32,"href":"http:\/\/aldebro.hu\/en\/wp-json\/wp\/v2\/pages\/4000\/revisions"}],"predecessor-version":[{"id":8725,"href":"http:\/\/aldebro.hu\/en\/wp-json\/wp\/v2\/pages\/4000\/revisions\/8725"}],"wp:featuredmedia":[{"embeddable":true,"href":"http:\/\/aldebro.hu\/en\/wp-json\/wp\/v2\/media\/3999"}],"wp:attachment":[{"href":"http:\/\/aldebro.hu\/en\/wp-json\/wp\/v2\/media?parent=4000"}],"curies":[{"name":"wp","href":"https:\/\/api.w.org\/{rel}","templated":true}]}}