{"id":4058,"date":"2018-05-07T09:04:15","date_gmt":"2018-05-07T09:04:15","guid":{"rendered":"http:\/\/aldebro.hu\/?page_id=4058"},"modified":"2021-10-07T10:10:01","modified_gmt":"2021-10-07T09:10:01","slug":"nemet-nemzetisegi-egyesulet-aldebro-tofalu-mukodesi-tamogatasa","status":"publish","type":"page","link":"http:\/\/aldebro.hu\/en\/nemet-nemzetisegi-egyesulet-aldebro-tofalu-mukodesi-tamogatasa\/","title":{"rendered":"(Magyar) N\u00e9met Nemzetis\u00e9gi Egyes\u00fclet Aldebr\u0151-T\u00f3falu m\u0171k\u00f6d\u00e9si t\u00e1mogat\u00e1sa 2017.,  2018., 2019., 2020."},"content":{"rendered":"<p class=\"qtranxs-available-languages-message qtranxs-available-languages-message-en\">Sorry, this entry is only available in <a href=\"http:\/\/aldebro.hu\/hu\/wp-json\/wp\/v2\/pages\/4058\" class=\"qtranxs-available-language-link qtranxs-available-language-link-hu\" title=\"Magyar\">Magyar<\/a>.<\/p>","protected":false},"excerpt":{"rendered":"<p>Sorry, this entry is only available in Magyar.<\/p>\n","protected":false},"author":1,"featured_media":0,"parent":0,"menu_order":0,"comment_status":"closed","ping_status":"closed","template":"","meta":{"footnotes":""},"class_list":["post-4058","page","type-page","status-publish","hentry"],"_links":{"self":[{"href":"http:\/\/aldebro.hu\/en\/wp-json\/wp\/v2\/pages\/4058","targetHints":{"allow":["GET"]}}],"collection":[{"href":"http:\/\/aldebro.hu\/en\/wp-json\/wp\/v2\/pages"}],"about":[{"href":"http:\/\/aldebro.hu\/en\/wp-json\/wp\/v2\/types\/page"}],"author":[{"embeddable":true,"href":"http:\/\/aldebro.hu\/en\/wp-json\/wp\/v2\/users\/1"}],"replies":[{"embeddable":true,"href":"http:\/\/aldebro.hu\/en\/wp-json\/wp\/v2\/comments?post=4058"}],"version-history":[{"count":23,"href":"http:\/\/aldebro.hu\/en\/wp-json\/wp\/v2\/pages\/4058\/revisions"}],"predecessor-version":[{"id":6379,"href":"http:\/\/aldebro.hu\/en\/wp-json\/wp\/v2\/pages\/4058\/revisions\/6379"}],"wp:attachment":[{"href":"http:\/\/aldebro.hu\/en\/wp-json\/wp\/v2\/media?parent=4058"}],"curies":[{"name":"wp","href":"https:\/\/api.w.org\/{rel}","templated":true}]}}