{"id":4300,"date":"2018-09-16T10:14:34","date_gmt":"2018-09-16T10:14:34","guid":{"rendered":"http:\/\/aldebro.hu\/?page_id=4300"},"modified":"2025-04-10T08:46:14","modified_gmt":"2025-04-10T07:46:14","slug":"aldebroi-kronika","status":"publish","type":"page","link":"http:\/\/aldebro.hu\/en\/aldebroi-kronika\/","title":{"rendered":"(Magyar) Aldebr\u0151i Kr\u00f3nika"},"content":{"rendered":"\n<p><strong>Aldebr\u0151i Kr\u00f3nika<\/strong><\/p>\n\n\n\n<p><a href=\"http:\/\/aldebro.hu\/wp-content\/uploads\/2025\/04\/aldebro2024_tel_webre.pdf\"><mark style=\"background-color:rgba(0, 0, 0, 0)\" class=\"has-inline-color has-vivid-cyan-blue-color\"><strong>2024. december<\/strong><\/mark><\/a><\/p>\n\n\n\n<p><a href=\"http:\/\/aldebro.hu\/wp-content\/uploads\/2024\/01\/Kronika-2023.-december.pdf\"><strong><mark style=\"background-color:rgba(0, 0, 0, 0)\" class=\"has-inline-color has-vivid-cyan-blue-color\">2023. december<\/mark><\/strong><\/a><\/p>\n\n\n\n<p><a href=\"http:\/\/aldebro.hu\/wp-content\/uploads\/2022\/01\/Aldebroi-Kronika-2021.december.pdf\"><strong><mark style=\"background-color:rgba(0, 0, 0, 0)\" class=\"has-inline-color has-vivid-cyan-blue-color\">2021. december<\/mark><\/strong><\/a><\/p>\n\n\n\n<p><a href=\"http:\/\/aldebro.hu\/wp-content\/uploads\/2020\/12\/alderoi-ujsag_honlap.pdf\"><strong><mark style=\"background-color:rgba(0, 0, 0, 0)\" class=\"has-inline-color has-vivid-cyan-blue-color\">2020. december<\/mark><\/strong><\/a><\/p>\n\n\n\n<p><a href=\"http:\/\/aldebro.hu\/wp-content\/uploads\/2018\/06\/Aldebr\u0151i-Kr\u00f3nika2018-1.pdf\"><strong><mark style=\"background-color:rgba(0, 0, 0, 0)\" class=\"has-inline-color has-vivid-cyan-blue-color\">2018. m\u00e1jus<\/mark><\/strong><\/a><\/p>\n\n\n\n<p><a href=\"http:\/\/aldebro.hu\/wp-content\/uploads\/2021\/01\/kronika2014-aprilis.pdf\"><strong><mark style=\"background-color:rgba(0, 0, 0, 0)\" class=\"has-inline-color has-vivid-cyan-blue-color\">2014. m\u00e1jus<\/mark><\/strong><\/a><\/p>\n\n\n\n<p><\/p>\n","protected":false},"excerpt":{"rendered":"<p>Aldebr\u0151i Kr\u00f3nika 2024. december 2023. december 2021. december 2020. december 2018. m\u00e1jus 2014. m\u00e1jus<\/p>\n","protected":false},"author":1,"featured_media":0,"parent":0,"menu_order":0,"comment_status":"closed","ping_status":"closed","template":"","meta":{"footnotes":""},"class_list":["post-4300","page","type-page","status-publish","hentry"],"_links":{"self":[{"href":"http:\/\/aldebro.hu\/en\/wp-json\/wp\/v2\/pages\/4300","targetHints":{"allow":["GET"]}}],"collection":[{"href":"http:\/\/aldebro.hu\/en\/wp-json\/wp\/v2\/pages"}],"about":[{"href":"http:\/\/aldebro.hu\/en\/wp-json\/wp\/v2\/types\/page"}],"author":[{"embeddable":true,"href":"http:\/\/aldebro.hu\/en\/wp-json\/wp\/v2\/users\/1"}],"replies":[{"embeddable":true,"href":"http:\/\/aldebro.hu\/en\/wp-json\/wp\/v2\/comments?post=4300"}],"version-history":[{"count":14,"href":"http:\/\/aldebro.hu\/en\/wp-json\/wp\/v2\/pages\/4300\/revisions"}],"predecessor-version":[{"id":8684,"href":"http:\/\/aldebro.hu\/en\/wp-json\/wp\/v2\/pages\/4300\/revisions\/8684"}],"wp:attachment":[{"href":"http:\/\/aldebro.hu\/en\/wp-json\/wp\/v2\/media?parent=4300"}],"curies":[{"name":"wp","href":"https:\/\/api.w.org\/{rel}","templated":true}]}}