{"id":4802,"date":"2019-03-25T15:00:12","date_gmt":"2019-03-25T14:00:12","guid":{"rendered":"http:\/\/aldebro.hu\/?page_id=4802"},"modified":"2020-10-07T12:55:19","modified_gmt":"2020-10-07T11:55:19","slug":"2019-evi-kepviselotestuleti-ulesek-nyilt-jegyzokonyvei","status":"publish","type":"page","link":"http:\/\/aldebro.hu\/en\/2019-evi-kepviselotestuleti-ulesek-nyilt-jegyzokonyvei\/","title":{"rendered":"2019. \u00e9vi K\u00e9pvisel\u0151test\u00fcleti \u00fcl\u00e9sek ny\u00edlt jegyz\u0151k\u00f6nyvei"},"content":{"rendered":"\n<p><strong>Aldebr\u0151 k\u00f6zs\u00e9g K\u00e9pvisel\u0151test\u00fclet\u00e9nek 2019. \u00e9vben megtartott ny\u00edlt \u00fcl\u00e9sei:<\/strong><\/p>\n\n\n\n<p><a href=\"http:\/\/aldebro.hu\/wp-content\/uploads\/2019\/03\/Aldebr\u0151-2019.01.22.-nyilv.-jkv.-jelenl\u00e9ti.pdf\">2019. janu\u00e1r 22.<\/a><\/p>\n\n\n\n<p><a href=\"http:\/\/aldebro.hu\/wp-content\/uploads\/2019\/03\/Aldebr\u0151-2019.02.14.-nyilv.-jkv.-jelenl\u00e9ti.pdf\">2019. febru\u00e1r 14.<\/a><\/p>\n\n\n\n<p><a href=\"http:\/\/aldebro.hu\/wp-content\/uploads\/2019\/04\/Aldebr\u0151-falugy\u0171l\u00e9s-2019.02.23.pdf\">2019.febru\u00e1r 23. falugy\u0171l\u00e9s<\/a><\/p>\n\n\n\n<p><a href=\"http:\/\/aldebro.hu\/wp-content\/uploads\/2019\/04\/Aldebr\u0151-2019.03.19.-nyilv.-jkv.pdf\">2019. m\u00e1rcius 19.<\/a><\/p>\n\n\n\n<p><a href=\"http:\/\/aldebro.hu\/wp-content\/uploads\/2019\/05\/Aldebr\u0151-2019.03.05.-nyilv\u00e1nos-\u00fcl\u00e9s-jkv.pdf\">2019. m\u00e1rcius 05.<\/a><\/p>\n\n\n\n<p><a href=\"http:\/\/aldebro.hu\/wp-content\/uploads\/2019\/07\/Aldebr\u0151-2019.04.30.-rendk.-nyilv\u00e1nos.pdf\">2019. \u00e1prilis 30.<\/a><\/p>\n\n\n\n<p><a href=\"http:\/\/aldebro.hu\/wp-content\/uploads\/2019\/07\/2019.04.30.-egy\u00fcttes-Aldebr\u0151-T\u00f3falu.pdf\">2019. \u00e1prilis 30. Aldebr\u0151-T\u00f3falu egy\u00fcttes \u00fcl\u00e9s<\/a><\/p>\n\n\n\n<p><a href=\"http:\/\/aldebro.hu\/wp-content\/uploads\/2019\/07\/Aldebr\u0151-2019.05.02.-rend.-nyilv.pdf\">2019. m\u00e1jus 02.<\/a><\/p>\n\n\n\n<p><a href=\"http:\/\/aldebro.hu\/wp-content\/uploads\/2019\/07\/Aldebr\u0151-2019.05.22.-nyilv.pdf\">2019. m\u00e1jus&nbsp;22. <\/a><\/p>\n\n\n\n<p><a href=\"http:\/\/aldebro.hu\/wp-content\/uploads\/2019\/07\/Aldebr\u0151-2019.06.06.-rendk.-nyilv.pdf\">2019. j\u00fanius 06.<\/a><\/p>\n\n\n\n<p><a href=\"http:\/\/aldebro.hu\/wp-content\/uploads\/2019\/11\/ALDEBR\u0150-K\u00c1POLNA-T\u00d3FALU-egy\u00fcttes-\u00fcl\u00e9s-2019.07.09.-jkv.pdf\">2019. j\u00falius 09. Aldebr\u0151-K\u00e1polna-T\u00f3falu egy\u00fcttes \u00fcl\u00e9s<\/a><\/p>\n\n\n\n<p><a href=\"http:\/\/aldebro.hu\/wp-content\/uploads\/2019\/11\/Aldebro-2019.07.10.-nyilv.-jkv.pdf\">2019. j\u00falius 10.<\/a><\/p>\n\n\n\n<p><a href=\"http:\/\/aldebro.hu\/wp-content\/uploads\/2019\/11\/Aldebr\u0151-2019.07.25.-nyilv.-jkv.pdf\">2019. j\u00falius 25.<\/a><\/p>\n\n\n\n<p><a href=\"http:\/\/aldebro.hu\/wp-content\/uploads\/2019\/11\/Aldebr\u0151-2019.08.12.-nyilv.-jkv.pdf\">2019. augusztus 12.<\/a><\/p>\n\n\n\n<p><a href=\"http:\/\/aldebro.hu\/wp-content\/uploads\/2019\/11\/Aldebr\u0151-2019.08.30.-nyilv.-jkv.pdf\">2019. augusztus 30.<\/a><\/p>\n\n\n\n<p><a href=\"http:\/\/aldebro.hu\/wp-content\/uploads\/2019\/11\/Aldebr\u0151-2019.10.22.-alakul\u00f3-nyilv.-jkv.pdf\">2019. okt\u00f3ber 22.<\/a><\/p>\n\n\n\n<p><a href=\"http:\/\/aldebro.hu\/wp-content\/uploads\/2020\/10\/Aldebro-2019.11.19.-nyilv.-jkv.pdf\">2019.november 19.<\/a><\/p>\n\n\n\n<p><a href=\"http:\/\/aldebro.hu\/wp-content\/uploads\/2020\/10\/Aldebro-2019.11.26.-nyilv.-jkv.pdf\">2019. november 26.<\/a><\/p>\n\n\n\n<p><a href=\"http:\/\/aldebro.hu\/wp-content\/uploads\/2020\/10\/Aldebro-2019.11.28.-kozmeghallgatasi-jkv.pdf\">2019. november 28.<\/a><\/p>\n\n\n\n<p><a href=\"http:\/\/aldebro.hu\/wp-content\/uploads\/2020\/10\/Aldebro-2019.12.19.-nyilv.-jkv.pdf\">2019. december 19.<\/a><\/p>\n","protected":false},"excerpt":{"rendered":"<p>Aldebr\u0151 k\u00f6zs\u00e9g K\u00e9pvisel\u0151test\u00fclet\u00e9nek 2019. \u00e9vben megtartott ny\u00edlt \u00fcl\u00e9sei: 2019. janu\u00e1r 22. 2019. febru\u00e1r 14. 2019.febru\u00e1r 23. falugy\u0171l\u00e9s 2019. m\u00e1rcius 19&#8230;.<\/p>\n","protected":false},"author":1,"featured_media":0,"parent":0,"menu_order":0,"comment_status":"closed","ping_status":"closed","template":"","meta":{"footnotes":""},"class_list":["post-4802","page","type-page","status-publish","hentry"],"_links":{"self":[{"href":"http:\/\/aldebro.hu\/en\/wp-json\/wp\/v2\/pages\/4802","targetHints":{"allow":["GET"]}}],"collection":[{"href":"http:\/\/aldebro.hu\/en\/wp-json\/wp\/v2\/pages"}],"about":[{"href":"http:\/\/aldebro.hu\/en\/wp-json\/wp\/v2\/types\/page"}],"author":[{"embeddable":true,"href":"http:\/\/aldebro.hu\/en\/wp-json\/wp\/v2\/users\/1"}],"replies":[{"embeddable":true,"href":"http:\/\/aldebro.hu\/en\/wp-json\/wp\/v2\/comments?post=4802"}],"version-history":[{"count":15,"href":"http:\/\/aldebro.hu\/en\/wp-json\/wp\/v2\/pages\/4802\/revisions"}],"predecessor-version":[{"id":5725,"href":"http:\/\/aldebro.hu\/en\/wp-json\/wp\/v2\/pages\/4802\/revisions\/5725"}],"wp:attachment":[{"href":"http:\/\/aldebro.hu\/en\/wp-json\/wp\/v2\/media?parent=4802"}],"curies":[{"name":"wp","href":"https:\/\/api.w.org\/{rel}","templated":true}]}}