{"id":5021,"date":"2019-08-27T08:01:37","date_gmt":"2019-08-27T07:01:37","guid":{"rendered":"http:\/\/aldebro.hu\/?page_id=5021"},"modified":"2020-10-09T08:12:00","modified_gmt":"2020-10-09T07:12:00","slug":"helyi-termeloi-piac-kialakitasa-aldebron","status":"publish","type":"page","link":"http:\/\/aldebro.hu\/en\/helyi-termeloi-piac-kialakitasa-aldebron\/","title":{"rendered":"&#8220;Helyi termel\u0151i piac kialak\u00edt\u00e1sa Aldebr\u0151n&#8221;"},"content":{"rendered":"\n<p>&#8220;Helyi termel\u0151i piac kialak\u00edt\u00e1sa Aldebr\u0151n&#8221;<\/p>\n\n\n\n<p>\u00c9p\u00edt\u00e9si (v\u00e1llalkoz\u00e1si) szerz\u0151d\u00e9s<\/p>\n\n\n\n<p class=\"has-vivid-cyan-blue-color has-text-color\">A teljes dokumentum PDF form\u00e1tumban <strong><a href=\"http:\/\/aldebro.hu\/wp-content\/uploads\/2019\/08\/\u00e9p\u00edt\u00e9si-szerz\u0151d\u00e9s.pdf\"><em>itt<\/em><\/a><\/strong> olvashat\u00f3<\/p>\n\n\n\n<p class=\"has-very-dark-gray-color has-text-color\">K\u00f6zbeszerz\u00e9si Adatb\u00e1zis<br>\u00d6sszegez\u00e9s az aj\u00e1nlatok elb\u00edr\u00e1l\u00e1sr\u00f3l<\/p>\n\n\n\n<p class=\"has-vivid-cyan-blue-color has-text-color\"><br>A teljes dokumentum PDF form\u00e1tumban <strong><a href=\"http:\/\/aldebro.hu\/wp-content\/uploads\/2019\/08\/16Aldebr\u0151-VP6-piac-\u00e9p\u00edt\u00e9s-2019-\u00f6sszegez\u00e9s.pdf\"><em>itt<\/em><\/a><\/strong><a href=\"http:\/\/aldebro.hu\/wp-content\/uploads\/2019\/08\/16Aldebr\u0151-VP6-piac-\u00e9p\u00edt\u00e9s-2019-\u00f6sszegez\u00e9s.pdf\"> <\/a>olvashat\u00f3.<\/p>\n\n\n\n<p><strong>Helyi termel\u0151i piac kialak\u00edt\u00e1sa Aldebr\u0151n VP6-7.2.1-7.4.1.3-17<\/strong><br><strong>Projekt azonos\u00edt\u00f3 sz\u00e1ma: 1860162697<\/strong><br><strong>T\u00e1mogat\u00e1si \u00f6sszeg: &nbsp;&nbsp;&nbsp;&nbsp;&nbsp;&nbsp;&nbsp;&nbsp;&nbsp;&nbsp; 49 363 732 Ft&nbsp;<\/strong><\/p>\n\n\n\n<p>Aldebr\u0151 k\u00f6zs\u00e9g \u00d6nkorm\u00e1nyzata a helyi gazdas\u00e1g, helyi term\u00e9kkereskedelem, \u00e9s turizmus fejleszt\u00e9se c\u00e9lj\u00e1b\u00f3l egy termel\u0151i piac l\u00e9trehoz\u00e1s\u00e1t tervezi. A piac lehet\u0151s\u00e9get biztos\u00edt a helyi \u00e9s k\u00f6rnyez\u0151 telep\u00fcl\u00e9seken \u00e9l\u0151k sz\u00e1m\u00e1ra az \u00e1ltaluk el\u0151\u00e1ll\u00edtott term\u00e9kek \u00e9s term\u00e9nyek \u00e9rt\u00e9kes\u00edt\u00e9s\u00e9re a k\u00f6zs\u00e9g k\u00f6zpontj\u00e1ban, akad\u00e1lymentes k\u00f6rnyezetben, egy db csarnok kialak\u00edt\u00e1s\u00e1val, \u00e1rus\u00edt\u00f3 b\u00f3d\u00e9kkal, s\u00e1trakkal. 4 db \u00e1rus\u00edt\u00f3 b\u00f3d\u00e9 \u00e9s 8 db s\u00e1torhely lesz kialak\u00edtva, k\u00e9t db s\u00e1tor tartal\u00e9k, parkol\u00f3val kialak\u00edtott helyi termel\u0151i piacon. A ter\u00fcleten megl\u00e9v\u0151 \u00e9p\u00fclet egy r\u00e9sz\u00e9nek funkcion\u00e1lis fel\u00faj\u00edt\u00e1s\u00e1val biztos\u00edtjuk az \u00e9lelmiszer biztons\u00e1gi k\u00f6r\u00fclm\u00e9nyek megteremt\u00e9s\u00e9t, a kultur\u00e1lt kiszolg\u00e1l\u00f3 \u00e9s szoci\u00e1lis helyis\u00e9gek megl\u00e9t\u00e9t. A piacon kialak\u00edt\u00e1sra ker\u00fclnek a szelekt\u00edv hullad\u00e9kgy\u0171jt\u00e9st biztos\u00edt\u00f3 t\u00e1rol\u00f3k 1100 literes ed\u00e9nyek m\u0171anyag, pap\u00edr \u00e9s \u00fcveg hullad\u00e9k szelekt\u00edv gy\u0171jt\u00e9s\u00e9re. Napelemes rendszer, valamint t\u00e9rfigyel\u0151 rendszer ki\u00e9p\u00edt\u00e9se t\u00f6rt\u00e9nik meg. <\/p>\n\n\n\n<p>A szolg\u00e1ltat\u00e1shoz kapcsol\u00f3d\u00f3an egy db 150 kg m\u00e9r\u00e9shat\u00e1r\u00fa, hiteles\u00edtett platform m\u00e9rleg, valamint egy db h\u00e1romkijelz\u0151s, darabsz\u00e1ml\u00e1l\u00f3s, 300 kg m\u00e9r\u00e9shat\u00e1r\u00fa platform m\u00e9rleg, valamint raklapemel\u0151 \u00e9s 10 db s\u00e1tor ker\u00fcl beszerz\u00e9sre, valamint padok, kandel\u00e1berek ker\u00fclnek kihelyez\u00e9sre.<\/p>\n\n\n\n<p>A termel\u0151i piacon \u00e9rt\u00e9kes\u00edtett\n\u00e9lelmiszer kateg\u00f3ri\u00e1ba sorolhat\u00f3 term\u00e9kek \u00e9s term\u00e9nyek mellett biztos\u00edtjuk a\nhelyi \u00e9s k\u00f6rny\u00e9kbeli lakosok sz\u00e1m\u00e1ra a k\u00e9zm\u0171ves term\u00e9kek \u00e1rus\u00edt\u00e1si lehet\u0151s\u00e9g\u00e9t\nis.<\/p>\n\n\n\n<p>A piac heti rendszeress\u00e9ggel, h\u00e9tf\u0151t\u0151l \u2013 p\u00e9ntekig \u00e9s ig\u00e9ny szerint szombat &#8212; vas\u00e1rnap tart nyitva. Illetve a nagyobb \u00fcnnepek (h\u00fasv\u00e9t, kar\u00e1csony), helyi rendezv\u00e9nyek alkalm\u00e1val (pl. a telep\u00fcl\u00e9s alap\u00edt\u00e1s\u00e1nak \u00e9vfordul\u00f3ja). A kialak\u00edtott piac ter\u00fclet\u00e9nek tov\u00e1bbi hasznos\u00edthat\u00f3s\u00e1gi szempontja, hogy alkalmas t\u00f6bbf\u00e9le rendezv\u00e9ny szervez\u00e9s\u00e9re is pl. a hagyom\u00e1nyos diszn\u00f3v\u00e1g\u00e1s, decemberben, adventi v\u00e1s\u00e1r; havonta egy nap magyar term\u00e9kek v\u00e1s\u00e1ra valamint havi egy nap r\u00e9gis\u00e9g v\u00e1s\u00e1r; faragott term\u00e9kek v\u00e1s\u00e1ra a helyi egy hetes fafarag\u00f3 t\u00e1borhoz kapcsol\u00f3d\u00f3an.<\/p>\n\n\n\n<p>A piac lehet\u0151s\u00e9get biztos\u00edt a helyi \u00e9s k\u00f6rnyez\u0151\ntelep\u00fcl\u00e9seken \u00e9l\u0151k sz\u00e1m\u00e1ra az \u00e1ltaluk el\u0151\u00e1ll\u00edtott term\u00e9kek \u00e9s term\u00e9nyek\n\u00e9rt\u00e9kes\u00edt\u00e9s\u00e9re a k\u00f6zs\u00e9g k\u00f6zpontj\u00e1ban.<\/p>\n\n\n\n<div class=\"wp-block-image\"><figure class=\"aligncenter is-resized\"><img loading=\"lazy\" decoding=\"async\" src=\"http:\/\/aldebro.hu\/wp-content\/uploads\/2019\/11\/piac-t\u00e1bla-1-1024x722.jpg\" alt=\"\" class=\"wp-image-5274\" width=\"505\" height=\"355\" srcset=\"http:\/\/aldebro.hu\/wp-content\/uploads\/2019\/11\/piac-t\u00e1bla-1.jpg 1024w, http:\/\/aldebro.hu\/wp-content\/uploads\/2019\/11\/piac-t\u00e1bla-1-300x212.jpg 300w, http:\/\/aldebro.hu\/wp-content\/uploads\/2019\/11\/piac-t\u00e1bla-1-768x542.jpg 768w, http:\/\/aldebro.hu\/wp-content\/uploads\/2019\/11\/piac-t\u00e1bla-1-739x521.jpg 739w\" sizes=\"auto, (max-width: 505px) 100vw, 505px\" \/><\/figure><\/div>\n\n\n\n<div class=\"wp-block-image\"><figure class=\"aligncenter size-large is-resized\"><img loading=\"lazy\" decoding=\"async\" src=\"http:\/\/aldebro.hu\/wp-content\/uploads\/2020\/10\/2.jpg\" alt=\"\" class=\"wp-image-5735\" width=\"294\" height=\"376\" srcset=\"http:\/\/aldebro.hu\/wp-content\/uploads\/2020\/10\/2.jpg 768w, http:\/\/aldebro.hu\/wp-content\/uploads\/2020\/10\/2-234x300.jpg 234w, http:\/\/aldebro.hu\/wp-content\/uploads\/2020\/10\/2-739x948.jpg 739w\" sizes=\"auto, (max-width: 294px) 100vw, 294px\" \/><\/figure><\/div>\n\n\n\n<div class=\"wp-block-image\"><figure class=\"aligncenter size-large is-resized\"><img loading=\"lazy\" decoding=\"async\" src=\"http:\/\/aldebro.hu\/wp-content\/uploads\/2020\/10\/3.jpg\" alt=\"\" class=\"wp-image-5736\" width=\"259\" height=\"151\" srcset=\"http:\/\/aldebro.hu\/wp-content\/uploads\/2020\/10\/3.jpg 1024w, http:\/\/aldebro.hu\/wp-content\/uploads\/2020\/10\/3-300x175.jpg 300w, http:\/\/aldebro.hu\/wp-content\/uploads\/2020\/10\/3-768x448.jpg 768w, http:\/\/aldebro.hu\/wp-content\/uploads\/2020\/10\/3-739x431.jpg 739w\" sizes=\"auto, (max-width: 259px) 100vw, 259px\" \/><\/figure><\/div>\n\n\n\n<div class=\"wp-block-image\"><figure class=\"aligncenter size-large is-resized\"><img loading=\"lazy\" decoding=\"async\" src=\"http:\/\/aldebro.hu\/wp-content\/uploads\/2020\/10\/4.jpg\" alt=\"\" class=\"wp-image-5737\" width=\"254\" height=\"142\" srcset=\"http:\/\/aldebro.hu\/wp-content\/uploads\/2020\/10\/4.jpg 1024w, http:\/\/aldebro.hu\/wp-content\/uploads\/2020\/10\/4-300x168.jpg 300w, http:\/\/aldebro.hu\/wp-content\/uploads\/2020\/10\/4-768x431.jpg 768w, http:\/\/aldebro.hu\/wp-content\/uploads\/2020\/10\/4-739x415.jpg 739w\" sizes=\"auto, (max-width: 254px) 100vw, 254px\" \/><\/figure><\/div>\n\n\n\n<div class=\"wp-block-image\"><figure class=\"aligncenter size-large is-resized\"><img loading=\"lazy\" decoding=\"async\" src=\"http:\/\/aldebro.hu\/wp-content\/uploads\/2020\/10\/5.jpg\" alt=\"\" class=\"wp-image-5738\" width=\"258\" height=\"388\" srcset=\"http:\/\/aldebro.hu\/wp-content\/uploads\/2020\/10\/5.jpg 600w, http:\/\/aldebro.hu\/wp-content\/uploads\/2020\/10\/5-200x300.jpg 200w\" sizes=\"auto, (max-width: 258px) 100vw, 258px\" \/><\/figure><\/div>\n\n\n\n<div class=\"wp-block-image\"><figure class=\"aligncenter size-large is-resized\"><img loading=\"lazy\" decoding=\"async\" src=\"http:\/\/aldebro.hu\/wp-content\/uploads\/2020\/10\/6.jpg\" alt=\"\" class=\"wp-image-5739\" width=\"259\" height=\"176\" srcset=\"http:\/\/aldebro.hu\/wp-content\/uploads\/2020\/10\/6.jpg 1024w, http:\/\/aldebro.hu\/wp-content\/uploads\/2020\/10\/6-300x204.jpg 300w, http:\/\/aldebro.hu\/wp-content\/uploads\/2020\/10\/6-768x524.jpg 768w, http:\/\/aldebro.hu\/wp-content\/uploads\/2020\/10\/6-739x504.jpg 739w\" sizes=\"auto, (max-width: 259px) 100vw, 259px\" \/><\/figure><\/div>\n\n\n\n<div class=\"wp-block-image\"><figure class=\"aligncenter size-large is-resized\"><img loading=\"lazy\" decoding=\"async\" src=\"http:\/\/aldebro.hu\/wp-content\/uploads\/2020\/10\/7.jpg\" alt=\"\" class=\"wp-image-5740\" width=\"266\" height=\"318\" srcset=\"http:\/\/aldebro.hu\/wp-content\/uploads\/2020\/10\/7.jpg 768w, http:\/\/aldebro.hu\/wp-content\/uploads\/2020\/10\/7-251x300.jpg 251w, http:\/\/aldebro.hu\/wp-content\/uploads\/2020\/10\/7-739x883.jpg 739w\" sizes=\"auto, (max-width: 266px) 100vw, 266px\" \/><\/figure><\/div>\n\n\n\n<div class=\"wp-block-image\"><figure class=\"aligncenter size-large is-resized\"><img loading=\"lazy\" decoding=\"async\" src=\"http:\/\/aldebro.hu\/wp-content\/uploads\/2020\/10\/13.jpg\" alt=\"\" class=\"wp-image-5742\" width=\"259\" height=\"416\"\/><\/figure><\/div>\n\n\n\n<div class=\"wp-block-image\"><figure class=\"aligncenter size-large is-resized\"><img loading=\"lazy\" decoding=\"async\" src=\"http:\/\/aldebro.hu\/wp-content\/uploads\/2020\/10\/11.jpg\" alt=\"\" class=\"wp-image-5745\" width=\"359\" height=\"209\" srcset=\"http:\/\/aldebro.hu\/wp-content\/uploads\/2020\/10\/11.jpg 1024w, http:\/\/aldebro.hu\/wp-content\/uploads\/2020\/10\/11-300x175.jpg 300w, http:\/\/aldebro.hu\/wp-content\/uploads\/2020\/10\/11-768x449.jpg 768w, http:\/\/aldebro.hu\/wp-content\/uploads\/2020\/10\/11-739x432.jpg 739w\" sizes=\"auto, (max-width: 359px) 100vw, 359px\" \/><\/figure><\/div>\n\n\n\n<div class=\"wp-block-image\"><figure class=\"aligncenter size-large is-resized\"><img loading=\"lazy\" decoding=\"async\" src=\"http:\/\/aldebro.hu\/wp-content\/uploads\/2020\/10\/9.jpg\" alt=\"\" class=\"wp-image-5746\" width=\"362\" height=\"241\" srcset=\"http:\/\/aldebro.hu\/wp-content\/uploads\/2020\/10\/9.jpg 1024w, http:\/\/aldebro.hu\/wp-content\/uploads\/2020\/10\/9-300x200.jpg 300w, http:\/\/aldebro.hu\/wp-content\/uploads\/2020\/10\/9-768x512.jpg 768w, http:\/\/aldebro.hu\/wp-content\/uploads\/2020\/10\/9-739x492.jpg 739w\" sizes=\"auto, (max-width: 362px) 100vw, 362px\" \/><\/figure><\/div>\n\n\n\n<div class=\"wp-block-image\"><figure class=\"aligncenter size-large is-resized\"><img loading=\"lazy\" decoding=\"async\" src=\"http:\/\/aldebro.hu\/wp-content\/uploads\/2020\/10\/10-1024x676.jpg\" alt=\"\" class=\"wp-image-5747\" width=\"366\" height=\"240\"\/><\/figure><\/div>\n\n\n\n<div class=\"wp-block-image\"><figure class=\"aligncenter size-large is-resized\"><img loading=\"lazy\" decoding=\"async\" src=\"http:\/\/aldebro.hu\/wp-content\/uploads\/2020\/10\/IMG_0814.jpg\" alt=\"\" class=\"wp-image-5748\" width=\"333\" height=\"498\" srcset=\"http:\/\/aldebro.hu\/wp-content\/uploads\/2020\/10\/IMG_0814.jpg 683w, http:\/\/aldebro.hu\/wp-content\/uploads\/2020\/10\/IMG_0814-200x300.jpg 200w\" sizes=\"auto, (max-width: 333px) 100vw, 333px\" \/><\/figure><\/div>\n\n\n\n<div class=\"wp-block-image\"><figure class=\"aligncenter size-large is-resized\"><img loading=\"lazy\" decoding=\"async\" src=\"http:\/\/aldebro.hu\/wp-content\/uploads\/2020\/10\/IMG_0850.jpg\" alt=\"\" class=\"wp-image-5749\" width=\"332\" height=\"221\" srcset=\"http:\/\/aldebro.hu\/wp-content\/uploads\/2020\/10\/IMG_0850.jpg 900w, http:\/\/aldebro.hu\/wp-content\/uploads\/2020\/10\/IMG_0850-300x200.jpg 300w, http:\/\/aldebro.hu\/wp-content\/uploads\/2020\/10\/IMG_0850-768x512.jpg 768w, http:\/\/aldebro.hu\/wp-content\/uploads\/2020\/10\/IMG_0850-739x493.jpg 739w\" sizes=\"auto, (max-width: 332px) 100vw, 332px\" \/><\/figure><\/div>\n","protected":false},"excerpt":{"rendered":"<p>&#8220;Helyi termel\u0151i piac kialak\u00edt\u00e1sa Aldebr\u0151n&#8221; \u00c9p\u00edt\u00e9si (v\u00e1llalkoz\u00e1si) szerz\u0151d\u00e9s A teljes dokumentum PDF form\u00e1tumban itt olvashat\u00f3 K\u00f6zbeszerz\u00e9si Adatb\u00e1zis\u00d6sszegez\u00e9s az aj\u00e1nlatok elb\u00edr\u00e1l\u00e1sr\u00f3l&#8230;<\/p>\n","protected":false},"author":1,"featured_media":0,"parent":0,"menu_order":0,"comment_status":"closed","ping_status":"closed","template":"","meta":{"footnotes":""},"class_list":["post-5021","page","type-page","status-publish","hentry"],"_links":{"self":[{"href":"http:\/\/aldebro.hu\/en\/wp-json\/wp\/v2\/pages\/5021","targetHints":{"allow":["GET"]}}],"collection":[{"href":"http:\/\/aldebro.hu\/en\/wp-json\/wp\/v2\/pages"}],"about":[{"href":"http:\/\/aldebro.hu\/en\/wp-json\/wp\/v2\/types\/page"}],"author":[{"embeddable":true,"href":"http:\/\/aldebro.hu\/en\/wp-json\/wp\/v2\/users\/1"}],"replies":[{"embeddable":true,"href":"http:\/\/aldebro.hu\/en\/wp-json\/wp\/v2\/comments?post=5021"}],"version-history":[{"count":10,"href":"http:\/\/aldebro.hu\/en\/wp-json\/wp\/v2\/pages\/5021\/revisions"}],"predecessor-version":[{"id":5758,"href":"http:\/\/aldebro.hu\/en\/wp-json\/wp\/v2\/pages\/5021\/revisions\/5758"}],"wp:attachment":[{"href":"http:\/\/aldebro.hu\/en\/wp-json\/wp\/v2\/media?parent=5021"}],"curies":[{"name":"wp","href":"https:\/\/api.w.org\/{rel}","templated":true}]}}