{"id":5047,"date":"2019-08-29T12:07:20","date_gmt":"2019-08-29T11:07:20","guid":{"rendered":"http:\/\/aldebro.hu\/?page_id=5047"},"modified":"2019-09-10T09:36:45","modified_gmt":"2019-09-10T08:36:45","slug":"hvb-hatarozatok","status":"publish","type":"page","link":"http:\/\/aldebro.hu\/en\/hvb-hatarozatok\/","title":{"rendered":"V\u00e1laszt\u00e1s 2019"},"content":{"rendered":"\n<p><strong>HVB hat\u00e1rozatok<\/strong><\/p>\n\n\n\n<p><a href=\"http:\/\/aldebro.hu\/wp-content\/uploads\/2019\/08\/Wingendorf-J\u00e1nos-HVB-hat.pdf\">Aldebr\u0151 HVB 1\/2019. (VIII.29) hat\u00e1rozata (Wingendorf J\u00e1nos)<\/a><\/p>\n\n\n\n<p> <a href=\"http:\/\/aldebro.hu\/wp-content\/uploads\/2019\/08\/Szab\u00f3-Vilmos-HVB-hat.pdf\">Aldebr\u0151 HVB 2\/2019. (VIII.29) hat\u00e1rozata (Szab\u00f3 Vilmos)<\/a><\/p>\n\n\n\n<p> <a href=\"http:\/\/aldebro.hu\/wp-content\/uploads\/2019\/08\/Hinerv\u00e1dli-Erzs\u00e9bet-HVB-hat.pdf\">Aldebr\u0151 HVB 3\/2019. (VIII.29) hat\u00e1rozata (Hinerv\u00e1dli Erzs\u00e9bet)<\/a><\/p>\n\n\n\n<p><a href=\"http:\/\/aldebro.hu\/wp-content\/uploads\/2019\/08\/Herman-Istv\u00e1n-Ervin-HVB-hat.pdf\"> Aldebr\u0151 HVB 4\/2019. (VIII.29) hat\u00e1rozata (Herman Istv\u00e1n)<\/a><\/p>\n\n\n\n<p> <a href=\"http:\/\/aldebro.hu\/wp-content\/uploads\/2019\/08\/Uzelman-Zolt\u00e1n-HVB-hat.pdf\">Aldebr\u0151 HVB 5\/2019. (VIII.29) hat\u00e1rozata (Uzelman Zolt\u00e1n)<\/a><\/p>\n\n\n\n<p> <a href=\"http:\/\/aldebro.hu\/wp-content\/uploads\/2019\/08\/Macz-P\u00e9ter-HVB.-hat.pdf\">Aldebr\u0151 HVB 6\/2019. (VIII.29) hat\u00e1rozata (Macz P\u00e9ter)<\/a><\/p>\n\n\n\n<p><a href=\"http:\/\/aldebro.hu\/wp-content\/uploads\/2019\/08\/Lefler-L\u00e1szl\u00f3-HVB-hat.pdf\">Aldebr\u0151 HVB 7\/2019. (VIII.29) hat\u00e1rozata (Lefler L\u00e1szl\u00f3)<\/a><\/p>\n\n\n\n<p> <a href=\"http:\/\/aldebro.hu\/wp-content\/uploads\/2019\/08\/Gn\u00e1ndt-\u00c1gota-HVB-hat.pdf\">Aldebr\u0151 HVB 8\/2019. (VIII.29) hat\u00e1rozata (Gn\u00e1ndt \u00c1gota)<\/a><\/p>\n\n\n\n<p><a href=\"http:\/\/aldebro.hu\/wp-content\/uploads\/2019\/08\/Inklovicsn\u00e9-Sneider-Judit-HVB.-hat.pdf\"> Aldebr\u0151 HVB 9\/2019. (VIII.29) hat\u00e1rozata (Inklovicsn\u00e9 Sneider Judit<\/a>)<\/p>\n\n\n\n<p><a href=\"http:\/\/aldebro.hu\/wp-content\/uploads\/2019\/09\/B\u00f3zs\u00e1r-J\u00e1nos-HVB-hat.pdf\">Aldebr\u0151 HVB 10\/2019. (IX.2.) hat\u00e1rozata (B\u00f3zs\u00e1r J\u00e1nos)<\/a><\/p>\n\n\n\n<p><a href=\"http:\/\/aldebro.hu\/wp-content\/uploads\/2019\/09\/Wingendorf-J\u00e1nos-HVBhat.pdf\">Aldebr\u0151 HVB 11\/2019. (IX.2.) hat\u00e1rozata (Wingendorf J\u00e1nos)<\/a><\/p>\n\n\n\n<p><a href=\"http:\/\/aldebro.hu\/wp-content\/uploads\/2019\/09\/Tarn\u00f3cziErikaHVB-hat.pdf\">Aldebr\u0151 HVB 12\/2019. (IX. 2.) hat\u00e1rozata (Tarn\u00f3czi Erika)<\/a><\/p>\n\n\n\n<p> <a href=\"http:\/\/aldebro.hu\/wp-content\/uploads\/2019\/09\/Tarn\u00f3cziErika-HVB-hat.pdf\">Aldebr\u0151 HVB 13\/2019. (IX. 2.) hat\u00e1rozata (Tarn\u00f3czi Erika)<\/a><\/p>\n\n\n\n<p> <a href=\"http:\/\/aldebro.hu\/wp-content\/uploads\/2019\/09\/KekszS\u00e1ndor-HVB-hat.pdf\">Aldebr\u0151 HVB 14\/2019. (IX. 2.) hat\u00e1rozata (Keksz S\u00e1ndor)<\/a><\/p>\n\n\n\n<p> <a href=\"http:\/\/aldebro.hu\/wp-content\/uploads\/2019\/09\/MaczP\u00e9ter-HVB-hat.pdf\">Aldebr\u0151 HVB 15\/2019. (IX. 2.) hat\u00e1rozata (Macz P\u00e9ter)<\/a><\/p>\n\n\n\n<p> A<a href=\"http:\/\/aldebro.hu\/wp-content\/uploads\/2019\/09\/Milib\u00e1kn\u00e9-R\u00e9mik-Zsuzsanna-HVB-hat.pdf\">ldebr\u0151 HVB 16\/2019. (IX. 3.) hat\u00e1rozata (Milib\u00e1kn\u00e9 R\u00e9mik Zsuzsanna)<\/a><\/p>\n\n\n\n<p> <a href=\"http:\/\/aldebro.hu\/wp-content\/uploads\/2019\/09\/Kl\u00e9ri-Erika-HVB-hat.pdf\">Aldebr\u0151 HVB 17\/2019. (IX. 3.) hat\u00e1rozata (Kl\u00e9ri Erika)<\/a><\/p>\n\n\n\n<p> <a href=\"http:\/\/aldebro.hu\/wp-content\/uploads\/2019\/09\/Kl\u00e9ri-ERika-HVB-hat-2.pdf\">Aldebr\u0151 HVB 18\/2019. (IX. 3.) hat\u00e1rozata (Kl\u00e9ri&nbsp;Erika)<\/a><\/p>\n\n\n\n<p> <a href=\"http:\/\/aldebro.hu\/wp-content\/uploads\/2019\/09\/Juh\u00e1sz-J\u00f3zsefn\u00e9-HVB-hat.pdf\">Aldebr\u0151 HVB 19\/2019. (IX. 3.) hat\u00e1rozata (Juh\u00e1sz J\u00f3zsefn\u00e9)<\/a><\/p>\n\n\n\n<p>  <br> <a href=\"http:\/\/aldebro.hu\/wp-content\/uploads\/2019\/09\/Birgenstok-Istv\u00e1n-Ern\u0151-HVB.-hat.-n\u00e9met.pdf\">Aldebr\u0151 HVB 21\/2019. (IX. 9.) hat\u00e1rozata (Birgenstok Istv\u00e1n Ern\u0151) <\/a><\/p>\n\n\n\n<p><a href=\"http:\/\/aldebro.hu\/wp-content\/uploads\/2019\/09\/Birgenstok-Istv\u00e1n-Ern\u0151-HVB.-hat.-kislist\u00e1s.pdf\">Aldebr\u0151 HVB 22\/2019. (IX. 9.) hat\u00e1rozata (Birgenstok Istv\u00e1n Ern\u0151)<\/a><\/p>\n\n\n\n<p><a href=\"http:\/\/aldebro.hu\/wp-content\/uploads\/2019\/09\/F\u0171k\u0151-L\u00e1szl\u00f3-HVB.-hat.pdf\"> Aldebr\u0151 HVB 23\/2019. (IX. 9.) hat\u00e1rozata (F\u00fck\u0151 L\u00e1szl\u00f3)<\/a>  <\/p>\n\n\n\n<p> <a href=\"http:\/\/aldebro.hu\/wp-content\/uploads\/2019\/09\/B\u00e1nyay-L\u00e1szl\u00f3-HVB.-hat.pdf\">Aldebr\u0151 HVB 24\/2019. (IX. 9.) hat\u00e1rozata (B\u00e1nyay L\u00e1szl\u00f3)  <\/a><\/p>\n\n\n\n<p><a href=\"http:\/\/aldebro.hu\/wp-content\/uploads\/2019\/09\/Feh\u00e9r-Istv\u00e1n-HVB.-hat.-kislist\u00e1s.pdf\"> Aldebr\u0151 HVB 25\/2019. (IX. 9.) hat\u00e1rozata  (Feh\u00e9r Istv\u00e1n)<\/a><\/p>\n\n\n\n<p> <a href=\"http:\/\/aldebro.hu\/wp-content\/uploads\/2019\/09\/Feh\u00e9r-Istv\u00e1n-HVB.-hat.-polg\u00e1rmester.pdf\">Aldebr\u0151 HVB 26\/2019. (IX. 9.) hat\u00e1rozata (Feh\u00e9r Istv\u00e1n) <\/a> <\/p>\n\n\n\n<p><a href=\"http:\/\/aldebro.hu\/wp-content\/uploads\/2019\/09\/Sorsol\u00e1si-hirdetm\u00e9ny-Aldebr\u0151.pdf\">V\u00e1laszt\u00e1si Hirdetm\u00e9ny<\/a><\/p>\n","protected":false},"excerpt":{"rendered":"<p>HVB hat\u00e1rozatok Aldebr\u0151 HVB 1\/2019. (VIII.29) hat\u00e1rozata (Wingendorf J\u00e1nos) Aldebr\u0151 HVB 2\/2019. (VIII.29) hat\u00e1rozata (Szab\u00f3 Vilmos) Aldebr\u0151 HVB 3\/2019. (VIII.29)&#8230;<\/p>\n","protected":false},"author":1,"featured_media":0,"parent":0,"menu_order":0,"comment_status":"closed","ping_status":"closed","template":"","meta":{"footnotes":""},"class_list":["post-5047","page","type-page","status-publish","hentry"],"_links":{"self":[{"href":"http:\/\/aldebro.hu\/en\/wp-json\/wp\/v2\/pages\/5047","targetHints":{"allow":["GET"]}}],"collection":[{"href":"http:\/\/aldebro.hu\/en\/wp-json\/wp\/v2\/pages"}],"about":[{"href":"http:\/\/aldebro.hu\/en\/wp-json\/wp\/v2\/types\/page"}],"author":[{"embeddable":true,"href":"http:\/\/aldebro.hu\/en\/wp-json\/wp\/v2\/users\/1"}],"replies":[{"embeddable":true,"href":"http:\/\/aldebro.hu\/en\/wp-json\/wp\/v2\/comments?post=5047"}],"version-history":[{"count":10,"href":"http:\/\/aldebro.hu\/en\/wp-json\/wp\/v2\/pages\/5047\/revisions"}],"predecessor-version":[{"id":5119,"href":"http:\/\/aldebro.hu\/en\/wp-json\/wp\/v2\/pages\/5047\/revisions\/5119"}],"wp:attachment":[{"href":"http:\/\/aldebro.hu\/en\/wp-json\/wp\/v2\/media?parent=5047"}],"curies":[{"name":"wp","href":"https:\/\/api.w.org\/{rel}","templated":true}]}}