{"id":5161,"date":"2019-10-03T08:15:23","date_gmt":"2019-10-03T07:15:23","guid":{"rendered":"http:\/\/aldebro.hu\/?page_id=5161"},"modified":"2025-07-11T11:15:09","modified_gmt":"2025-07-11T10:15:09","slug":"palyazatok-2","status":"publish","type":"page","link":"http:\/\/aldebro.hu\/en\/palyazatok-2\/","title":{"rendered":"P\u00e1ly\u00e1zatok"},"content":{"rendered":"\n<p><a href=\"https:\/\/www.youtube.com\/watch?v=hZ1gA7XNjNw&amp;t=551s\"><strong><mark style=\"background-color:rgba(0, 0, 0, 0)\" class=\"has-inline-color has-vivid-cyan-blue-color\">Hat\u00e1rtalanul 2024<\/mark><\/strong><\/a><\/p>\n\n\n\n<p><a href=\"https:\/\/youtu.be\/ZIrC6ofTHnU?feature=shared\"><mark style=\"background-color:rgba(0, 0, 0, 0)\" class=\"has-inline-color has-vivid-cyan-blue-color\"><strong>Hat\u00e1rtalanul 2023<\/strong><\/mark><\/a><\/p>\n\n\n\n<p><a href=\"https:\/\/youtu.be\/rKcox5_lVDY\"><mark style=\"background-color:rgba(0, 0, 0, 0)\" class=\"has-inline-color has-vivid-cyan-blue-color\"><strong>Hat\u00e1rtalanul 2022<\/strong><\/mark><\/a><\/p>\n\n\n\n<p><a href=\"http:\/\/aldebro.hu\/hatartalanul-2020\/\"><mark style=\"background-color:rgba(0, 0, 0, 0)\" class=\"has-inline-color has-vivid-cyan-blue-color\"><strong>Hat\u00e1rtalanul 2020<\/strong><\/mark><\/a><\/p>\n\n\n\n<p><a href=\"http:\/\/aldebro.hu\/hatartalanul-2019\/\"><mark style=\"background-color:rgba(0, 0, 0, 0)\" class=\"has-inline-color has-vivid-cyan-blue-color\"><strong>Hat\u00e1rtalanul 2019<\/strong><\/mark><\/a><\/p>\n","protected":false},"excerpt":{"rendered":"<p>Hat\u00e1rtalanul 2024 Hat\u00e1rtalanul 2023 Hat\u00e1rtalanul 2022 Hat\u00e1rtalanul 2020 Hat\u00e1rtalanul 2019<\/p>\n","protected":false},"author":1,"featured_media":0,"parent":0,"menu_order":0,"comment_status":"closed","ping_status":"closed","template":"","meta":{"footnotes":""},"class_list":["post-5161","page","type-page","status-publish","hentry"],"_links":{"self":[{"href":"http:\/\/aldebro.hu\/en\/wp-json\/wp\/v2\/pages\/5161","targetHints":{"allow":["GET"]}}],"collection":[{"href":"http:\/\/aldebro.hu\/en\/wp-json\/wp\/v2\/pages"}],"about":[{"href":"http:\/\/aldebro.hu\/en\/wp-json\/wp\/v2\/types\/page"}],"author":[{"embeddable":true,"href":"http:\/\/aldebro.hu\/en\/wp-json\/wp\/v2\/users\/1"}],"replies":[{"embeddable":true,"href":"http:\/\/aldebro.hu\/en\/wp-json\/wp\/v2\/comments?post=5161"}],"version-history":[{"count":13,"href":"http:\/\/aldebro.hu\/en\/wp-json\/wp\/v2\/pages\/5161\/revisions"}],"predecessor-version":[{"id":8816,"href":"http:\/\/aldebro.hu\/en\/wp-json\/wp\/v2\/pages\/5161\/revisions\/8816"}],"wp:attachment":[{"href":"http:\/\/aldebro.hu\/en\/wp-json\/wp\/v2\/media?parent=5161"}],"curies":[{"name":"wp","href":"https:\/\/api.w.org\/{rel}","templated":true}]}}