{"id":5165,"date":"2019-10-03T09:36:20","date_gmt":"2019-10-03T08:36:20","guid":{"rendered":"http:\/\/aldebro.hu\/?page_id=5165"},"modified":"2022-09-19T12:17:56","modified_gmt":"2022-09-19T11:17:56","slug":"hatartalanul-2019","status":"publish","type":"page","link":"http:\/\/aldebro.hu\/en\/hatartalanul-2019\/","title":{"rendered":"Hat\u00e1rtalanul 2019"},"content":{"rendered":"\n<p><strong>Hat\u00e1rtalanul!<\/strong> &#8211; Rom\u00e1ni\u00e1ban \u00e9s Szerbi\u00e1ban j\u00e1rtunk<\/p>\n\n\n\n<p>Iskol\u00e1nk hetedikes tanul\u00f3inak lehet\u0151s\u00e9ge ny\u00edlt a tan\u00e9v sor\u00e1n a Minisztereln\u00f6ks\u00e9g Nemzetpolitik\u00e1\u00e9rt Felel\u0151s \u00c1llamtitk\u00e1rs\u00e1ga \u00e1ltal ki\u00edrt Hat\u00e1rtalanul! P\u00e1ly\u00e1zat keret\u00e9ben k\u00fclhoni magyars\u00e1ggal kapcsolatos ismereteik b\u0151v\u00edt\u00e9s\u00e9re, magyarlakta ter\u00fcletek megl\u00e1togat\u00e1s\u00e1ra. <\/p>\n\n\n\n<p>Az elnyert\n2.239.430.-Ft t\u00e1mogat\u00e1s felhaszn\u00e1l\u00e1s\u00e1val 2019. szeptember 10-t\u0151l 13-ig a mai Szerbia\n\u00e9s Rom\u00e1nia ter\u00fclet\u00e9n tett\u00fcnk l\u00e1togat\u00e1st, 35 tanul\u00f3val \u00e9s 4 k\u00eds\u00e9r\u0151 pedag\u00f3gussal.<\/p>\n\n\n\n<p>A p\u00e1ly\u00e1zat c\u00edme: A Hunyadiak nyom\u00e1ban a D\u00e9lvid\u00e9ken. <br>A D\u00e9lvid\u00e9k mindig a magyars\u00e1g meghat\u00e1roz\u00f3 helysz\u00edne volt, ahol a v\u00e9gv\u00e1ri vit\u00e9zeinkt\u0151l a szabads\u00e1gh\u0151seinkig sz\u00e1mos t\u00f6rt\u00e9nelemform\u00e1l\u00f3 esem\u00e9ny j\u00e1tsz\u00f3dott le. Itt t\u00f6rtek be a biz\u00e1nci seregek, itt h\u00f3d\u00edtott \u00faj ter\u00fcleteket Szent L\u00e1szl\u00f3, itt rejtett\u00e9k el a Szent Koron\u00e1t 1849-ben, mentette meg Eur\u00f3p\u00e1t Hunyadi. Itt tal\u00e1ljuk a Zr\u00ednyiek \u00e9s a R\u00e1k\u00f3cziak harc\u00e1nak eml\u00e9keit, ide k\u00f6thet\u0151 az aradi v\u00e9rtan\u00faink fele \u00e9s itt v\u00e1lt tengeri hatalomm\u00e1 a magyars\u00e1g. Az \u0151 \u00fatjukat j\u00e1rtuk be a kir\u00e1ndul\u00e1s sor\u00e1n. <\/p>\n\n\n\n<p>A kir\u00e1ndul\u00e1s el\u0151tti h\u00e9ten Szever\u00e9nyi \u00c9va tan\u00e1rn\u0151 seg\u00edts\u00e9g\u00e9vel el\u0151k\u00e9sz\u00edt\u0151 \u00f3ra keret\u00e9ben felid\u00e9zt\u00fck azokat a t\u00f6rt\u00e9nelmi esem\u00e9nyeket, amelyek a R\u00e1k\u00f3czi eml\u00e9k\u00e9vhez \u00e9s a Hunyadiakhoz kapcsol\u00f3dtak, valamint seg\u00edtett\u00e9k a trianoni esem\u00e9nyek meg\u00e9rt\u00e9s\u00e9t.<\/p>\n\n\n<div class=\"wp-block-image\">\n<figure class=\"aligncenter is-resized\"><img loading=\"lazy\" decoding=\"async\" src=\"http:\/\/aldebro.hu\/wp-content\/uploads\/2019\/10\/1.jpg\" alt=\"\" class=\"wp-image-5166\" width=\"450\" height=\"307\"\/><\/figure>\n<\/div>\n\n<div class=\"wp-block-image\">\n<figure class=\"aligncenter is-resized\"><img loading=\"lazy\" decoding=\"async\" src=\"http:\/\/aldebro.hu\/wp-content\/uploads\/2019\/10\/2.jpg\" alt=\"\" class=\"wp-image-5167\" width=\"450\" height=\"360\"\/><\/figure>\n<\/div>\n\n<div class=\"wp-block-image\">\n<figure class=\"aligncenter is-resized\"><img loading=\"lazy\" decoding=\"async\" src=\"http:\/\/aldebro.hu\/wp-content\/uploads\/2019\/10\/3.jpg\" alt=\"\" class=\"wp-image-5168\" width=\"450\" height=\"359\"\/><\/figure>\n<\/div>\n\n\n<p class=\"has-text-align-center\"><strong>1.nap<\/strong><br><strong>2019. szeptember 10.<\/strong><\/p>\n\n\n\n<p>M\u00e9g s\u00f6t\u00e9tben, kiss\u00e9 \u00e1lmosan, hajnali f\u00e9l hatkor\ngy\u00fclekezt\u00fcnk az iskola el\u0151tt, ahol a csomagok bepakol\u00e1sa ut\u00e1n felsz\u00e1lltunk az\naut\u00f3buszra \u00e9s elindultunk Erd\u00e9ly fel\u00e9.<\/p>\n\n\n\n<p>Hat\u00e1r\u00e1tl\u00e9p\u00e9st k\u00f6vet\u0151en felid\u00e9zt\u00fck a R\u00e1k\u00f3czi szabads\u00e1gharc d\u00e9lvid\u00e9ki esem\u00e9nyeit. Aradon megtekintett\u00fck a Szabads\u00e1g-szobrot, majd a Veszt\u0151helyen elhelyezt\u00fck iskol\u00e1nk koszor\u00faj\u00e1t. <\/p>\n\n\n<div class=\"wp-block-image\">\n<figure class=\"aligncenter is-resized\"><img loading=\"lazy\" decoding=\"async\" src=\"http:\/\/aldebro.hu\/wp-content\/uploads\/2019\/10\/4.jpg\" alt=\"\" class=\"wp-image-5169\" width=\"450\" height=\"370\"\/><\/figure>\n<\/div>\n\n<div class=\"wp-block-image\">\n<figure class=\"aligncenter is-resized\"><img loading=\"lazy\" decoding=\"async\" src=\"http:\/\/aldebro.hu\/wp-content\/uploads\/2019\/10\/IMG_20190910_144711-1024x767.jpg\" alt=\"\" class=\"wp-image-5170\" width=\"450\" height=\"354\"\/><\/figure>\n<\/div>\n\n\n<p>Temesv\u00e1ron a v\u00e1ros reg\u00e9nyes t\u00f6rt\u00e9nelm\u00e9t kutattuk: D\u00f3zsa Gy\u00f6rgy kiv\u00e9gz\u00e9s\u00e9nek felt\u00e9telezett helysz\u00edn\u00e9t, a reform\u00e1tus templomot, amely el\u0151l kirobbant 1989-ben a rom\u00e1niai forradalom, a Lloyd-sor szecesszi\u00f3s palot\u00e1it, a Hunyadi-v\u00e1rat, Klapka sz\u00fcl\u0151h\u00e1z\u00e1t, a Losonczy teret \u00e9s sz\u00e1mos m\u00e1s eml\u00e9khelyet.<\/p>\n\n\n<div class=\"wp-block-image\">\n<figure class=\"aligncenter is-resized\"><img loading=\"lazy\" decoding=\"async\" src=\"http:\/\/aldebro.hu\/wp-content\/uploads\/2019\/10\/IMG_20190910_170011-1024x767.jpg\" alt=\"\" class=\"wp-image-5171\" width=\"450\" height=\"363\"\/><\/figure>\n<\/div>\n\n<div class=\"wp-block-image\">\n<figure class=\"aligncenter is-resized\"><img loading=\"lazy\" decoding=\"async\" src=\"http:\/\/aldebro.hu\/wp-content\/uploads\/2019\/10\/IMG_20190910_163247-1024x767.jpg\" alt=\"\" class=\"wp-image-5172\" width=\"450\" height=\"364\"\/><\/figure>\n<\/div>\n\n<div class=\"wp-block-image\">\n<figure class=\"aligncenter is-resized\"><img loading=\"lazy\" decoding=\"async\" src=\"http:\/\/aldebro.hu\/wp-content\/uploads\/2019\/10\/IMG_20190910_164545-767x1024.jpg\" alt=\"\" class=\"wp-image-5173\" width=\"350\" height=\"467\" srcset=\"http:\/\/aldebro.hu\/wp-content\/uploads\/2019\/10\/IMG_20190910_164545-767x1024.jpg 767w, http:\/\/aldebro.hu\/wp-content\/uploads\/2019\/10\/IMG_20190910_164545-225x300.jpg 225w, http:\/\/aldebro.hu\/wp-content\/uploads\/2019\/10\/IMG_20190910_164545-768x1025.jpg 768w, http:\/\/aldebro.hu\/wp-content\/uploads\/2019\/10\/IMG_20190910_164545-739x987.jpg 739w\" sizes=\"auto, (max-width: 350px) 100vw, 350px\" \/><\/figure>\n<\/div>\n\n\n<p>K\u00e9s\u0151 este \u00e9rt\u00fcnk boks\u00e1nb\u00e1nyai sz\u00e1ll\u00e1sunkra, ahol a finom vacsora ut\u00e1n elfoglaltuk szob\u00e1inkat.<\/p>\n\n\n\n<p class=\"has-text-align-center\"><strong>2. nap<\/strong><br><strong>2019. szeptember 11.<\/strong><\/p>\n\n\n\n<p>Reggeli ut\u00e1n\nHerkulesf\u00fcrd\u0151re indultunk. A v\u00e1ros meleg viz\u0171 forr\u00e1s\u00e1t m\u00e1r a r\u00f3maiak is\nismert\u00e9k, f\u00fcrd\u0151t \u00e9p\u00edtettek itt. A k\u00e9s\u0151bb feled\u00e9sbe mer\u00fclt f\u00fcrd\u0151 a 19. sz\u00e1zadban\n\u00e9p\u00fclt ki \u00fajra. Ez id\u0151t\u0151l kezdve mind t\u00f6bb\nbeteg l\u00e1togatott ide. Ekkor \u00e9p\u00fcltek eleg\u00e1ns barokk palot\u00e1i.<\/p>\n\n\n\n<p>A Magyarorsz\u00e1g egykori kincses doboz\u00e1nak sz\u00e1m\u00edt\u00f3 Herkulesf\u00fcrd\u0151n gyakori vend\u00e9g volt a cs\u00e1sz\u00e1ri p\u00e1r, Ferenc J\u00f3zsef \u00e9s Erzs\u00e9bet kir\u00e1lyn\u00e9, vagyis Sziszi is. S\u00e9t\u00e1t tett\u00fcnk a m\u00e1ra j\u00f3csk\u00e1n megkopott monarchia-korabeli vill\u00e1k, parkok, zenepavilonok k\u00f6z\u00f6tt a gy\u00f3gyforr\u00e1sokban gazdag Cserna ment\u00e9n. Az ezer\u00e9ves hat\u00e1r hegyeinek koszor\u00faja t\u00f6v\u00e9ben megb\u00fav\u00f3 telep\u00fcl\u00e9sen s\u00e9t\u00e1lva \u00e9rezhetj\u00fck \u00e1t a legjobban, hogy milyen lehetett az \u00e9let e vid\u00e9ken a kiegyez\u00e9s \u00e9s a Trianoni-dikt\u00e1tum k\u00f6z\u00f6tti f\u00e9nyes id\u0151szakban. <\/p>\n\n\n<div class=\"wp-block-image\">\n<figure class=\"aligncenter is-resized\"><img loading=\"lazy\" decoding=\"async\" src=\"http:\/\/aldebro.hu\/wp-content\/uploads\/2019\/10\/IMG_20190911_110917-1-767x1024.jpg\" alt=\"\" class=\"wp-image-5174\" width=\"362\" height=\"479\"\/><\/figure>\n<\/div>\n\n<div class=\"wp-block-image\">\n<figure class=\"aligncenter is-resized\"><img loading=\"lazy\" decoding=\"async\" src=\"http:\/\/aldebro.hu\/wp-content\/uploads\/2019\/10\/IMG_20190911_112757-767x1024.jpg\" alt=\"\" class=\"wp-image-5175\" width=\"362\" height=\"480\"\/><\/figure>\n<\/div>\n\n<div class=\"wp-block-image\">\n<figure class=\"aligncenter is-resized\"><img loading=\"lazy\" decoding=\"async\" src=\"http:\/\/aldebro.hu\/wp-content\/uploads\/2019\/10\/5.jpg\" alt=\"\" class=\"wp-image-5177\" width=\"362\" height=\"502\"\/><\/figure>\n<\/div>\n\n<div class=\"wp-block-image\">\n<figure class=\"aligncenter is-resized\"><img loading=\"lazy\" decoding=\"async\" src=\"http:\/\/aldebro.hu\/wp-content\/uploads\/2019\/10\/IMG_20190911_114626-1-767x1024.jpg\" alt=\"\" class=\"wp-image-5178\" width=\"362\" height=\"500\"\/><\/figure>\n<\/div>\n\n\n<p>Orsova fel\u00e9 haladtunk a hat\u00e1rhoz, ahol Kossuth utols\u00f3 \u00e9jszak\u00e1j\u00e1t t\u00f6lt\u00f6tte magyar f\u00f6ld\u00f6n \u00e9s ahol a Szent Koron\u00e1t is elrejtett\u00e9k az 1848\/49-es szabads\u00e1gharcunk ut\u00e1n. Utunk sor\u00e1n egy kil\u00e1t\u00f3r\u00f3l illetve a buszb\u00f3l megcsod\u00e1ltuk a Sz\u00e9chenyi Istv\u00e1n kezdem\u00e9nyez\u00e9s\u00e9re szab\u00e1lyozott Kis- \u00e9s Nagy-kaz\u00e1n szorosok dr\u00e1mai sz\u00e9ps\u00e9g\u00e9t k\u00f6z\u00fatr\u00f3l, majd egy kil\u00e1t\u00f3r\u00f3l tekintett\u00fck meg a fens\u00e9ges l\u00e1tk\u00e9pet.<\/p>\n\n\n<div class=\"wp-block-image\">\n<figure class=\"aligncenter is-resized\"><img loading=\"lazy\" decoding=\"async\" src=\"http:\/\/aldebro.hu\/wp-content\/uploads\/2019\/10\/IMG_20190911_135759-1024x767.jpg\" alt=\"\" class=\"wp-image-5179\" width=\"470\" height=\"350\"\/><\/figure>\n<\/div>\n\n<div class=\"wp-block-image\">\n<figure class=\"aligncenter is-resized\"><img loading=\"lazy\" decoding=\"async\" src=\"http:\/\/aldebro.hu\/wp-content\/uploads\/2019\/10\/6.jpg\" alt=\"\" class=\"wp-image-5180\" width=\"470\" height=\"351\" srcset=\"http:\/\/aldebro.hu\/wp-content\/uploads\/2019\/10\/6.jpg 704w, http:\/\/aldebro.hu\/wp-content\/uploads\/2019\/10\/6-300x225.jpg 300w\" sizes=\"auto, (max-width: 470px) 100vw, 470px\" \/><\/figure>\n<\/div>\n\n\n<p>Bet\u00e9r\u00fcnk Galamb\u00f3c fel\u00faj\u00edtott v\u00e1r\u00e1ba, amelyet cselsz\u00f6v\u00e9s miatt Zsigmond kir\u00e1ly is ostromolt. Az \u00fajonnan fel\u00faj\u00edtott v\u00e1r l\u00e1togat\u00f3k\u00f6zpontj\u00e1nak hatalmas \u00fcvegfalain kereszt\u00fcl a 6 kilom\u00e9ter sz\u00e9lesen h\u00f6mp\u00f6lyg\u0151 Duna b\u00e1mulatos l\u00e1tv\u00e1nya t\u00e1rult el\u00e9nk. <\/p>\n\n\n<div class=\"wp-block-image\">\n<figure class=\"aligncenter is-resized\"><img loading=\"lazy\" decoding=\"async\" src=\"http:\/\/aldebro.hu\/wp-content\/uploads\/2019\/10\/IMG_20190911_164227-1024x767.jpg\" alt=\"\" class=\"wp-image-5181\" width=\"470\" height=\"343\"\/><\/figure>\n<\/div>\n\n<div class=\"wp-block-image\">\n<figure class=\"aligncenter is-resized\"><img loading=\"lazy\" decoding=\"async\" src=\"http:\/\/aldebro.hu\/wp-content\/uploads\/2019\/10\/IMG_20190911_162413-1024x767.jpg\" alt=\"\" class=\"wp-image-5182\" width=\"470\" height=\"360\"\/><\/figure>\n<\/div>\n\n<div class=\"wp-block-image\">\n<figure class=\"aligncenter is-resized\"><img loading=\"lazy\" decoding=\"async\" src=\"http:\/\/aldebro.hu\/wp-content\/uploads\/2019\/10\/IMG_20190911_162317-1024x767.jpg\" alt=\"\" class=\"wp-image-5183\" width=\"470\" height=\"364\"\/><\/figure>\n<\/div>\n\n\n<p>Este meg\u00e9rkezt\u00fcnk a szerbiai Sz\u00e9kelykev\u00e9re, ahol a Dani csal\u00e1d sz\u00e1ll\u00e1shely\u00e9n k\u00e9t \u00e9jszak\u00e1t t\u00f6lt\u00f6tt\u00fcnk el. H\u00e1zigazd\u00e1nkt\u00f3l megtudtuk, hogy unokatestv\u00e9re az a Dani Zolt\u00e1n, sz\u00e9kely sz\u00e1rmaz\u00e1s\u00fa nyugalmazott ezredes, aki 1999-ben lel\u0151tt egy amerikai gy\u00e1rtm\u00e1ny\u00fa lopakod\u00f3 rep\u00fcl\u0151g\u00e9pet. Az \u0151 tal\u00e1lm\u00e1nya tette alkalmass\u00e1 a l\u00e9gv\u00e9delmi egys\u00e9g\u00fcket egy lopakod\u00f3 c\u00e9lpont befog\u00e1s\u00e1ra. B\u00fcszk\u00e9n mutatt\u00e1k a vend\u00e9gl\u0151ben a r\u00f3la k\u00e9sz\u00fclt film angol nyelv\u0171 plak\u00e1tj\u00e1t. Ezut\u00e1n vet\u00e9lked\u0151t szervezt\u00fcnk a R\u00e1k\u00f3czi-eml\u00e9k\u00e9v kapcs\u00e1n.<\/p>\n\n\n\n<p class=\"has-text-align-center\"><strong>3.nap<\/strong><br><strong>2019. szeptember 12.<\/strong><\/p>\n\n\n\n<p>Kor\u00e1n reggel ism\u00e9t \u00fatnak indultunk. El\u0151sz\u00f6r Szendr\u0151 v\u00e1r\u00e1ban j\u00e1runk, ahol Hunyadi J\u00e1nost tartott\u00e1k fogva, majd 1454-ben \u0151 mentette fel a t\u00f6r\u00f6k ostrom al\u00f3l. \u00e9s ahol Kinizsi meghalt.A m\u00e1sodik vil\u00e1gh\u00e1bor\u00faban a v\u00e1ros n\u00e9met megsz\u00e1ll\u00e1s al\u00e1 ker\u00fclt, a v\u00e1rban l\u0151szerrakt\u00e1rat rendeztek be. 1941. j\u00fanius 5-\u00e9n egy nagy erej\u0171 l\u0151szerrobban\u00e1s lerombolta az er\u0151d egy r\u00e9sz\u00e9t.<\/p>\n\n\n<div class=\"wp-block-image\">\n<figure class=\"aligncenter is-resized\"><img loading=\"lazy\" decoding=\"async\" src=\"http:\/\/aldebro.hu\/wp-content\/uploads\/2019\/10\/IMG_20190912_090010-1024x767.jpg\" alt=\"\" class=\"wp-image-5184\" width=\"470\" height=\"363\"\/><\/figure>\n<\/div>\n\n\n<p>Ezut\u00e1n N\u00e1ndorfeh\u00e9rv\u00e1rra l\u00e1togattunk, megismert\u00fck a szerb f\u0151v\u00e1rost. A v\u00e1rban n\u00e9ma f\u0151hajt\u00e1ssal tisztelegt\u00fcnk a N\u00e1ndorfeh\u00e9rv\u00e1ri diadal eml\u00e9khely\u00e9n, ahol elhelyezt\u00fck iskol\u00e1nk koszor\u00faj\u00e1t. <\/p>\n\n\n<div class=\"wp-block-image\">\n<figure class=\"aligncenter is-resized\"><img loading=\"lazy\" decoding=\"async\" src=\"http:\/\/aldebro.hu\/wp-content\/uploads\/2019\/10\/IMG_20190912_133741-1024x767.jpg\" alt=\"\" class=\"wp-image-5185\" width=\"470\" height=\"367\"\/><\/figure>\n<\/div>\n\n\n<p>Zimonyban megcsod\u00e1ltuk a Hunyadi eml\u00e9ktornyot, amely a magyar Millennium eml\u00e9k\u00e9re \u00e9p\u00fclt. Innen letekintett\u00fcnk a Duna \u00e9s a Sz\u00e1va torkolat\u00e1ra. Ezut\u00e1n a Szent Sz\u00e1vasz\u00e9kesegyh\u00e1zat \u00e9s annak magyar vonatkoz\u00e1sait ismert\u00fck meg. Hangulatos s\u00e9t\u00e1t tett\u00fcnk a Duna parton.<\/p>\n\n\n<div class=\"wp-block-image\">\n<figure class=\"aligncenter is-resized\"><img loading=\"lazy\" decoding=\"async\" src=\"http:\/\/aldebro.hu\/wp-content\/uploads\/2019\/10\/7.jpg\" alt=\"\" class=\"wp-image-5186\" width=\"470\" height=\"358\"\/><\/figure>\n<\/div>\n\n<div class=\"wp-block-image\">\n<figure class=\"aligncenter is-resized\"><img loading=\"lazy\" decoding=\"async\" src=\"http:\/\/aldebro.hu\/wp-content\/uploads\/2019\/10\/IMG_20190912_165206-767x1024.jpg\" alt=\"\" class=\"wp-image-5187\" width=\"356\" height=\"474\" srcset=\"http:\/\/aldebro.hu\/wp-content\/uploads\/2019\/10\/IMG_20190912_165206-767x1024.jpg 767w, http:\/\/aldebro.hu\/wp-content\/uploads\/2019\/10\/IMG_20190912_165206-225x300.jpg 225w, http:\/\/aldebro.hu\/wp-content\/uploads\/2019\/10\/IMG_20190912_165206-768x1025.jpg 768w, http:\/\/aldebro.hu\/wp-content\/uploads\/2019\/10\/IMG_20190912_165206-739x987.jpg 739w\" sizes=\"auto, (max-width: 356px) 100vw, 356px\" \/><\/figure>\n<\/div>\n\n\n<p class=\"has-text-align-center\"><strong>4. nap<\/strong><br><strong>2019. szeptember 13.<\/strong><br><\/p>\n\n\n\n<p>Miut\u00e1n elk\u00f6sz\u00f6nt\u00fcnk sz\u00e1ll\u00e1sad\u00f3inkt\u00f3l, bepakoltuk a csomagjainkat \u00e9s ism\u00e9t \u00fatnak indultunk. P\u00e9terv\u00e1radra \u00e9rkez\u00fcnk, amely Magyarorsz\u00e1g m\u00e1sodik legnagyobb er\u0151dje volt, ahol Hunyadi is csat\u00e1zott, amely nem esett el a \u201949-es buk\u00e1s ut\u00e1n sem \u00e9s ahol R\u00f3zsa S\u00e1ndor is raboskodott. Bej\u00e1rtuk a v\u00e1r alatt l\u00e9v\u0151 katakomb\u00e1k folyos\u00f3it, 10 m\u00e9terrel a f\u00f6l felsz\u00edne alatt.<\/p>\n\n\n<div class=\"wp-block-image\">\n<figure class=\"aligncenter is-resized\"><img loading=\"lazy\" decoding=\"async\" src=\"http:\/\/aldebro.hu\/wp-content\/uploads\/2019\/10\/IMG_20190913_113436-767x1024.jpg\" alt=\"\" class=\"wp-image-5188\" width=\"358\" height=\"476\"\/><\/figure>\n<\/div>\n\n\n<p> A m\u00e1r nev\u00e9ben is besz\u00e9des Marad\u00e9konv\u00e1rta a csoportunkat a helyben megmaradt magyars\u00e1g. A szer\u00e9ms\u00e9gi sz\u00f3rv\u00e1nymagyars\u00e1g egyik utols\u00f3 d\u00e9lvid\u00e9ki v\u00e9gv\u00e1r\u00e1ban az 1970-es \u00e9vek ut\u00e1n 4 \u00e9ve ind\u00edtott\u00e1k \u00fajra a magyar b\u00f6lcs\u0151d\u00e9t \u00e9s az iskol\u00e1t. Itt Hal\u00e1sz D\u00e1niel, a szint\u00e9n sz\u00f3rv\u00e1nyb\u00f3l, az al-dunai sz\u00e9kely Hertelendifalv\u00e1r\u00f3l sz\u00e1rmaz\u00f3 reform\u00e1tus tiszteletes fogadott benn\u00fcnket \u00e9s mutatott be a di\u00e1koknak.  <\/p>\n\n\n\n<p>Megismerked\u00e9s\u00fcnk ut\u00e1n\nel\u0151adtuk a R\u00e1k\u00f3czi eml\u00e9k\u00e9vhez kapcsol\u00f3d\u00f3 kis m\u0171sorunkat, k\u00f6z\u00f6sen \u00e9nekelt\u00fcnk,\nmajd a k\u00f6vetkez\u0151 Wass Albert id\u00e9zettel b\u00facs\u00faztunk vend\u00e9gl\u00e1t\u00f3inkt\u00f3l:<\/p>\n\n\n\n<p>&#8220;N\u00e9zd ezt a f\u00e1t. L\u00e1tod a sok\nfalevelet rajta? Mindegyiknek, m\u00e9g a legkisebbiknek is van m\u00e9lyen lent a\nf\u00f6ldben egy kis hajsz\u00e1lgy\u00f6kerecsk\u00e9je, mely \u00e9lettel l\u00e1tja el. \u0150sszel lehull a\nlev\u00e9l, igaz. Minden \u0151sszel lehull. De annak a kis hajsz\u00e1lgy\u00f6kerecsk\u00e9nek a\nj\u00f3volt\u00e1b\u00f3l visszat\u00e9r \u00fajra minden tavasszal. Ha azonban a gy\u00f6k\u00e9rsz\u00e1l pusztul el\nott a f\u00f6ld alatt, a levelecske nem t\u00e9r vissza t\u00f6bb\u00e9, s id\u0151 m\u00falt\u00e1val elpusztul a\nfa is. Mert a gy\u00f6k\u00e9rben van az \u00e9let, \u00e9rted? Aki pedig elmegy, nem viheti\nmag\u00e1val a gy\u00f6kereket. S akinek nincs gy\u00f6kere, az elv\u00e9sz. Sok magyar veszett el\n\u00edgy, nagyon sok. Gondolj a gy\u00f6k\u00e9rre!&#8221;<\/p>\n\n\n\n<p>Az Erd\u00e9lyben \u00e9s a Vajdas\u00e1gban,\nSzer\u00e9ms\u00e9gben tett kir\u00e1ndul\u00e1s \u00e9letre sz\u00f3l\u00f3 \u00e9lm\u00e9nnyel gazdag\u00edtott benn\u00fcnket,\ngyermekeket, k\u00eds\u00e9r\u0151tan\u00e1rokat egyar\u00e1nt. Gy\u00f6ny\u00f6r\u0171 term\u00e9szeti \u00e9s t\u00f6rt\u00e9nelmi\neml\u00e9ket l\u00e1ttunk, rengeteg \u00faj ismeretet kaptunk, betekinthett\u00fcnk mindk\u00e9t\norsz\u00e1gban a k\u00fclhoni magyars\u00e1g mindennapjaiba, lehet\u0151s\u00e9g ny\u00edlt a vel\u00fck val\u00f3\nszem\u00e9lyes besz\u00e9lget\u00e9sre is. <\/p>\n\n\n\n<p>\u00c9lm\u00e9nyeink er\u0151s\u00edtik benn\u00fcnk a nemzeti \u00f6sszetartoz\u00e1s \u00e9rz\u00e9s\u00e9t. K\u00f6sz\u00f6nj\u00fck, hogy az Emberi Er\u0151forr\u00e1sok Miniszt\u00e9riuma t\u00e1mogat\u00e1s\u00e1val n\u00e9gynapos \u201eA Hunyadiak nyom\u00e1ban a D\u00e9lvid\u00e9ken\u201d c\u00edm\u0171 oszt\u00e1lykir\u00e1ndul\u00e1sunk megval\u00f3sulhatott.<\/p>\n\n\n<div class=\"wp-block-image\">\n<figure class=\"aligncenter is-resized\"><img loading=\"lazy\" decoding=\"async\" src=\"http:\/\/aldebro.hu\/wp-content\/uploads\/2019\/10\/IMG_20190913_134423-1024x767.jpg\" alt=\"\" class=\"wp-image-5189\" width=\"480\" height=\"369\"\/><\/figure>\n<\/div>\n\n\n<p class=\"has-text-align-center has-vivid-cyan-blue-color has-text-color\"><a href=\"https:\/\/l.facebook.com\/l.php?u=https%3A%2F%2Fdrive.google.com%2Ffile%2Fd%2F1Nw3JI9xH8zz8TJUtwKSy-nTXV6J8rZzv%2Fview%3Fusp%3Dsharing%26fbclid%3DIwAR0KV_f0hm1Wr0RZsUUtwCmIP0onkngOCBCB3-6PqzJBJbabXd7jyXNiAfk&amp;h=AT3MVq_UtYOQ4KYO-F8y-G3rwdB1IC0FpoTgYfgfCyBcbAEqZeIFyZLhImY9fNoLct5unGyZKv9C6fnBNIlmOpeq0VfzgZDxcxCBMqkw2v2rQd90pftAfL24Mog0L2pSvIU7Ng\"> Rendhagy\u00f3 \u00e9rt\u00e9kel\u0151 \u00f3ra a Nemzeti \u00d6sszetartoz\u00e1s Napj\u00e1n (video) <\/a><\/p>\n\n\n<div class=\"wp-block-image\">\n<figure class=\"aligncenter size-large is-resized\"><img loading=\"lazy\" decoding=\"async\" src=\"http:\/\/aldebro.hu\/wp-content\/uploads\/2022\/09\/Hatartalanul-2019_page-0001-1024x724.jpg\" alt=\"\" class=\"wp-image-6846\" width=\"728\" height=\"514\" srcset=\"http:\/\/aldebro.hu\/wp-content\/uploads\/2022\/09\/Hatartalanul-2019_page-0001-1024x724.jpg 1024w, http:\/\/aldebro.hu\/wp-content\/uploads\/2022\/09\/Hatartalanul-2019_page-0001-300x212.jpg 300w, http:\/\/aldebro.hu\/wp-content\/uploads\/2022\/09\/Hatartalanul-2019_page-0001-768x543.jpg 768w, http:\/\/aldebro.hu\/wp-content\/uploads\/2022\/09\/Hatartalanul-2019_page-0001-1536x1086.jpg 1536w, http:\/\/aldebro.hu\/wp-content\/uploads\/2022\/09\/Hatartalanul-2019_page-0001-739x523.jpg 739w, http:\/\/aldebro.hu\/wp-content\/uploads\/2022\/09\/Hatartalanul-2019_page-0001.jpg 1755w\" sizes=\"auto, (max-width: 728px) 100vw, 728px\" \/><\/figure>\n<\/div>\n\n\n<p><br><\/p>\n","protected":false},"excerpt":{"rendered":"<p>Hat\u00e1rtalanul! &#8211; Rom\u00e1ni\u00e1ban \u00e9s Szerbi\u00e1ban j\u00e1rtunk Iskol\u00e1nk hetedikes tanul\u00f3inak lehet\u0151s\u00e9ge ny\u00edlt a tan\u00e9v sor\u00e1n a Minisztereln\u00f6ks\u00e9g Nemzetpolitik\u00e1\u00e9rt Felel\u0151s \u00c1llamtitk\u00e1rs\u00e1ga \u00e1ltal&#8230;<\/p>\n","protected":false},"author":1,"featured_media":0,"parent":0,"menu_order":0,"comment_status":"closed","ping_status":"closed","template":"","meta":{"footnotes":""},"class_list":["post-5165","page","type-page","status-publish","hentry"],"_links":{"self":[{"href":"http:\/\/aldebro.hu\/en\/wp-json\/wp\/v2\/pages\/5165","targetHints":{"allow":["GET"]}}],"collection":[{"href":"http:\/\/aldebro.hu\/en\/wp-json\/wp\/v2\/pages"}],"about":[{"href":"http:\/\/aldebro.hu\/en\/wp-json\/wp\/v2\/types\/page"}],"author":[{"embeddable":true,"href":"http:\/\/aldebro.hu\/en\/wp-json\/wp\/v2\/users\/1"}],"replies":[{"embeddable":true,"href":"http:\/\/aldebro.hu\/en\/wp-json\/wp\/v2\/comments?post=5165"}],"version-history":[{"count":7,"href":"http:\/\/aldebro.hu\/en\/wp-json\/wp\/v2\/pages\/5165\/revisions"}],"predecessor-version":[{"id":6848,"href":"http:\/\/aldebro.hu\/en\/wp-json\/wp\/v2\/pages\/5165\/revisions\/6848"}],"wp:attachment":[{"href":"http:\/\/aldebro.hu\/en\/wp-json\/wp\/v2\/media?parent=5165"}],"curies":[{"name":"wp","href":"https:\/\/api.w.org\/{rel}","templated":true}]}}