{"id":5233,"date":"2019-11-06T13:34:15","date_gmt":"2019-11-06T12:34:15","guid":{"rendered":"http:\/\/aldebro.hu\/?page_id=5233"},"modified":"2019-11-19T13:18:36","modified_gmt":"2019-11-19T12:18:36","slug":"kulteruleti-helyi-kozutak-fejlesztese-onkormanyzati-utak-kezelesehez-allapotjavitasahoz-karbantartasahoz-szukseges-ero-es-munkagepek-beszerzese","status":"publish","type":"page","link":"http:\/\/aldebro.hu\/en\/kulteruleti-helyi-kozutak-fejlesztese-onkormanyzati-utak-kezelesehez-allapotjavitasahoz-karbantartasahoz-szukseges-ero-es-munkagepek-beszerzese\/","title":{"rendered":"K\u00fclter\u00fcleti helyi k\u00f6zutak fejleszt\u00e9se, \u00f6nkorm\u00e1nyzati utak kezel\u00e9s\u00e9hez, \u00e1llapotjav\u00edt\u00e1s\u00e1hoz, karbantart\u00e1s\u00e1hoz sz\u00fcks\u00e9ges er\u0151 \u00e9s munkag\u00e9pek beszerz\u00e9se"},"content":{"rendered":"\n<div class=\"wp-block-image\"><figure class=\"aligncenter is-resized\"><img loading=\"lazy\" decoding=\"async\" src=\"http:\/\/aldebro.hu\/wp-content\/uploads\/2019\/11\/honlapra_page-0001-667x1024.jpg\" alt=\"\" class=\"wp-image-5234\" width=\"600\" height=\"921\" srcset=\"http:\/\/aldebro.hu\/wp-content\/uploads\/2019\/11\/honlapra_page-0001-667x1024.jpg 667w, http:\/\/aldebro.hu\/wp-content\/uploads\/2019\/11\/honlapra_page-0001-195x300.jpg 195w, http:\/\/aldebro.hu\/wp-content\/uploads\/2019\/11\/honlapra_page-0001-768x1179.jpg 768w, http:\/\/aldebro.hu\/wp-content\/uploads\/2019\/11\/honlapra_page-0001-739x1134.jpg 739w, http:\/\/aldebro.hu\/wp-content\/uploads\/2019\/11\/honlapra_page-0001.jpg 1053w\" sizes=\"auto, (max-width: 600px) 100vw, 600px\" \/><figcaption><br><\/figcaption><\/figure><\/div>\n\n\n\n<div class=\"wp-block-image\"><figure class=\"aligncenter is-resized\"><img loading=\"lazy\" decoding=\"async\" src=\"http:\/\/aldebro.hu\/wp-content\/uploads\/2019\/11\/t\u00e1bla1-1024x716.jpg\" alt=\"\" class=\"wp-image-5272\" width=\"421\" height=\"294\" srcset=\"http:\/\/aldebro.hu\/wp-content\/uploads\/2019\/11\/t\u00e1bla1.jpg 1024w, http:\/\/aldebro.hu\/wp-content\/uploads\/2019\/11\/t\u00e1bla1-300x210.jpg 300w, http:\/\/aldebro.hu\/wp-content\/uploads\/2019\/11\/t\u00e1bla1-768x537.jpg 768w, http:\/\/aldebro.hu\/wp-content\/uploads\/2019\/11\/t\u00e1bla1-739x517.jpg 739w\" sizes=\"auto, (max-width: 421px) 100vw, 421px\" \/><\/figure><\/div>\n\n\n\n<div class=\"wp-block-image\"><figure class=\"aligncenter is-resized\"><img loading=\"lazy\" decoding=\"async\" src=\"http:\/\/aldebro.hu\/wp-content\/uploads\/2019\/11\/1-1.jpg\" alt=\"\" class=\"wp-image-5246\" width=\"415\" height=\"311\" srcset=\"http:\/\/aldebro.hu\/wp-content\/uploads\/2019\/11\/1-1.jpg 800w, http:\/\/aldebro.hu\/wp-content\/uploads\/2019\/11\/1-1-300x225.jpg 300w, http:\/\/aldebro.hu\/wp-content\/uploads\/2019\/11\/1-1-768x576.jpg 768w, http:\/\/aldebro.hu\/wp-content\/uploads\/2019\/11\/1-1-739x554.jpg 739w\" sizes=\"auto, (max-width: 415px) 100vw, 415px\" \/><\/figure><\/div>\n\n\n\n<div class=\"wp-block-image\"><figure class=\"aligncenter is-resized\"><img loading=\"lazy\" decoding=\"async\" src=\"http:\/\/aldebro.hu\/wp-content\/uploads\/2019\/11\/2-1.jpg\" alt=\"\" class=\"wp-image-5247\" width=\"413\" height=\"308\"\/><\/figure><\/div>\n\n\n\n<div class=\"wp-block-image\"><figure class=\"aligncenter is-resized\"><img loading=\"lazy\" decoding=\"async\" src=\"http:\/\/aldebro.hu\/wp-content\/uploads\/2019\/11\/4-1.jpg\" alt=\"\" class=\"wp-image-5248\" width=\"414\" height=\"298\" srcset=\"http:\/\/aldebro.hu\/wp-content\/uploads\/2019\/11\/4-1.jpg 831w, http:\/\/aldebro.hu\/wp-content\/uploads\/2019\/11\/4-1-300x217.jpg 300w, http:\/\/aldebro.hu\/wp-content\/uploads\/2019\/11\/4-1-768x555.jpg 768w, http:\/\/aldebro.hu\/wp-content\/uploads\/2019\/11\/4-1-739x534.jpg 739w\" sizes=\"auto, (max-width: 414px) 100vw, 414px\" \/><\/figure><\/div>\n\n\n\n<div class=\"wp-block-image\"><figure class=\"aligncenter is-resized\"><img loading=\"lazy\" decoding=\"async\" src=\"http:\/\/aldebro.hu\/wp-content\/uploads\/2019\/11\/5-1.jpg\" alt=\"\" class=\"wp-image-5249\" width=\"418\" height=\"178\" srcset=\"http:\/\/aldebro.hu\/wp-content\/uploads\/2019\/11\/5-1.jpg 800w, http:\/\/aldebro.hu\/wp-content\/uploads\/2019\/11\/5-1-300x128.jpg 300w, http:\/\/aldebro.hu\/wp-content\/uploads\/2019\/11\/5-1-768x327.jpg 768w, http:\/\/aldebro.hu\/wp-content\/uploads\/2019\/11\/5-1-739x315.jpg 739w\" sizes=\"auto, (max-width: 418px) 100vw, 418px\" \/><\/figure><\/div>\n\n\n\n<div class=\"wp-block-image\"><figure class=\"aligncenter is-resized\"><img loading=\"lazy\" decoding=\"async\" src=\"http:\/\/aldebro.hu\/wp-content\/uploads\/2019\/11\/6-1.jpg\" alt=\"\" class=\"wp-image-5250\" width=\"414\" height=\"310\" srcset=\"http:\/\/aldebro.hu\/wp-content\/uploads\/2019\/11\/6-1.jpg 800w, http:\/\/aldebro.hu\/wp-content\/uploads\/2019\/11\/6-1-300x225.jpg 300w, http:\/\/aldebro.hu\/wp-content\/uploads\/2019\/11\/6-1-768x576.jpg 768w, http:\/\/aldebro.hu\/wp-content\/uploads\/2019\/11\/6-1-739x554.jpg 739w\" sizes=\"auto, (max-width: 414px) 100vw, 414px\" \/><\/figure><\/div>\n\n\n\n<div class=\"wp-block-image\"><figure class=\"aligncenter is-resized\"><img loading=\"lazy\" decoding=\"async\" src=\"http:\/\/aldebro.hu\/wp-content\/uploads\/2019\/11\/7.jpg\" alt=\"\" class=\"wp-image-5251\" width=\"415\" height=\"239\" srcset=\"http:\/\/aldebro.hu\/wp-content\/uploads\/2019\/11\/7.jpg 800w, http:\/\/aldebro.hu\/wp-content\/uploads\/2019\/11\/7-300x173.jpg 300w, http:\/\/aldebro.hu\/wp-content\/uploads\/2019\/11\/7-768x444.jpg 768w, http:\/\/aldebro.hu\/wp-content\/uploads\/2019\/11\/7-739x427.jpg 739w\" sizes=\"auto, (max-width: 415px) 100vw, 415px\" \/><\/figure><\/div>\n","protected":false},"excerpt":{"rendered":"","protected":false},"author":1,"featured_media":0,"parent":0,"menu_order":0,"comment_status":"closed","ping_status":"closed","template":"","meta":{"footnotes":""},"class_list":["post-5233","page","type-page","status-publish","hentry"],"_links":{"self":[{"href":"http:\/\/aldebro.hu\/en\/wp-json\/wp\/v2\/pages\/5233","targetHints":{"allow":["GET"]}}],"collection":[{"href":"http:\/\/aldebro.hu\/en\/wp-json\/wp\/v2\/pages"}],"about":[{"href":"http:\/\/aldebro.hu\/en\/wp-json\/wp\/v2\/types\/page"}],"author":[{"embeddable":true,"href":"http:\/\/aldebro.hu\/en\/wp-json\/wp\/v2\/users\/1"}],"replies":[{"embeddable":true,"href":"http:\/\/aldebro.hu\/en\/wp-json\/wp\/v2\/comments?post=5233"}],"version-history":[{"count":3,"href":"http:\/\/aldebro.hu\/en\/wp-json\/wp\/v2\/pages\/5233\/revisions"}],"predecessor-version":[{"id":5273,"href":"http:\/\/aldebro.hu\/en\/wp-json\/wp\/v2\/pages\/5233\/revisions\/5273"}],"wp:attachment":[{"href":"http:\/\/aldebro.hu\/en\/wp-json\/wp\/v2\/media?parent=5233"}],"curies":[{"name":"wp","href":"https:\/\/api.w.org\/{rel}","templated":true}]}}