{"id":5300,"date":"2019-11-22T10:39:12","date_gmt":"2019-11-22T09:39:12","guid":{"rendered":"http:\/\/aldebro.hu\/?page_id=5300"},"modified":"2021-01-07T15:29:17","modified_gmt":"2021-01-07T14:29:17","slug":"magyar-falu-program","status":"publish","type":"page","link":"http:\/\/aldebro.hu\/en\/magyar-falu-program\/","title":{"rendered":"Magyar Falu Program"},"content":{"rendered":"\n<p class=\"has-text-align-center\"><\/p>\n\n\n\n<div class=\"wp-block-image\"><figure class=\"aligncenter is-resized\"><img loading=\"lazy\" decoding=\"async\" src=\"http:\/\/aldebro.hu\/wp-content\/uploads\/2019\/11\/MFP-1024x873.jpg\" alt=\"\" class=\"wp-image-5301\" width=\"362\" height=\"307\"\/><\/figure><\/div>\n\n\n\n<p class=\"has-text-align-left\">MFP-AEE\/2019<br>A kedvezm\u00e9nyezett neve: Aldebr\u0151 K\u00f6zs\u00e9gi \u00d6nkorm\u00e1nyzat  <br>A projekt c\u00edme: Orvosi eszk\u00f6z <br>A projekt azonos\u00edt\u00f3ja: 3007327327<br>T\u00e1mogat\u00e1s \u00f6sszege: 2.903.242 Ft<br>T\u00e1mogat\u00e1s m\u00e9rt\u00e9ke: 100 %<br>T\u00e1mogatott tev\u00e9kenys\u00e9g: Eszk\u00f6zbeszerz\u00e9s kiz\u00e1r\u00f3lag eg\u00e9szs\u00e9g\u00fcgyi   alapell\u00e1t\u00e1shoz k\u00f6t\u0151d\u0151en<\/p>\n\n\n\n<hr class=\"wp-block-separator is-style-wide\"\/>\n\n\n\n<p><a href=\"http:\/\/aldebro.hu\/eszkozfejlesztes-belteruleti-kozterulet-karbantartasara-mfp-kke-2019\/\">MFP-KKE\/2019<br>Eszk\u00f6zfejleszt\u00e9s belter\u00fcleti k\u00f6zter\u00fclet karbantart\u00e1s\u00e1ra <\/a><\/p>\n\n\n\n<hr class=\"wp-block-separator is-style-wide\"\/>\n\n\n\n<p><a href=\"http:\/\/aldebro.hu\/falu-es-tanyagondnoki-szolgalat-tamogatasa-mfp-tfp-2019\/\">MFP-TFB\/2019<br>Falu-\u00e9s  tanyagondnoki szolg\u00e1lat t\u00e1mogat\u00e1sa<\/a><\/p>\n\n\n\n<hr class=\"wp-block-separator is-style-wide\"\/>\n\n\n\n<p><a href=\"http:\/\/aldebro.hu\/onkormanyzati-tulajdonu-utak-felujitasa-mfp-otu-2019\/\">MFP-\u00d6TU\/2019<br>\u00d6nkorm\u00e1nyzati tulajdon\u00fa utak fel\u00faj\u00edt\u00e1sa<\/a><\/p>\n","protected":false},"excerpt":{"rendered":"<p>MFP-AEE\/2019A kedvezm\u00e9nyezett neve: Aldebr\u0151 K\u00f6zs\u00e9gi \u00d6nkorm\u00e1nyzat A projekt c\u00edme: Orvosi eszk\u00f6z A projekt azonos\u00edt\u00f3ja: 3007327327T\u00e1mogat\u00e1s \u00f6sszege: 2.903.242 FtT\u00e1mogat\u00e1s m\u00e9rt\u00e9ke: 100&#8230;<\/p>\n","protected":false},"author":1,"featured_media":0,"parent":0,"menu_order":0,"comment_status":"closed","ping_status":"closed","template":"","meta":{"footnotes":""},"class_list":["post-5300","page","type-page","status-publish","hentry"],"_links":{"self":[{"href":"http:\/\/aldebro.hu\/en\/wp-json\/wp\/v2\/pages\/5300","targetHints":{"allow":["GET"]}}],"collection":[{"href":"http:\/\/aldebro.hu\/en\/wp-json\/wp\/v2\/pages"}],"about":[{"href":"http:\/\/aldebro.hu\/en\/wp-json\/wp\/v2\/types\/page"}],"author":[{"embeddable":true,"href":"http:\/\/aldebro.hu\/en\/wp-json\/wp\/v2\/users\/1"}],"replies":[{"embeddable":true,"href":"http:\/\/aldebro.hu\/en\/wp-json\/wp\/v2\/comments?post=5300"}],"version-history":[{"count":5,"href":"http:\/\/aldebro.hu\/en\/wp-json\/wp\/v2\/pages\/5300\/revisions"}],"predecessor-version":[{"id":5935,"href":"http:\/\/aldebro.hu\/en\/wp-json\/wp\/v2\/pages\/5300\/revisions\/5935"}],"wp:attachment":[{"href":"http:\/\/aldebro.hu\/en\/wp-json\/wp\/v2\/media?parent=5300"}],"curies":[{"name":"wp","href":"https:\/\/api.w.org\/{rel}","templated":true}]}}