{"id":5434,"date":"2020-02-19T15:18:47","date_gmt":"2020-02-19T14:18:47","guid":{"rendered":"http:\/\/aldebro.hu\/?page_id=5434"},"modified":"2020-02-19T15:18:49","modified_gmt":"2020-02-19T14:18:49","slug":"borverseny-2020","status":"publish","type":"page","link":"http:\/\/aldebro.hu\/en\/borverseny-2020\/","title":{"rendered":"Borverseny 2020"},"content":{"rendered":"\n<p> \u00c9szak-Magyarorsz\u00e1gi N\u00e9metek VII. Region\u00e1lis Borverseny\u00e9nek eredm\u00e9nye <\/p>\n\n\n\n<div class=\"wp-block-image\"><figure class=\"aligncenter size-large is-resized\"><img loading=\"lazy\" decoding=\"async\" src=\"http:\/\/aldebro.hu\/wp-content\/uploads\/2020\/02\/Nemet_Regionalis_Borverseny_20200215_melos02_page-0001-1-1008x1024.jpg\" alt=\"\" class=\"wp-image-5435\" width=\"692\" height=\"703\" srcset=\"http:\/\/aldebro.hu\/wp-content\/uploads\/2020\/02\/Nemet_Regionalis_Borverseny_20200215_melos02_page-0001-1-1008x1024.jpg 1008w, http:\/\/aldebro.hu\/wp-content\/uploads\/2020\/02\/Nemet_Regionalis_Borverseny_20200215_melos02_page-0001-1-295x300.jpg 295w, http:\/\/aldebro.hu\/wp-content\/uploads\/2020\/02\/Nemet_Regionalis_Borverseny_20200215_melos02_page-0001-1-768x780.jpg 768w, http:\/\/aldebro.hu\/wp-content\/uploads\/2020\/02\/Nemet_Regionalis_Borverseny_20200215_melos02_page-0001-1-739x751.jpg 739w, http:\/\/aldebro.hu\/wp-content\/uploads\/2020\/02\/Nemet_Regionalis_Borverseny_20200215_melos02_page-0001-1.jpg 1420w\" sizes=\"auto, (max-width: 692px) 100vw, 692px\" \/><\/figure><\/div>\n","protected":false},"excerpt":{"rendered":"<p>\u00c9szak-Magyarorsz\u00e1gi N\u00e9metek VII. Region\u00e1lis Borverseny\u00e9nek eredm\u00e9nye<\/p>\n","protected":false},"author":1,"featured_media":0,"parent":0,"menu_order":0,"comment_status":"closed","ping_status":"closed","template":"","meta":{"footnotes":""},"class_list":["post-5434","page","type-page","status-publish","hentry"],"_links":{"self":[{"href":"http:\/\/aldebro.hu\/en\/wp-json\/wp\/v2\/pages\/5434","targetHints":{"allow":["GET"]}}],"collection":[{"href":"http:\/\/aldebro.hu\/en\/wp-json\/wp\/v2\/pages"}],"about":[{"href":"http:\/\/aldebro.hu\/en\/wp-json\/wp\/v2\/types\/page"}],"author":[{"embeddable":true,"href":"http:\/\/aldebro.hu\/en\/wp-json\/wp\/v2\/users\/1"}],"replies":[{"embeddable":true,"href":"http:\/\/aldebro.hu\/en\/wp-json\/wp\/v2\/comments?post=5434"}],"version-history":[{"count":1,"href":"http:\/\/aldebro.hu\/en\/wp-json\/wp\/v2\/pages\/5434\/revisions"}],"predecessor-version":[{"id":5436,"href":"http:\/\/aldebro.hu\/en\/wp-json\/wp\/v2\/pages\/5434\/revisions\/5436"}],"wp:attachment":[{"href":"http:\/\/aldebro.hu\/en\/wp-json\/wp\/v2\/media?parent=5434"}],"curies":[{"name":"wp","href":"https:\/\/api.w.org\/{rel}","templated":true}]}}