{"id":5451,"date":"2020-02-25T11:05:55","date_gmt":"2020-02-25T10:05:55","guid":{"rendered":"http:\/\/aldebro.hu\/?page_id=5451"},"modified":"2020-02-25T11:05:57","modified_gmt":"2020-02-25T10:05:57","slug":"eszkozfejlesztes-belteruleti-kozterulet-karbantartasara-mfp-kke-2019","status":"publish","type":"page","link":"http:\/\/aldebro.hu\/en\/eszkozfejlesztes-belteruleti-kozterulet-karbantartasara-mfp-kke-2019\/","title":{"rendered":"Eszk\u00f6zfejleszt\u00e9s belter\u00fcleti k\u00f6zter\u00fclet karbantart\u00e1s\u00e1ra, MFP-KKE\/2019"},"content":{"rendered":"\n<div class=\"wp-block-image\"><figure class=\"aligncenter size-large\"><img loading=\"lazy\" decoding=\"async\" width=\"644\" height=\"1024\" src=\"http:\/\/aldebro.hu\/wp-content\/uploads\/2020\/02\/Szakmai-besz\u00e1mol\u00f3-MFP_KKE_page-0001-644x1024.jpg\" alt=\"\" class=\"wp-image-5449\" srcset=\"http:\/\/aldebro.hu\/wp-content\/uploads\/2020\/02\/Szakmai-besz\u00e1mol\u00f3-MFP_KKE_page-0001-644x1024.jpg 644w, http:\/\/aldebro.hu\/wp-content\/uploads\/2020\/02\/Szakmai-besz\u00e1mol\u00f3-MFP_KKE_page-0001-189x300.jpg 189w, http:\/\/aldebro.hu\/wp-content\/uploads\/2020\/02\/Szakmai-besz\u00e1mol\u00f3-MFP_KKE_page-0001-768x1222.jpg 768w, http:\/\/aldebro.hu\/wp-content\/uploads\/2020\/02\/Szakmai-besz\u00e1mol\u00f3-MFP_KKE_page-0001-966x1536.jpg 966w, http:\/\/aldebro.hu\/wp-content\/uploads\/2020\/02\/Szakmai-besz\u00e1mol\u00f3-MFP_KKE_page-0001-739x1176.jpg 739w, http:\/\/aldebro.hu\/wp-content\/uploads\/2020\/02\/Szakmai-besz\u00e1mol\u00f3-MFP_KKE_page-0001.jpg 1068w\" sizes=\"auto, (max-width: 644px) 100vw, 644px\" \/><\/figure><\/div>\n\n\n\n<div class=\"wp-block-image\"><figure class=\"aligncenter size-large is-resized\"><img loading=\"lazy\" decoding=\"async\" src=\"http:\/\/aldebro.hu\/wp-content\/uploads\/2020\/02\/EEK_t\u00e1bla-684x1024.jpg\" alt=\"\" class=\"wp-image-5452\" width=\"430\" height=\"644\" srcset=\"http:\/\/aldebro.hu\/wp-content\/uploads\/2020\/02\/EEK_t\u00e1bla-684x1024.jpg 684w, http:\/\/aldebro.hu\/wp-content\/uploads\/2020\/02\/EEK_t\u00e1bla-200x300.jpg 200w, http:\/\/aldebro.hu\/wp-content\/uploads\/2020\/02\/EEK_t\u00e1bla-768x1151.jpg 768w, http:\/\/aldebro.hu\/wp-content\/uploads\/2020\/02\/EEK_t\u00e1bla-739x1107.jpg 739w, http:\/\/aldebro.hu\/wp-content\/uploads\/2020\/02\/EEK_t\u00e1bla.jpg 801w\" sizes=\"auto, (max-width: 430px) 100vw, 430px\" \/><\/figure><\/div>\n\n\n\n<div class=\"wp-block-image\"><figure class=\"aligncenter size-large is-resized\"><img loading=\"lazy\" decoding=\"async\" src=\"http:\/\/aldebro.hu\/wp-content\/uploads\/2020\/02\/8.jpg\" alt=\"\" class=\"wp-image-5454\" width=\"425\" height=\"312\" srcset=\"http:\/\/aldebro.hu\/wp-content\/uploads\/2020\/02\/8.jpg 1024w, http:\/\/aldebro.hu\/wp-content\/uploads\/2020\/02\/8-300x221.jpg 300w, http:\/\/aldebro.hu\/wp-content\/uploads\/2020\/02\/8-768x565.jpg 768w, http:\/\/aldebro.hu\/wp-content\/uploads\/2020\/02\/8-739x543.jpg 739w\" sizes=\"auto, (max-width: 425px) 100vw, 425px\" \/><\/figure><\/div>\n\n\n\n<div class=\"wp-block-image\"><figure class=\"aligncenter size-large is-resized\"><img loading=\"lazy\" decoding=\"async\" src=\"http:\/\/aldebro.hu\/wp-content\/uploads\/2020\/02\/9.jpg\" alt=\"\" class=\"wp-image-5456\" width=\"420\" height=\"250\" srcset=\"http:\/\/aldebro.hu\/wp-content\/uploads\/2020\/02\/9.jpg 1024w, http:\/\/aldebro.hu\/wp-content\/uploads\/2020\/02\/9-300x179.jpg 300w, http:\/\/aldebro.hu\/wp-content\/uploads\/2020\/02\/9-768x459.jpg 768w, http:\/\/aldebro.hu\/wp-content\/uploads\/2020\/02\/9-739x442.jpg 739w\" sizes=\"auto, (max-width: 420px) 100vw, 420px\" \/><\/figure><\/div>\n\n\n\n<div class=\"wp-block-image\"><figure class=\"aligncenter size-large is-resized\"><img loading=\"lazy\" decoding=\"async\" src=\"http:\/\/aldebro.hu\/wp-content\/uploads\/2020\/02\/1-1-1024x768.jpg\" alt=\"\" class=\"wp-image-5457\" width=\"411\" height=\"308\" srcset=\"http:\/\/aldebro.hu\/wp-content\/uploads\/2020\/02\/1-1-1024x768.jpg 1024w, http:\/\/aldebro.hu\/wp-content\/uploads\/2020\/02\/1-1-300x225.jpg 300w, http:\/\/aldebro.hu\/wp-content\/uploads\/2020\/02\/1-1-768x576.jpg 768w, http:\/\/aldebro.hu\/wp-content\/uploads\/2020\/02\/1-1-739x554.jpg 739w, http:\/\/aldebro.hu\/wp-content\/uploads\/2020\/02\/1-1.jpg 1200w\" sizes=\"auto, (max-width: 411px) 100vw, 411px\" \/><\/figure><\/div>\n\n\n\n<div class=\"wp-block-image\"><figure class=\"aligncenter size-large is-resized\"><img loading=\"lazy\" decoding=\"async\" src=\"http:\/\/aldebro.hu\/wp-content\/uploads\/2020\/02\/2-1024x768.jpg\" alt=\"\" class=\"wp-image-5458\" width=\"392\" height=\"294\" srcset=\"http:\/\/aldebro.hu\/wp-content\/uploads\/2020\/02\/2-1024x768.jpg 1024w, http:\/\/aldebro.hu\/wp-content\/uploads\/2020\/02\/2-300x225.jpg 300w, http:\/\/aldebro.hu\/wp-content\/uploads\/2020\/02\/2-768x576.jpg 768w, http:\/\/aldebro.hu\/wp-content\/uploads\/2020\/02\/2-739x554.jpg 739w, http:\/\/aldebro.hu\/wp-content\/uploads\/2020\/02\/2.jpg 1200w\" sizes=\"auto, (max-width: 392px) 100vw, 392px\" \/><\/figure><\/div>\n\n\n\n<div class=\"wp-block-image\"><figure class=\"aligncenter size-large is-resized\"><img loading=\"lazy\" decoding=\"async\" src=\"http:\/\/aldebro.hu\/wp-content\/uploads\/2020\/02\/3-1024x768.jpg\" alt=\"\" class=\"wp-image-5459\" width=\"390\" height=\"291\" srcset=\"http:\/\/aldebro.hu\/wp-content\/uploads\/2020\/02\/3-300x225.jpg 300w, http:\/\/aldebro.hu\/wp-content\/uploads\/2020\/02\/3-739x554.jpg 739w\" sizes=\"auto, (max-width: 390px) 100vw, 390px\" \/><\/figure><\/div>\n\n\n\n<div class=\"wp-block-image\"><figure class=\"aligncenter size-large is-resized\"><img loading=\"lazy\" decoding=\"async\" src=\"http:\/\/aldebro.hu\/wp-content\/uploads\/2020\/02\/4-1024x768.jpg\" alt=\"\" class=\"wp-image-5460\" width=\"399\" height=\"299\" srcset=\"http:\/\/aldebro.hu\/wp-content\/uploads\/2020\/02\/4-1024x768.jpg 1024w, http:\/\/aldebro.hu\/wp-content\/uploads\/2020\/02\/4-300x225.jpg 300w, http:\/\/aldebro.hu\/wp-content\/uploads\/2020\/02\/4-768x576.jpg 768w, http:\/\/aldebro.hu\/wp-content\/uploads\/2020\/02\/4-739x554.jpg 739w, http:\/\/aldebro.hu\/wp-content\/uploads\/2020\/02\/4.jpg 1200w\" sizes=\"auto, (max-width: 399px) 100vw, 399px\" \/><\/figure><\/div>\n\n\n\n<div class=\"wp-block-image\"><figure class=\"aligncenter size-large is-resized\"><img loading=\"lazy\" decoding=\"async\" src=\"http:\/\/aldebro.hu\/wp-content\/uploads\/2020\/02\/6-1024x768.jpg\" alt=\"\" class=\"wp-image-5461\" width=\"387\" height=\"290\" srcset=\"http:\/\/aldebro.hu\/wp-content\/uploads\/2020\/02\/6-1024x768.jpg 1024w, http:\/\/aldebro.hu\/wp-content\/uploads\/2020\/02\/6-300x225.jpg 300w, http:\/\/aldebro.hu\/wp-content\/uploads\/2020\/02\/6-768x576.jpg 768w, http:\/\/aldebro.hu\/wp-content\/uploads\/2020\/02\/6-739x554.jpg 739w, http:\/\/aldebro.hu\/wp-content\/uploads\/2020\/02\/6.jpg 1200w\" sizes=\"auto, (max-width: 387px) 100vw, 387px\" \/><\/figure><\/div>\n","protected":false},"excerpt":{"rendered":"","protected":false},"author":1,"featured_media":0,"parent":0,"menu_order":0,"comment_status":"closed","ping_status":"closed","template":"","meta":{"footnotes":""},"class_list":["post-5451","page","type-page","status-publish","hentry"],"_links":{"self":[{"href":"http:\/\/aldebro.hu\/en\/wp-json\/wp\/v2\/pages\/5451","targetHints":{"allow":["GET"]}}],"collection":[{"href":"http:\/\/aldebro.hu\/en\/wp-json\/wp\/v2\/pages"}],"about":[{"href":"http:\/\/aldebro.hu\/en\/wp-json\/wp\/v2\/types\/page"}],"author":[{"embeddable":true,"href":"http:\/\/aldebro.hu\/en\/wp-json\/wp\/v2\/users\/1"}],"replies":[{"embeddable":true,"href":"http:\/\/aldebro.hu\/en\/wp-json\/wp\/v2\/comments?post=5451"}],"version-history":[{"count":1,"href":"http:\/\/aldebro.hu\/en\/wp-json\/wp\/v2\/pages\/5451\/revisions"}],"predecessor-version":[{"id":5463,"href":"http:\/\/aldebro.hu\/en\/wp-json\/wp\/v2\/pages\/5451\/revisions\/5463"}],"wp:attachment":[{"href":"http:\/\/aldebro.hu\/en\/wp-json\/wp\/v2\/media?parent=5451"}],"curies":[{"name":"wp","href":"https:\/\/api.w.org\/{rel}","templated":true}]}}