{"id":5493,"date":"2020-03-12T14:27:08","date_gmt":"2020-03-12T13:27:08","guid":{"rendered":"http:\/\/aldebro.hu\/?page_id=5493"},"modified":"2020-03-12T14:32:40","modified_gmt":"2020-03-12T13:32:40","slug":"aldebro-kozseg-onkormanyzatanak-2020-evi-feladat-ules-es-rendezvenyterve","status":"publish","type":"page","link":"http:\/\/aldebro.hu\/en\/aldebro-kozseg-onkormanyzatanak-2020-evi-feladat-ules-es-rendezvenyterve\/","title":{"rendered":"Aldebr\u0151 K\u00f6zs\u00e9g \u00d6nkorm\u00e1nyzat\u00e1nak 2020. \u00e9vi Feladat-, \u00dcl\u00e9s- \u00e9s Rendezv\u00e9nyterve"},"content":{"rendered":"\n<p>Aldebr\u0151 K\u00f6zs\u00e9g \u00d6nkorm\u00e1nyzat\u00e1nak 2020. \u00e9vi Feladat-, \u00dcl\u00e9s- \u00e9s Rendezv\u00e9nyterve<\/p>\n\n\n\n<p><a href=\"http:\/\/aldebro.hu\/wp-content\/uploads\/2020\/03\/Aldebr\u0151-2020-a.pdf\">A dokumentum megtekint\u00e9se PDF form\u00e1tumban.<\/a><\/p>\n","protected":false},"excerpt":{"rendered":"<p>Aldebr\u0151 K\u00f6zs\u00e9g \u00d6nkorm\u00e1nyzat\u00e1nak 2020. \u00e9vi Feladat-, \u00dcl\u00e9s- \u00e9s Rendezv\u00e9nyterve A dokumentum megtekint\u00e9se PDF form\u00e1tumban.<\/p>\n","protected":false},"author":1,"featured_media":0,"parent":0,"menu_order":0,"comment_status":"closed","ping_status":"closed","template":"","meta":{"footnotes":""},"class_list":["post-5493","page","type-page","status-publish","hentry"],"_links":{"self":[{"href":"http:\/\/aldebro.hu\/en\/wp-json\/wp\/v2\/pages\/5493","targetHints":{"allow":["GET"]}}],"collection":[{"href":"http:\/\/aldebro.hu\/en\/wp-json\/wp\/v2\/pages"}],"about":[{"href":"http:\/\/aldebro.hu\/en\/wp-json\/wp\/v2\/types\/page"}],"author":[{"embeddable":true,"href":"http:\/\/aldebro.hu\/en\/wp-json\/wp\/v2\/users\/1"}],"replies":[{"embeddable":true,"href":"http:\/\/aldebro.hu\/en\/wp-json\/wp\/v2\/comments?post=5493"}],"version-history":[{"count":2,"href":"http:\/\/aldebro.hu\/en\/wp-json\/wp\/v2\/pages\/5493\/revisions"}],"predecessor-version":[{"id":5497,"href":"http:\/\/aldebro.hu\/en\/wp-json\/wp\/v2\/pages\/5493\/revisions\/5497"}],"wp:attachment":[{"href":"http:\/\/aldebro.hu\/en\/wp-json\/wp\/v2\/media?parent=5493"}],"curies":[{"name":"wp","href":"https:\/\/api.w.org\/{rel}","templated":true}]}}