{"id":5614,"date":"2020-05-20T12:20:11","date_gmt":"2020-05-20T11:20:11","guid":{"rendered":"http:\/\/aldebro.hu\/?page_id=5614"},"modified":"2020-05-20T12:29:22","modified_gmt":"2020-05-20T11:29:22","slug":"az-utolagos-vizikozmu-csatlakozas-rendjerol-es-a-fizetendo-hozzajarulasrol","status":"publish","type":"page","link":"http:\/\/aldebro.hu\/en\/az-utolagos-vizikozmu-csatlakozas-rendjerol-es-a-fizetendo-hozzajarulasrol\/","title":{"rendered":"Az ut\u00f3lagos v\u00edzik\u00f6zm\u0171 csatlakoz\u00e1s rendj\u00e9r\u0151l \u00e9s a fizetend\u0151 hozz\u00e1j\u00e1rul\u00e1sr\u00f3l"},"content":{"rendered":"\n<p>\u00d6nkorm\u00e1nyzati rendelet az ut\u00f3lagos v\u00edzik\u00f6zm\u0171 csatlakoz\u00e1s rendj\u00e9r\u0151l \u00e9s a fizetend\u0151 hozz\u00e1j\u00e1rul\u00e1sr\u00f3l<\/p>\n\n\n\n<p><a href=\"http:\/\/aldebro.hu\/wp-content\/uploads\/2020\/05\/4-2020.V.20.-Aldebr\u0151-ut\u00f3lagos-r\u00e1csatlakoz\u00e1si-d\u00edjr\u00f3l-rendelet.pdf\">A teljes dokumentum PDF form\u00e1tumban itt olvashat\u00f3.<\/a><\/p>\n","protected":false},"excerpt":{"rendered":"<p>\u00d6nkorm\u00e1nyzati rendelet az ut\u00f3lagos v\u00edzik\u00f6zm\u0171 csatlakoz\u00e1s rendj\u00e9r\u0151l \u00e9s a fizetend\u0151 hozz\u00e1j\u00e1rul\u00e1sr\u00f3l A teljes dokumentum PDF form\u00e1tumban itt olvashat\u00f3.<\/p>\n","protected":false},"author":1,"featured_media":0,"parent":0,"menu_order":0,"comment_status":"closed","ping_status":"closed","template":"","meta":{"footnotes":""},"class_list":["post-5614","page","type-page","status-publish","hentry"],"_links":{"self":[{"href":"http:\/\/aldebro.hu\/en\/wp-json\/wp\/v2\/pages\/5614","targetHints":{"allow":["GET"]}}],"collection":[{"href":"http:\/\/aldebro.hu\/en\/wp-json\/wp\/v2\/pages"}],"about":[{"href":"http:\/\/aldebro.hu\/en\/wp-json\/wp\/v2\/types\/page"}],"author":[{"embeddable":true,"href":"http:\/\/aldebro.hu\/en\/wp-json\/wp\/v2\/users\/1"}],"replies":[{"embeddable":true,"href":"http:\/\/aldebro.hu\/en\/wp-json\/wp\/v2\/comments?post=5614"}],"version-history":[{"count":2,"href":"http:\/\/aldebro.hu\/en\/wp-json\/wp\/v2\/pages\/5614\/revisions"}],"predecessor-version":[{"id":5620,"href":"http:\/\/aldebro.hu\/en\/wp-json\/wp\/v2\/pages\/5614\/revisions\/5620"}],"wp:attachment":[{"href":"http:\/\/aldebro.hu\/en\/wp-json\/wp\/v2\/media?parent=5614"}],"curies":[{"name":"wp","href":"https:\/\/api.w.org\/{rel}","templated":true}]}}