{"id":5726,"date":"2020-10-07T13:18:44","date_gmt":"2020-10-07T12:18:44","guid":{"rendered":"http:\/\/aldebro.hu\/?page_id=5726"},"modified":"2020-11-18T09:45:42","modified_gmt":"2020-11-18T08:45:42","slug":"2020-evi-kepviselotestuleti-ulesek-nyilt-jegyzokonyvei","status":"publish","type":"page","link":"http:\/\/aldebro.hu\/en\/2020-evi-kepviselotestuleti-ulesek-nyilt-jegyzokonyvei\/","title":{"rendered":"2020. \u00e9vi K\u00e9pvisel\u0151test\u00fcleti \u00fcl\u00e9sek ny\u00edlt jegyz\u0151k\u00f6nyvei"},"content":{"rendered":"\n<p><strong>Aldebr\u0151 k\u00f6zs\u00e9g K\u00e9pvisel\u0151test\u00fclet\u00e9nek 2020. \u00e9vben megtartott ny\u00edlt \u00fcl\u00e9sei:<\/strong><\/p>\n\n\n\n<p><a href=\"http:\/\/aldebro.hu\/wp-content\/uploads\/2020\/10\/Aldebro-2020.01.13.-nyilvanos-jkv.pdf\">2020. janu\u00e1r 13.<\/a><\/p>\n\n\n\n<p><a href=\"http:\/\/aldebro.hu\/wp-content\/uploads\/2020\/10\/Aldebro-2020.01.28.-nyilv.jkv_.pdf\">2020. janu\u00e1r 28. <\/a><\/p>\n\n\n\n<p><a href=\"http:\/\/aldebro.hu\/wp-content\/uploads\/2020\/10\/Aldebro-2020.02.11.-nyilv.-jkv.pdf\">2020. febru\u00e1r 11. <\/a><\/p>\n\n\n\n<p><a href=\"http:\/\/aldebro.hu\/wp-content\/uploads\/2020\/10\/Aldebro-2020.03.17.-nyilv.pdf\">2020. m\u00e1rcius 17.<\/a><\/p>\n\n\n\n<p><a href=\"http:\/\/aldebro.hu\/wp-content\/uploads\/2020\/10\/Aldebro-2020.07.20.-nyilv.-jkv.pdf\">2020. j\u00falius 20.<\/a><\/p>\n\n\n\n<p><a href=\"http:\/\/aldebro.hu\/wp-content\/uploads\/2020\/11\/Aldebro-2020.08.14.-nyilv.-jkv.pdf\">2020.augusztus 14.<\/a><\/p>\n\n\n\n<p><a href=\"http:\/\/aldebro.hu\/wp-content\/uploads\/2020\/11\/Egyuttes-ules-2020.09.23.-nyilv.-jkv.pdf\">2020. szeptember 23.<\/a><\/p>\n\n\n\n<p><a href=\"http:\/\/aldebro.hu\/wp-content\/uploads\/2020\/11\/Aldebro-2020.09.29.-nyilv.pdf\">2020. szeptember 29.<\/a><\/p>\n\n\n\n<p><a href=\"http:\/\/aldebro.hu\/wp-content\/uploads\/2020\/11\/Aldebro-2020.10.27.-nyilv.-jkv.pdf\">2020. okt\u00f3ber 27.<\/a><\/p>\n","protected":false},"excerpt":{"rendered":"<p>Aldebr\u0151 k\u00f6zs\u00e9g K\u00e9pvisel\u0151test\u00fclet\u00e9nek 2020. \u00e9vben megtartott ny\u00edlt \u00fcl\u00e9sei: 2020. janu\u00e1r 13. 2020. janu\u00e1r 28. 2020. febru\u00e1r 11. 2020. m\u00e1rcius 17&#8230;.<\/p>\n","protected":false},"author":1,"featured_media":0,"parent":0,"menu_order":0,"comment_status":"closed","ping_status":"closed","template":"","meta":{"footnotes":""},"class_list":["post-5726","page","type-page","status-publish","hentry"],"_links":{"self":[{"href":"http:\/\/aldebro.hu\/en\/wp-json\/wp\/v2\/pages\/5726","targetHints":{"allow":["GET"]}}],"collection":[{"href":"http:\/\/aldebro.hu\/en\/wp-json\/wp\/v2\/pages"}],"about":[{"href":"http:\/\/aldebro.hu\/en\/wp-json\/wp\/v2\/types\/page"}],"author":[{"embeddable":true,"href":"http:\/\/aldebro.hu\/en\/wp-json\/wp\/v2\/users\/1"}],"replies":[{"embeddable":true,"href":"http:\/\/aldebro.hu\/en\/wp-json\/wp\/v2\/comments?post=5726"}],"version-history":[{"count":4,"href":"http:\/\/aldebro.hu\/en\/wp-json\/wp\/v2\/pages\/5726\/revisions"}],"predecessor-version":[{"id":6455,"href":"http:\/\/aldebro.hu\/en\/wp-json\/wp\/v2\/pages\/5726\/revisions\/6455"}],"wp:attachment":[{"href":"http:\/\/aldebro.hu\/en\/wp-json\/wp\/v2\/media?parent=5726"}],"curies":[{"name":"wp","href":"https:\/\/api.w.org\/{rel}","templated":true}]}}