{"id":5817,"date":"2020-11-04T15:42:19","date_gmt":"2020-11-04T14:42:19","guid":{"rendered":"http:\/\/aldebro.hu\/?page_id=5817"},"modified":"2020-11-11T14:58:49","modified_gmt":"2020-11-11T13:58:49","slug":"helyi-termeloi-piac","status":"publish","type":"page","link":"http:\/\/aldebro.hu\/en\/helyi-termeloi-piac\/","title":{"rendered":"Helyi termel\u0151i piac"},"content":{"rendered":"\n<p><a href=\"http:\/\/aldebro.hu\/wp-content\/uploads\/2020\/11\/Termeloi-piacrol-szolo-rendelet.pdf\">Aldebr\u0151 \u00d6nkorm\u00e1nyzat K\u00e9pvisel\u0151-test\u00fclet\u00e9nek 9\/2020.(XI.3.) \u00f6nkorm\u00e1nyzati rendelete a helyi termel\u0151i piacr\u00f3l<\/a><\/p>\n\n\n\n<p><a href=\"http:\/\/aldebro.hu\/wp-content\/uploads\/2020\/11\/Termeloi-piac-uzemeltetesi-szabalyzat.pdf\">\u00dczemeltet\u00e9si Szab\u00e1lyzat<\/a><\/p>\n\n\n\n<p><a href=\"http:\/\/aldebro.hu\/wp-content\/uploads\/2020\/11\/Termeloi-piac-hazirendje.pdf\">H\u00e1zirend<\/a><\/p>\n\n\n\n<p><a href=\"http:\/\/aldebro.hu\/wp-content\/uploads\/2020\/11\/Termeloi-piac-aarusitasi-dijak.pdf\">A piacon t\u00f6rt\u00e9n\u0151 \u00e1rus\u00edt\u00e1s d\u00edjai<\/a><\/p>\n\n\n\n<p><a href=\"http:\/\/aldebro.hu\/wp-content\/uploads\/2020\/11\/Helyi-termeloi-piac-nyilvantartas-ALDEBRO.pdf\">Nyilv\u00e1ntart\u00e1s<\/a><\/p>\n","protected":false},"excerpt":{"rendered":"<p>Aldebr\u0151 \u00d6nkorm\u00e1nyzat K\u00e9pvisel\u0151-test\u00fclet\u00e9nek 9\/2020.(XI.3.) \u00f6nkorm\u00e1nyzati rendelete a helyi termel\u0151i piacr\u00f3l \u00dczemeltet\u00e9si Szab\u00e1lyzat H\u00e1zirend A piacon t\u00f6rt\u00e9n\u0151 \u00e1rus\u00edt\u00e1s d\u00edjai Nyilv\u00e1ntart\u00e1s<\/p>\n","protected":false},"author":1,"featured_media":0,"parent":0,"menu_order":0,"comment_status":"closed","ping_status":"closed","template":"","meta":{"footnotes":""},"class_list":["post-5817","page","type-page","status-publish","hentry"],"_links":{"self":[{"href":"http:\/\/aldebro.hu\/en\/wp-json\/wp\/v2\/pages\/5817","targetHints":{"allow":["GET"]}}],"collection":[{"href":"http:\/\/aldebro.hu\/en\/wp-json\/wp\/v2\/pages"}],"about":[{"href":"http:\/\/aldebro.hu\/en\/wp-json\/wp\/v2\/types\/page"}],"author":[{"embeddable":true,"href":"http:\/\/aldebro.hu\/en\/wp-json\/wp\/v2\/users\/1"}],"replies":[{"embeddable":true,"href":"http:\/\/aldebro.hu\/en\/wp-json\/wp\/v2\/comments?post=5817"}],"version-history":[{"count":3,"href":"http:\/\/aldebro.hu\/en\/wp-json\/wp\/v2\/pages\/5817\/revisions"}],"predecessor-version":[{"id":5861,"href":"http:\/\/aldebro.hu\/en\/wp-json\/wp\/v2\/pages\/5817\/revisions\/5861"}],"wp:attachment":[{"href":"http:\/\/aldebro.hu\/en\/wp-json\/wp\/v2\/media?parent=5817"}],"curies":[{"name":"wp","href":"https:\/\/api.w.org\/{rel}","templated":true}]}}