{"id":5915,"date":"2021-01-07T11:06:50","date_gmt":"2021-01-07T10:06:50","guid":{"rendered":"http:\/\/aldebro.hu\/?page_id=5915"},"modified":"2021-01-07T11:43:24","modified_gmt":"2021-01-07T10:43:24","slug":"falu-es-tanyagondnoki-szolgalat-tamogatasa-mfp-tfp-2019","status":"publish","type":"page","link":"http:\/\/aldebro.hu\/en\/falu-es-tanyagondnoki-szolgalat-tamogatasa-mfp-tfp-2019\/","title":{"rendered":"Falu- \u00e9s tanyagondnoki szolg\u00e1lat t\u00e1mogat\u00e1sa MFP-TFP\/2019"},"content":{"rendered":"\n<div class=\"wp-block-image\"><figure class=\"aligncenter size-large is-resized\"><img loading=\"lazy\" decoding=\"async\" src=\"http:\/\/aldebro.hu\/wp-content\/uploads\/2021\/01\/Szakmai-beszamolo-MFP_TFB_page-0001-938x1024.jpg\" alt=\"\" class=\"wp-image-5916\" width=\"542\" height=\"591\" srcset=\"http:\/\/aldebro.hu\/wp-content\/uploads\/2021\/01\/Szakmai-beszamolo-MFP_TFB_page-0001-938x1024.jpg 938w, http:\/\/aldebro.hu\/wp-content\/uploads\/2021\/01\/Szakmai-beszamolo-MFP_TFB_page-0001-275x300.jpg 275w, http:\/\/aldebro.hu\/wp-content\/uploads\/2021\/01\/Szakmai-beszamolo-MFP_TFB_page-0001-768x839.jpg 768w, http:\/\/aldebro.hu\/wp-content\/uploads\/2021\/01\/Szakmai-beszamolo-MFP_TFB_page-0001-739x807.jpg 739w, http:\/\/aldebro.hu\/wp-content\/uploads\/2021\/01\/Szakmai-beszamolo-MFP_TFB_page-0001.jpg 1109w\" sizes=\"auto, (max-width: 542px) 100vw, 542px\" \/><\/figure><\/div>\n\n\n\n<div class=\"wp-block-image\"><figure class=\"aligncenter size-large is-resized\"><img loading=\"lazy\" decoding=\"async\" src=\"http:\/\/aldebro.hu\/wp-content\/uploads\/2021\/01\/tabla-679x1024.jpg\" alt=\"\" class=\"wp-image-5917\" width=\"340\" height=\"513\" srcset=\"http:\/\/aldebro.hu\/wp-content\/uploads\/2021\/01\/tabla-679x1024.jpg 679w, http:\/\/aldebro.hu\/wp-content\/uploads\/2021\/01\/tabla-199x300.jpg 199w, http:\/\/aldebro.hu\/wp-content\/uploads\/2021\/01\/tabla-768x1158.jpg 768w, http:\/\/aldebro.hu\/wp-content\/uploads\/2021\/01\/tabla-739x1114.jpg 739w, http:\/\/aldebro.hu\/wp-content\/uploads\/2021\/01\/tabla.jpg 849w\" sizes=\"auto, (max-width: 340px) 100vw, 340px\" \/><\/figure><\/div>\n\n\n\n<figure class=\"wp-block-image size-large is-resized\"><img loading=\"lazy\" decoding=\"async\" src=\"http:\/\/aldebro.hu\/wp-content\/uploads\/2021\/01\/tanyabusz2-1024x637.jpg\" alt=\"\" class=\"wp-image-5918\" width=\"578\" height=\"359\" srcset=\"http:\/\/aldebro.hu\/wp-content\/uploads\/2021\/01\/tanyabusz2-1024x637.jpg 1024w, http:\/\/aldebro.hu\/wp-content\/uploads\/2021\/01\/tanyabusz2-300x187.jpg 300w, http:\/\/aldebro.hu\/wp-content\/uploads\/2021\/01\/tanyabusz2-768x478.jpg 768w, http:\/\/aldebro.hu\/wp-content\/uploads\/2021\/01\/tanyabusz2-1536x956.jpg 1536w, http:\/\/aldebro.hu\/wp-content\/uploads\/2021\/01\/tanyabusz2-739x460.jpg 739w, http:\/\/aldebro.hu\/wp-content\/uploads\/2021\/01\/tanyabusz2.jpg 1600w\" sizes=\"auto, (max-width: 578px) 100vw, 578px\" \/><\/figure>\n","protected":false},"excerpt":{"rendered":"","protected":false},"author":1,"featured_media":0,"parent":0,"menu_order":0,"comment_status":"closed","ping_status":"closed","template":"","meta":{"footnotes":""},"class_list":["post-5915","page","type-page","status-publish","hentry"],"_links":{"self":[{"href":"http:\/\/aldebro.hu\/en\/wp-json\/wp\/v2\/pages\/5915","targetHints":{"allow":["GET"]}}],"collection":[{"href":"http:\/\/aldebro.hu\/en\/wp-json\/wp\/v2\/pages"}],"about":[{"href":"http:\/\/aldebro.hu\/en\/wp-json\/wp\/v2\/types\/page"}],"author":[{"embeddable":true,"href":"http:\/\/aldebro.hu\/en\/wp-json\/wp\/v2\/users\/1"}],"replies":[{"embeddable":true,"href":"http:\/\/aldebro.hu\/en\/wp-json\/wp\/v2\/comments?post=5915"}],"version-history":[{"count":2,"href":"http:\/\/aldebro.hu\/en\/wp-json\/wp\/v2\/pages\/5915\/revisions"}],"predecessor-version":[{"id":5923,"href":"http:\/\/aldebro.hu\/en\/wp-json\/wp\/v2\/pages\/5915\/revisions\/5923"}],"wp:attachment":[{"href":"http:\/\/aldebro.hu\/en\/wp-json\/wp\/v2\/media?parent=5915"}],"curies":[{"name":"wp","href":"https:\/\/api.w.org\/{rel}","templated":true}]}}