{"id":5925,"date":"2021-01-07T15:20:17","date_gmt":"2021-01-07T14:20:17","guid":{"rendered":"http:\/\/aldebro.hu\/?page_id=5925"},"modified":"2021-01-07T15:20:19","modified_gmt":"2021-01-07T14:20:19","slug":"onkormanyzati-tulajdonu-utak-felujitasa-mfp-otu-2019","status":"publish","type":"page","link":"http:\/\/aldebro.hu\/en\/onkormanyzati-tulajdonu-utak-felujitasa-mfp-otu-2019\/","title":{"rendered":"\u00d6nkorm\u00e1nyzati tulajdon\u00fa utak fel\u00faj\u00edt\u00e1sa MFP-\u00d6TU\/2019"},"content":{"rendered":"\n<div class=\"wp-block-image\"><figure class=\"aligncenter size-large is-resized\"><img loading=\"lazy\" decoding=\"async\" src=\"http:\/\/aldebro.hu\/wp-content\/uploads\/2021\/01\/Szakmai-beszamolo_MFP-OTU_page-0001-914x1024.jpg\" alt=\"\" class=\"wp-image-5926\" width=\"609\" height=\"682\" srcset=\"http:\/\/aldebro.hu\/wp-content\/uploads\/2021\/01\/Szakmai-beszamolo_MFP-OTU_page-0001-914x1024.jpg 914w, http:\/\/aldebro.hu\/wp-content\/uploads\/2021\/01\/Szakmai-beszamolo_MFP-OTU_page-0001-268x300.jpg 268w, http:\/\/aldebro.hu\/wp-content\/uploads\/2021\/01\/Szakmai-beszamolo_MFP-OTU_page-0001-768x860.jpg 768w, http:\/\/aldebro.hu\/wp-content\/uploads\/2021\/01\/Szakmai-beszamolo_MFP-OTU_page-0001-739x827.jpg 739w, http:\/\/aldebro.hu\/wp-content\/uploads\/2021\/01\/Szakmai-beszamolo_MFP-OTU_page-0001.jpg 1094w\" sizes=\"auto, (max-width: 609px) 100vw, 609px\" \/><\/figure><\/div>\n\n\n\n<div class=\"wp-block-image\"><figure class=\"aligncenter size-large is-resized\"><img loading=\"lazy\" decoding=\"async\" src=\"http:\/\/aldebro.hu\/wp-content\/uploads\/2021\/01\/tabla-1.jpg\" alt=\"\" class=\"wp-image-5927\" width=\"300\" height=\"400\" srcset=\"http:\/\/aldebro.hu\/wp-content\/uploads\/2021\/01\/tabla-1.jpg 600w, http:\/\/aldebro.hu\/wp-content\/uploads\/2021\/01\/tabla-1-225x300.jpg 225w\" sizes=\"auto, (max-width: 300px) 100vw, 300px\" \/><\/figure><\/div>\n\n\n\n<figure class=\"wp-block-image size-large is-resized\"><img loading=\"lazy\" decoding=\"async\" src=\"http:\/\/aldebro.hu\/wp-content\/uploads\/2021\/01\/Var-ut-1024x575.jpg\" alt=\"\" class=\"wp-image-5928\" width=\"448\" height=\"251\" srcset=\"http:\/\/aldebro.hu\/wp-content\/uploads\/2021\/01\/Var-ut-1024x575.jpg 1024w, http:\/\/aldebro.hu\/wp-content\/uploads\/2021\/01\/Var-ut-300x169.jpg 300w, http:\/\/aldebro.hu\/wp-content\/uploads\/2021\/01\/Var-ut-768x431.jpg 768w, http:\/\/aldebro.hu\/wp-content\/uploads\/2021\/01\/Var-ut-739x415.jpg 739w, http:\/\/aldebro.hu\/wp-content\/uploads\/2021\/01\/Var-ut.jpg 1200w\" sizes=\"auto, (max-width: 448px) 100vw, 448px\" \/><\/figure>\n\n\n\n<figure class=\"wp-block-image size-large is-resized\"><img loading=\"lazy\" decoding=\"async\" src=\"http:\/\/aldebro.hu\/wp-content\/uploads\/2021\/01\/Tompa-ut-1024x575.jpg\" alt=\"\" class=\"wp-image-5929\" width=\"440\" height=\"246\" srcset=\"http:\/\/aldebro.hu\/wp-content\/uploads\/2021\/01\/Tompa-ut-1024x575.jpg 1024w, http:\/\/aldebro.hu\/wp-content\/uploads\/2021\/01\/Tompa-ut-300x169.jpg 300w, http:\/\/aldebro.hu\/wp-content\/uploads\/2021\/01\/Tompa-ut-768x431.jpg 768w, http:\/\/aldebro.hu\/wp-content\/uploads\/2021\/01\/Tompa-ut-739x415.jpg 739w, http:\/\/aldebro.hu\/wp-content\/uploads\/2021\/01\/Tompa-ut.jpg 1280w\" sizes=\"auto, (max-width: 440px) 100vw, 440px\" \/><\/figure>\n\n\n\n<figure class=\"wp-block-image size-large is-resized\"><img loading=\"lazy\" decoding=\"async\" src=\"http:\/\/aldebro.hu\/wp-content\/uploads\/2021\/01\/Varkoz.jpg\" alt=\"\" class=\"wp-image-5930\" width=\"438\" height=\"246\" srcset=\"http:\/\/aldebro.hu\/wp-content\/uploads\/2021\/01\/Varkoz.jpg 1024w, http:\/\/aldebro.hu\/wp-content\/uploads\/2021\/01\/Varkoz-300x169.jpg 300w, http:\/\/aldebro.hu\/wp-content\/uploads\/2021\/01\/Varkoz-768x432.jpg 768w, http:\/\/aldebro.hu\/wp-content\/uploads\/2021\/01\/Varkoz-739x416.jpg 739w\" sizes=\"auto, (max-width: 438px) 100vw, 438px\" \/><\/figure>\n\n\n\n<figure class=\"wp-block-image size-large is-resized\"><img loading=\"lazy\" decoding=\"async\" src=\"http:\/\/aldebro.hu\/wp-content\/uploads\/2021\/01\/Dozsa-ut-1024x576.jpg\" alt=\"\" class=\"wp-image-5931\" width=\"434\" height=\"244\" srcset=\"http:\/\/aldebro.hu\/wp-content\/uploads\/2021\/01\/Dozsa-ut-1024x576.jpg 1024w, http:\/\/aldebro.hu\/wp-content\/uploads\/2021\/01\/Dozsa-ut-300x169.jpg 300w, http:\/\/aldebro.hu\/wp-content\/uploads\/2021\/01\/Dozsa-ut-768x432.jpg 768w, http:\/\/aldebro.hu\/wp-content\/uploads\/2021\/01\/Dozsa-ut-739x416.jpg 739w, http:\/\/aldebro.hu\/wp-content\/uploads\/2021\/01\/Dozsa-ut.jpg 1280w\" sizes=\"auto, (max-width: 434px) 100vw, 434px\" \/><\/figure>\n\n\n\n<p><\/p>\n","protected":false},"excerpt":{"rendered":"","protected":false},"author":1,"featured_media":0,"parent":0,"menu_order":0,"comment_status":"closed","ping_status":"closed","template":"","meta":{"footnotes":""},"class_list":["post-5925","page","type-page","status-publish","hentry"],"_links":{"self":[{"href":"http:\/\/aldebro.hu\/en\/wp-json\/wp\/v2\/pages\/5925","targetHints":{"allow":["GET"]}}],"collection":[{"href":"http:\/\/aldebro.hu\/en\/wp-json\/wp\/v2\/pages"}],"about":[{"href":"http:\/\/aldebro.hu\/en\/wp-json\/wp\/v2\/types\/page"}],"author":[{"embeddable":true,"href":"http:\/\/aldebro.hu\/en\/wp-json\/wp\/v2\/users\/1"}],"replies":[{"embeddable":true,"href":"http:\/\/aldebro.hu\/en\/wp-json\/wp\/v2\/comments?post=5925"}],"version-history":[{"count":1,"href":"http:\/\/aldebro.hu\/en\/wp-json\/wp\/v2\/pages\/5925\/revisions"}],"predecessor-version":[{"id":5932,"href":"http:\/\/aldebro.hu\/en\/wp-json\/wp\/v2\/pages\/5925\/revisions\/5932"}],"wp:attachment":[{"href":"http:\/\/aldebro.hu\/en\/wp-json\/wp\/v2\/media?parent=5925"}],"curies":[{"name":"wp","href":"https:\/\/api.w.org\/{rel}","templated":true}]}}