{"id":6048,"date":"2021-03-16T15:16:58","date_gmt":"2021-03-16T14:16:58","guid":{"rendered":"http:\/\/aldebro.hu\/?page_id=6048"},"modified":"2023-02-01T14:44:58","modified_gmt":"2023-02-01T13:44:58","slug":"top-1-4-1-19-he1-2019-00008-bolcsodei-ferohelyek-kialakitasa-bovitese","status":"publish","type":"page","link":"http:\/\/aldebro.hu\/en\/top-1-4-1-19-he1-2019-00008-bolcsodei-ferohelyek-kialakitasa-bovitese\/","title":{"rendered":"TOP- 1.4.1-19-HE1-2019-00008-B\u00f6lcs\u0151dei f\u00e9r\u0151helyek kialak\u00edt\u00e1sa, b\u0151v\u00edt\u00e9se"},"content":{"rendered":"<div class=\"wp-block-image\">\n<figure class=\"alignright size-large is-resized\"><img loading=\"lazy\" decoding=\"async\" src=\"http:\/\/aldebro.hu\/wp-content\/uploads\/2018\/04\/infoblokk_kedv_final_felso_cmyk_ESZA-1024x708.jpg\" alt=\"\" class=\"wp-image-3999\" width=\"207\" height=\"143\" srcset=\"http:\/\/aldebro.hu\/wp-content\/uploads\/2018\/04\/infoblokk_kedv_final_felso_cmyk_ESZA-1024x708.jpg 1024w, http:\/\/aldebro.hu\/wp-content\/uploads\/2018\/04\/infoblokk_kedv_final_felso_cmyk_ESZA-300x207.jpg 300w, http:\/\/aldebro.hu\/wp-content\/uploads\/2018\/04\/infoblokk_kedv_final_felso_cmyk_ESZA-768x531.jpg 768w, http:\/\/aldebro.hu\/wp-content\/uploads\/2018\/04\/infoblokk_kedv_final_felso_cmyk_ESZA-739x511.jpg 739w, http:\/\/aldebro.hu\/wp-content\/uploads\/2018\/04\/infoblokk_kedv_final_felso_cmyk_ESZA.jpg 1453w\" sizes=\"auto, (max-width: 207px) 100vw, 207px\" \/><\/figure>\n<\/div>\n\n\n<p><\/p>\n\n\n\n<p class=\"has-text-align-left\">Aldebr\u0151 K\u00f6zs\u00e9gi \u00d6nkorm\u00e1nyzat a B\u00f6lcs\u0151dei f\u00e9r\u0151helyek kialak\u00edt\u00e1sa, b\u0151v\u00edt\u00e9se c. felh\u00edv\u00e1s\u00e1ra beny\u00fajtott, TOP- 1.4.1-19-HE1-2019-00008 azonos\u00edt\u00f3sz\u00e1mmal nyilv\u00e1ntartott p\u00e1ly\u00e1zat\u00e1t a P\u00e9nz\u00fcgyminiszt\u00e9rium Region\u00e1lis Fejleszt\u00e9si Programok V\u00e9grehajt\u00e1s\u00e1\u00e9rt Felel\u0151s Helyettes \u00c1llamtitk\u00e1rs\u00e1ga<\/p>\n\n\n\n<p class=\"has-text-align-center has-normal-font-size\"> <br><\/p>\n\n\n\n<p class=\"has-text-align-center has-normal-font-size\">117.074.610Ft<br> <strong>\u00f6sszeg\u0171 t\u00e1mogat\u00e1sban r\u00e9szes\u00edtette.<\/strong><\/p>\n\n\n\n<p>Aldebr\u0151 k\u00f6zs\u00e9gben a lakoss\u00e1g r\u00e9sz\u00e9r\u0151l felmer\u00fclt ig\u00e9nyek, valamint a jogszab\u00e1lyi k\u00f6telezetts\u00e9gek teszik sz\u00fcks\u00e9gess\u00e9 csal\u00e1di b\u00f6lcs\u0151de kialak\u00edt\u00e1s\u00e1t. Aldebr\u0151 K\u00f6zs\u00e9gi \u00d6nkorm\u00e1nyzat mint fenntart\u00f3 fejleszt\u00e9se r\u00e9v\u00e9n, egy 1 csoportos, 5 f\u00e9r\u0151helyes (max. 7 f\u0151) \u00f6n\u00e1ll\u00f3 csal\u00e1di b\u00f6lcs\u0151d\u00e9t hoz l\u00e9tre. A tervezett b\u00f6lcs\u0151de 1 f\u0151 kisgyermeknevel\u0151 alkalmaz\u00e1s\u00e1val, \u00f6n\u00e1ll\u00f3 szakmai egys\u00e9gk\u00e9nt ker\u00fcl m\u0171k\u00f6dtet\u00e9sre.<\/p>\n\n\n\n<p>Projekt h\u00e1ttere, indokolts\u00e1ga: Aldebr\u0151 telep\u00fcl\u00e9s \u00e9l\u0151 b\u00f6lcs\u0151d\u00e9s kor\u00fa gyermekek l\u00e9leksz\u00e1m v\u00e1ltoz\u00e1sa egy\u00e9rtelm\u0171en emelked\u00e9st mutat. Az \u00e9rintett telep\u00fcl\u00e9sek lak\u00f3i r\u00e9sz\u00e9r\u0151l jelent\u0151s ig\u00e9ny mutatkozott a b\u00f6lcs\u0151dei ell\u00e1t\u00e1s fejleszt\u00e9s\u00e9re, mivel jelenleg a telep\u00fcl\u00e9sen b\u00f6lcs\u0151dei ell\u00e1t\u00e1s nincs. Projekt k\u00f6zvetlen c\u00e9lja \u00f6n\u00e1ll\u00f3 szakmai vezet\u00e9ssel m\u0171k\u00f6d\u0151 1 csoportos csal\u00e1di b\u00f6lcs\u0151de kialak\u00edt\u00e1sa a 3 \u00e9ven aluli gyermekek napk\u00f6zbeni ell\u00e1t\u00e1s\u00e1nak biztos\u00edt\u00e1sa \u00e9rdek\u00e9ben. B\u00f6lcs\u0151dei alapell\u00e1t\u00e1son t\u00fal, azaz a 3 \u00e9ven aluli gyermekek gondoz\u00e1sa \u00e9s nevel\u00e9se, valamint testi-szellemi fejl\u0151d\u00e9s\u00fck el\u0151seg\u00edt\u00e9se mellett a l\u00e9trej\u00f6v\u0151 b\u00f6lcs\u0151de csal\u00e1di nevel\u00e9st t\u00e1mogat\u00f3 szolg\u00e1ltat\u00e1s biztos\u00edt\u00e1s\u00e1val, a h\u00e1tr\u00e1nyos \u00e9s halmozottan h\u00e1tr\u00e1nyos gyermekek valamint a fogyat\u00e9kos \u00e9s saj\u00e1tos nevel\u00e9si ig\u00e9ny\u0171 gyermekek ell\u00e1t\u00e1sa, j\u00e1tsz\u00f3csoport szolg\u00e1ltat\u00e1s biztos\u00edt\u00e1sa. C\u00e9lcsoport: a projekt els\u0151dleges c\u00e9lcsoportjai az aldebr\u0151i 3 \u00e9ven aluli kisgyermekek. A projekt k\u00f6zvetlen c\u00e9lcsoportja a sz\u00fcl\u0151k, hisz a gyermekek napk\u00f6zbeni ell\u00e1t\u00e1s\u00e1nak int\u00e9zm\u00e9nyi biztos\u00edt\u00e1sa el\u0151seg\u00edti a sz\u00fcl\u0151k foglalkoztathat\u00f3s\u00e1g\u00e1t.<\/p>\n\n\n\n<p>A telep\u00fcl\u00e9sen nem m\u0171k\u00f6dik b\u00f6lcs\u0151de.<\/p>\n\n\n\n<p>A csal\u00e1di b\u00f6lcs\u0151de \u00e9p\u00edt\u00e9s\u00e9t a 3353 Aldebr\u0151, Iskola \u00fat 2\/1. Hrsz: 337\/35 telken tervezz\u00fck, amelyet az iskol\u00e1val \u00e9s \u00f3vod\u00e1val szomsz\u00e9dos telken val\u00f3s\u00edtana meg az \u00f6nkorm\u00e1nyzat.<\/p>\n\n\n\n<p>Az \u00e9p\u00fclet biztons\u00e1gi berendez\u00e9ssel lesz ell\u00e1tva. A b\u00f6lcs\u0151dei nevel\u00e9s eszk\u00f6zeit \u00e9s a napk\u00f6zbeni ell\u00e1t\u00e1shoz sz\u00fcks\u00e9ges b\u00fatorokat, valamint fejleszt\u0151 eszk\u00f6z\u00f6k beszerz\u00e9se t\u00f6rt\u00e9nik a projektb\u0151l. A projekt eredm\u00e9nyek\u00e9nt l\u00e9trej\u00f6n egy, a telep\u00fcl\u00e9sen \u00e9s vonz\u00e1sk\u00f6rzet\u00e9ben eddig hi\u00e1nyz\u00f3 gyermekek napk\u00f6zbeni ell\u00e1t\u00e1s\u00e1ra alkalmas int\u00e9zm\u00e9nyi, infrastruktur\u00e1lis h\u00e1tt\u00e9rrel rendelkez\u0151 csal\u00e1di b\u00f6lcs\u0151dei int\u00e9zm\u00e9ny, mely az alapfeladatain t\u00fal hozz\u00e1j\u00e1rul a csal\u00e1dok seg\u00edt\u00e9s\u00e9hez, a vonz\u00e1sk\u00f6rzetben \u00e9l\u0151 gyermekek min\u00e9l kor\u00e1bbi \u00e9letkorban t\u00f6rt\u00e9n\u0151 megseg\u00edt\u00e9s\u00e9hez. A projekt hat\u00e1ssal lesz Aldebr\u0151 mellett a k\u00f6rnyez\u0151 telep\u00fcl\u00e9s lak\u00f3ira is: az \u00faj int\u00e9zm\u00e9ny lehet\u0151s\u00e9get ny\u00fajt a szabad f\u00e9r\u0151helyek ig\u00e9nybev\u00e9tel\u00e9re a k\u00f6rnyez\u0151 telep\u00fcl\u00e9sekr\u0151l is. A sikeres szakmai megval\u00f3s\u00edt\u00e1s \u00e9rdek\u00e9ben a Aldebr\u0151 K\u00f6zs\u00e9gi \u00d6nkorm\u00e1nyzat egy\u00fcttm\u0171k\u00f6dik a Magyar B\u00f6lcs\u0151d\u00e9k Egyes\u00fclet\u00e9vel.<\/p>\n\n\n\n<p>Aldebr\u0151 Helyi Es\u00e9lyegyenl\u0151s\u00e9gi Programj\u00e1ban felsorolt fejleszt\u00e9si elk\u00e9pzel\u00e9sek tartalmazz\u00e1k a b\u00f6lcs\u0151de megval\u00f3s\u00edt\u00e1s\u00e1nak sz\u00fcks\u00e9gess\u00e9g\u00e9t:<\/p>\n\n\n\n<p>1. N\u0151k es\u00e9lyegyenl\u0151s\u00e9ge: a munkaer\u0151-piaci \u00e9s csal\u00e1di eladatok \u00f6sszeegyeztethet\u0151s\u00e9g\u00e9re probl\u00e9m\u00e1ra tervezett int\u00e9zked\u00e9s a c\u00e9l megval\u00f3s\u00edt\u00e1s\u00e1t t\u00e1mogat\u00f3 csal\u00e1d-bar\u00e1t munkahelyi beruh\u00e1z\u00e1sok l\u00e9trehoz\u00e1sa.<\/p>\n\n\n\n<p>2. A fogyat\u00e9kkal \u00e9l\u0151k es\u00e9lyegyenl\u0151s\u00e9ge int\u00e9zked\u00e9shez kapcsol\u00f3d\u00f3an az akad\u00e1lymentes\u00edt\u00e9s b\u0151v\u00fcl\u00e9se a telep\u00fcl\u00e9sen, a fejleszt\u00e9si elk\u00e9pzel\u00e9seihez kapcsol\u00f3dnak a jelen projekt c\u00e9ljai \u00e9s megval\u00f3s\u00edt\u00e1sra ker\u00fcl\u0151 elemei.<\/p>\n\n\n\n<p>3. Rom\u00e1k \u00e9s\/m\u00e9lyszeg\u00e9nys\u00e9gben \u00e9l\u0151k munkav\u00e1llal\u00e1s\u00e1t seg\u00edt\u0151 int\u00e9zked\u00e9sekhez kapcsol\u00f3d\u00f3an a helyi beruh\u00e1z\u00e1sok t\u00e1mogat\u00e1sa.<\/p>\n\n\n\n<p>A b\u00f6lcs\u0151de l\u00e9trehoz\u00e1sa seg\u00edti a fenti c\u00e9lok megval\u00f3sul\u00e1s\u00e1t, mind a munk\u00e1ba \u00e1ll\u00e1s lehet\u0151s\u00e9g\u00e9nek seg\u00edt\u00e9s\u00e9vel, valamint a h\u00e1tr\u00e1nyos helyzet\u0171 \u00e9s\/m\u00e9ly szeg\u00e9nys\u00e9gben \u00e9l\u0151 gyermekek napk\u00f6zbeni ell\u00e1t\u00e1s\u00e1val, fejleszt\u00e9si lehet\u0151s\u00e9g\u00e9vel.<\/p>\n\n\n\n<figure class=\"wp-block-table\"><table><tbody><tr><td>&nbsp;<\/td><\/tr><\/tbody><\/table><\/figure>\n\n\n<div class=\"wp-block-image\">\n<figure class=\"aligncenter size-large is-resized\"><img loading=\"lazy\" decoding=\"async\" src=\"http:\/\/aldebro.hu\/wp-content\/uploads\/2021\/07\/Aldebro-Csaladi-bolcsi-3D-latvany4-1024x866.jpg\" alt=\"\" class=\"wp-image-6292\" width=\"659\" height=\"557\" srcset=\"http:\/\/aldebro.hu\/wp-content\/uploads\/2021\/07\/Aldebro-Csaladi-bolcsi-3D-latvany4-1024x866.jpg 1024w, http:\/\/aldebro.hu\/wp-content\/uploads\/2021\/07\/Aldebro-Csaladi-bolcsi-3D-latvany4-300x254.jpg 300w, http:\/\/aldebro.hu\/wp-content\/uploads\/2021\/07\/Aldebro-Csaladi-bolcsi-3D-latvany4-768x649.jpg 768w, http:\/\/aldebro.hu\/wp-content\/uploads\/2021\/07\/Aldebro-Csaladi-bolcsi-3D-latvany4-739x625.jpg 739w, http:\/\/aldebro.hu\/wp-content\/uploads\/2021\/07\/Aldebro-Csaladi-bolcsi-3D-latvany4.jpg 1500w\" sizes=\"auto, (max-width: 659px) 100vw, 659px\" \/><\/figure>\n<\/div>\n\n<div class=\"wp-block-image\">\n<figure class=\"aligncenter size-large is-resized\"><img loading=\"lazy\" decoding=\"async\" src=\"http:\/\/aldebro.hu\/wp-content\/uploads\/2021\/07\/Aldebro-Csaladi-bolcsi-3D-latvany3-1.jpg\" alt=\"\" class=\"wp-image-6294\" width=\"656\" height=\"549\" srcset=\"http:\/\/aldebro.hu\/wp-content\/uploads\/2021\/07\/Aldebro-Csaladi-bolcsi-3D-latvany3-1.jpg 992w, http:\/\/aldebro.hu\/wp-content\/uploads\/2021\/07\/Aldebro-Csaladi-bolcsi-3D-latvany3-1-300x251.jpg 300w, http:\/\/aldebro.hu\/wp-content\/uploads\/2021\/07\/Aldebro-Csaladi-bolcsi-3D-latvany3-1-768x643.jpg 768w, http:\/\/aldebro.hu\/wp-content\/uploads\/2021\/07\/Aldebro-Csaladi-bolcsi-3D-latvany3-1-739x619.jpg 739w\" sizes=\"auto, (max-width: 656px) 100vw, 656px\" \/><\/figure>\n<\/div>\n\n\n<p><\/p>\n\n\n<div class=\"wp-block-image\">\n<figure class=\"aligncenter size-large is-resized\"><img loading=\"lazy\" decoding=\"async\" src=\"http:\/\/aldebro.hu\/wp-content\/uploads\/2023\/02\/Sajtokozlemeny_Aldebro_page-0001-788x1024.jpg\" alt=\"\" class=\"wp-image-7076\" width=\"642\" height=\"834\" srcset=\"http:\/\/aldebro.hu\/wp-content\/uploads\/2023\/02\/Sajtokozlemeny_Aldebro_page-0001-788x1024.jpg 788w, http:\/\/aldebro.hu\/wp-content\/uploads\/2023\/02\/Sajtokozlemeny_Aldebro_page-0001-231x300.jpg 231w, http:\/\/aldebro.hu\/wp-content\/uploads\/2023\/02\/Sajtokozlemeny_Aldebro_page-0001-768x998.jpg 768w, http:\/\/aldebro.hu\/wp-content\/uploads\/2023\/02\/Sajtokozlemeny_Aldebro_page-0001-739x960.jpg 739w, http:\/\/aldebro.hu\/wp-content\/uploads\/2023\/02\/Sajtokozlemeny_Aldebro_page-0001.jpg 1164w\" sizes=\"auto, (max-width: 642px) 100vw, 642px\" \/><\/figure>\n<\/div>\n\n\n<p><\/p>\n","protected":false},"excerpt":{"rendered":"<p>Aldebr\u0151 K\u00f6zs\u00e9gi \u00d6nkorm\u00e1nyzat a B\u00f6lcs\u0151dei f\u00e9r\u0151helyek kialak\u00edt\u00e1sa, b\u0151v\u00edt\u00e9se c. felh\u00edv\u00e1s\u00e1ra beny\u00fajtott, TOP- 1.4.1-19-HE1-2019-00008 azonos\u00edt\u00f3sz\u00e1mmal nyilv\u00e1ntartott p\u00e1ly\u00e1zat\u00e1t a P\u00e9nz\u00fcgyminiszt\u00e9rium Region\u00e1lis Fejleszt\u00e9si&#8230;<\/p>\n","protected":false},"author":1,"featured_media":0,"parent":0,"menu_order":0,"comment_status":"closed","ping_status":"closed","template":"","meta":{"footnotes":""},"class_list":["post-6048","page","type-page","status-publish","hentry"],"_links":{"self":[{"href":"http:\/\/aldebro.hu\/en\/wp-json\/wp\/v2\/pages\/6048","targetHints":{"allow":["GET"]}}],"collection":[{"href":"http:\/\/aldebro.hu\/en\/wp-json\/wp\/v2\/pages"}],"about":[{"href":"http:\/\/aldebro.hu\/en\/wp-json\/wp\/v2\/types\/page"}],"author":[{"embeddable":true,"href":"http:\/\/aldebro.hu\/en\/wp-json\/wp\/v2\/users\/1"}],"replies":[{"embeddable":true,"href":"http:\/\/aldebro.hu\/en\/wp-json\/wp\/v2\/comments?post=6048"}],"version-history":[{"count":8,"href":"http:\/\/aldebro.hu\/en\/wp-json\/wp\/v2\/pages\/6048\/revisions"}],"predecessor-version":[{"id":7081,"href":"http:\/\/aldebro.hu\/en\/wp-json\/wp\/v2\/pages\/6048\/revisions\/7081"}],"wp:attachment":[{"href":"http:\/\/aldebro.hu\/en\/wp-json\/wp\/v2\/media?parent=6048"}],"curies":[{"name":"wp","href":"https:\/\/api.w.org\/{rel}","templated":true}]}}