{"id":6102,"date":"2021-04-08T14:02:52","date_gmt":"2021-04-08T13:02:52","guid":{"rendered":"http:\/\/aldebro.hu\/?page_id=6102"},"modified":"2021-04-08T14:02:54","modified_gmt":"2021-04-08T13:02:54","slug":"belteruleti-csapadekviz-elvezetes-aldebron-top-2-1-3-16-he1-2017-00003","status":"publish","type":"page","link":"http:\/\/aldebro.hu\/en\/belteruleti-csapadekviz-elvezetes-aldebron-top-2-1-3-16-he1-2017-00003\/","title":{"rendered":"Belter\u00fcleti csapad\u00e9kv\u00edz elvezet\u00e9s Aldebr\u0151n -TOP-2.1.3-16-HE1-2017-00003"},"content":{"rendered":"\n<p><\/p>\n\n\n\n<div class=\"wp-block-image\"><figure class=\"alignright size-large is-resized\"><img loading=\"lazy\" decoding=\"async\" src=\"http:\/\/aldebro.hu\/wp-content\/uploads\/2021\/04\/image-2.png\" alt=\"\" class=\"wp-image-6105\" width=\"247\" height=\"191\" srcset=\"http:\/\/aldebro.hu\/wp-content\/uploads\/2021\/04\/image-2.png 335w, http:\/\/aldebro.hu\/wp-content\/uploads\/2021\/04\/image-2-300x233.png 300w\" sizes=\"auto, (max-width: 247px) 100vw, 247px\" \/><\/figure><\/div>\n\n\n\n<p><strong>A kedvezm\u00e9nyezett neve:<\/strong> Aldebr\u0151 K\u00f6zs\u00e9gi \u00d6nkorm\u00e1nyzat<br><strong>Projekt azonos\u00edt\u00f3 sz\u00e1ma:<\/strong> TOP-2.1.3-16-HE1-2017-00003<br><strong>A projekt megval\u00f3s\u00edt\u00e1s\u00e1nak kezdete:<\/strong> 2018.04.01.<br><strong>A projekt fizikai befejez\u00e9s\u00e9nek hat\u00e1rideje:<\/strong> 2021.04.30<br><strong>A megval\u00f3s\u00edt\u00e1s helysz\u00edne: <\/strong>Aldebr\u0151 belter\u00fclet<br><strong>A projekt \u00f6sszk\u00f6lts\u00e9ge:<\/strong> 119.957.710 Ft<br><strong>A t\u00e1mogat\u00e1s intenzit\u00e1sa: <\/strong>100%<\/p>\n\n\n\n<p><\/p>\n\n\n\n<p>Aldebr\u0151 K\u00f6zs\u00e9gi \u00d6nkorm\u00e1nyzat a Ter\u00fclet- \u00e9s Telep\u00fcl\u00e9sfejleszt\u00e9si Operat\u00edv Program (TOP) keret\u00e9ben sikeres p\u00e1ly\u00e1zatot ny\u00fajtott be <strong>Belter\u00fcleti csapad\u00e9kv\u00edz elvezet\u00e9s Aldebr\u0151n <\/strong>c\u00edmmel, amely sor\u00e1n 119.957.710 Ft vissza nem t\u00e9r\u00edtend\u0151 t\u00e1mogat\u00e1sban r\u00e9szes\u00fclt.<\/p>\n\n\n\n<p>A projekt c\u00e9lja Aldebr\u0151 K\u00f6zs\u00e9g csapad\u00e9kv\u00edz-elvezet\u0151 h\u00e1l\u00f3zat\u00e1nak fejleszt\u00e9se volt. A telep\u00fcl\u00e9s belter\u00fcleti felsz\u00edniv\u00edz-elvezet\u0151 rendszer\u00e9t szinte kiz\u00e1r\u00f3lag ny\u00edlt felsz\u00edn\u0171, z\u00f6m\u00e9ben f\u00f6ldmedr\u0171, szikkaszt\u00f3 jelleg\u0171 \u00e1rkok \u00e9s kisebb r\u00e9szben burkolt \u00e1rkok alkotj\u00e1k, amelyek kor\u00e1bban csak r\u00e9szben voltak k\u00e9pesek a burkolt fel\u00fcletekr\u0151l \u00f6sszegy\u00fclekez\u0151 felsz\u00edni vizek elvezet\u00e9s\u00e9re. Ennek oka, hogy a f\u00f6ldmedr\u0171 \u00e1rkok jelent\u0151s r\u00e9sze feliszapol\u00f3dott, t\u00f6bb helyen az ingatlantulajdonosok felt\u00f6lt\u00f6tt\u00e9k, be\u00fcltett\u00e9k, stb., annak karbantart\u00e1s\u00e1r\u00f3l nem gondoskodtak. A c\u00e9l megval\u00f3s\u00edt\u00e1sa \u00e9rdek\u00e9ben az \u00d6nkorm\u00e1nyzat a lakoss\u00e1g terheinek cs\u00f6kkent\u00e9se \u00e9rdek\u00e9ben Eur\u00f3pai Uni\u00f3s p\u00e1ly\u00e1zatot adott be, elk\u00e9sz\u00edtette a beruh\u00e1z\u00e1s megval\u00f3s\u00edthat\u00f3s\u00e1gi tanulm\u00e1ny\u00e1t, beszerezte az enged\u00e9lyez\u00e9si terveket. A p\u00e1ly\u00e1zat sikerrel j\u00e1rt. A munk\u00e1latok 2020. \u00e9v elej\u00e9n indultak \u00e9s \u00e9v v\u00e9g\u00e9re befejez\u0151dtek.<\/p>\n\n\n\n<p>A projekt f\u0151 c\u00e9lkit\u0171z\u00e9se a dombokr\u00f3l lefoly\u00f3 v\u00edz rendezett, egyenletes levezet\u00e9se, a belter\u00fcletek \u00e9s a k\u00fclter\u00fcletek vesz\u00e9lyeztet\u00e9se n\u00e9lk\u00fcl. A rendezett levezet\u00e9s ny\u00edlt \u00e1rokrendszer ki\u00e9p\u00edt\u00e9s\u00e9vel t\u00f6rt\u00e9nt, amely az\u00f3ta m\u00e1r bizony\u00edtott is \u00e9s a nagyobb mennyis\u00e9g\u0171 es\u0151 hirtelen lez\u00fadul\u00e1sa sor\u00e1n l\u00e9nyegesen gyorsabban elvezette a csapad\u00e9kot a telep\u00fcl\u00e9sr\u0151l &#8211; a kor\u00e1bbi \u00e1llapothoz k\u00e9pest &#8211; megel\u0151zve az udvarok, ingatlanok el\u00f6nt\u00e9s\u00e9t.<\/p>\n\n\n\n<p>A fejleszt\u00e9s eredm\u00e9nyek\u00e9nt: a ki\u00e9p\u00edt\u00e9si biztons\u00e1g m\u00e9rt\u00e9k\u00e9ig megsz\u0171nik a meder menti ingatlanok\/f\u00f6ldr\u00e9szletek el\u00f6nt\u00e9si vesz\u00e9lyeztetetts\u00e9ge &#8211; a rendezett szakasz biztons\u00e1got sugall, rendezetts\u00e9get mutat \u00e9s ezzel jav\u00edt\u00f3 hat\u00e1st fejt ki minden ott \u00e9l\u0151 helyi lakosra, ill. minden ott megfordul\u00f3ra. Lecs\u00f6kken egy mindenkor szennyez\u00e9svesz\u00e9lyt is mag\u00e1ban hordoz\u00f3 ki\u00f6nt\u00e9si gond gyakoris\u00e1ga \u00e9s ezzel is n\u0151 a t\u00e1ji- \u00e9s k\u00f6rnyezetv\u00e9delmi szempontb\u00f3l fontos fenntarthat\u00f3s\u00e1g, egyben haszn\u00e1lhat\u00f3s\u00e1g. A tervezett beruh\u00e1z\u00e1s keret\u00e9ben rendez\u00e9sre\/p\u00f3tl\u00e1sra ker\u00fcl \u00f6sszess\u00e9g\u00e9ben mintegy 5,7 km hossz\u00fa belter\u00fcleti csapad\u00e9kv\u00edz elvezet\u0151 \u00e1rok a rajta l\u00e9v\u0151 azon m\u0171t\u00e1rgyakkal egy\u00fctt, amelyek m\u0171szaki \u00e1llapota, ill. hi\u00e1nya sz\u00fcks\u00e9gess\u00e9 tesz c\u00e9lir\u00e1nyos beavatkoz\u00e1st. Az \u00e9rintett\/ megv\u00e9dett ingatlanok sz\u00e1ma k\u00f6zvetlen\u00fcl kb. 245 db, a v\u00edzk\u00e1rokt\u00f3l k\u00f6zvetlen\u00fcl megv\u00e9dett ter\u00fclet pedig mintegy 24 ha. A beavatkoz\u00e1s ut\u00e1n az \u00e1rkok \u00e9s m\u0171t\u00e1rgyak k\u00f6nnyebben takar\u00edthat\u00f3k lesznek ak\u00e1r a lakoss\u00e1g k\u00f6zrem\u0171k\u00f6d\u00e9s\u00e9vel is. A megfelel\u0151 kapacit\u00e1sra ki\u00e9p\u00fclt medern\u00e9l jelent\u0151sen cs\u00f6kkennek a kor\u00e1bbi ki\u00f6nt\u00e9sek, \u00edgy azok az el\u0151\u00edrt kapacit\u00e1s m\u00e9rt\u00e9k\u00e9ig nem k\u00e1ros\u00edtj\u00e1k majd sem a medret, sem annak k\u00f6rnyezet\u00e9t.<\/p>\n","protected":false},"excerpt":{"rendered":"<p>A kedvezm\u00e9nyezett neve: Aldebr\u0151 K\u00f6zs\u00e9gi \u00d6nkorm\u00e1nyzatProjekt azonos\u00edt\u00f3 sz\u00e1ma: TOP-2.1.3-16-HE1-2017-00003A projekt megval\u00f3s\u00edt\u00e1s\u00e1nak kezdete: 2018.04.01.A projekt fizikai befejez\u00e9s\u00e9nek hat\u00e1rideje: 2021.04.30A megval\u00f3s\u00edt\u00e1s helysz\u00edne:&#8230;<\/p>\n","protected":false},"author":1,"featured_media":0,"parent":0,"menu_order":0,"comment_status":"closed","ping_status":"closed","template":"","meta":{"footnotes":""},"class_list":["post-6102","page","type-page","status-publish","hentry"],"_links":{"self":[{"href":"http:\/\/aldebro.hu\/en\/wp-json\/wp\/v2\/pages\/6102","targetHints":{"allow":["GET"]}}],"collection":[{"href":"http:\/\/aldebro.hu\/en\/wp-json\/wp\/v2\/pages"}],"about":[{"href":"http:\/\/aldebro.hu\/en\/wp-json\/wp\/v2\/types\/page"}],"author":[{"embeddable":true,"href":"http:\/\/aldebro.hu\/en\/wp-json\/wp\/v2\/users\/1"}],"replies":[{"embeddable":true,"href":"http:\/\/aldebro.hu\/en\/wp-json\/wp\/v2\/comments?post=6102"}],"version-history":[{"count":1,"href":"http:\/\/aldebro.hu\/en\/wp-json\/wp\/v2\/pages\/6102\/revisions"}],"predecessor-version":[{"id":6106,"href":"http:\/\/aldebro.hu\/en\/wp-json\/wp\/v2\/pages\/6102\/revisions\/6106"}],"wp:attachment":[{"href":"http:\/\/aldebro.hu\/en\/wp-json\/wp\/v2\/media?parent=6102"}],"curies":[{"name":"wp","href":"https:\/\/api.w.org\/{rel}","templated":true}]}}