{"id":6202,"date":"2021-05-19T13:14:46","date_gmt":"2021-05-19T12:14:46","guid":{"rendered":"http:\/\/aldebro.hu\/?page_id=6202"},"modified":"2021-05-19T13:14:47","modified_gmt":"2021-05-19T12:14:47","slug":"helyi-iparuzesi-ado","status":"publish","type":"page","link":"http:\/\/aldebro.hu\/en\/helyi-iparuzesi-ado\/","title":{"rendered":"Helyi ipar\u0171z\u00e9si ad\u00f3"},"content":{"rendered":"\n<figure class=\"wp-block-image size-large\"><img loading=\"lazy\" decoding=\"async\" width=\"728\" height=\"1024\" src=\"http:\/\/aldebro.hu\/wp-content\/uploads\/2021\/05\/HIPA-rendelet-Aldebro1_page-0002-1-728x1024.jpg\" alt=\"\" class=\"wp-image-6200\" srcset=\"http:\/\/aldebro.hu\/wp-content\/uploads\/2021\/05\/HIPA-rendelet-Aldebro1_page-0002-1-728x1024.jpg 728w, http:\/\/aldebro.hu\/wp-content\/uploads\/2021\/05\/HIPA-rendelet-Aldebro1_page-0002-1-213x300.jpg 213w, http:\/\/aldebro.hu\/wp-content\/uploads\/2021\/05\/HIPA-rendelet-Aldebro1_page-0002-1-768x1080.jpg 768w, http:\/\/aldebro.hu\/wp-content\/uploads\/2021\/05\/HIPA-rendelet-Aldebro1_page-0002-1-1092x1536.jpg 1092w, http:\/\/aldebro.hu\/wp-content\/uploads\/2021\/05\/HIPA-rendelet-Aldebro1_page-0002-1-739x1039.jpg 739w, http:\/\/aldebro.hu\/wp-content\/uploads\/2021\/05\/HIPA-rendelet-Aldebro1_page-0002-1.jpg 1248w\" sizes=\"auto, (max-width: 728px) 100vw, 728px\" \/><\/figure>\n\n\n\n<figure class=\"wp-block-image size-large\"><img loading=\"lazy\" decoding=\"async\" width=\"728\" height=\"1024\" src=\"http:\/\/aldebro.hu\/wp-content\/uploads\/2021\/05\/HIPA-rendelet-Aldebro1_page-0001-1-728x1024.jpg\" alt=\"\" class=\"wp-image-6199\" srcset=\"http:\/\/aldebro.hu\/wp-content\/uploads\/2021\/05\/HIPA-rendelet-Aldebro1_page-0001-1-728x1024.jpg 728w, http:\/\/aldebro.hu\/wp-content\/uploads\/2021\/05\/HIPA-rendelet-Aldebro1_page-0001-1-213x300.jpg 213w, http:\/\/aldebro.hu\/wp-content\/uploads\/2021\/05\/HIPA-rendelet-Aldebro1_page-0001-1-768x1080.jpg 768w, http:\/\/aldebro.hu\/wp-content\/uploads\/2021\/05\/HIPA-rendelet-Aldebro1_page-0001-1-1092x1536.jpg 1092w, http:\/\/aldebro.hu\/wp-content\/uploads\/2021\/05\/HIPA-rendelet-Aldebro1_page-0001-1-739x1039.jpg 739w, http:\/\/aldebro.hu\/wp-content\/uploads\/2021\/05\/HIPA-rendelet-Aldebro1_page-0001-1.jpg 1248w\" sizes=\"auto, (max-width: 728px) 100vw, 728px\" \/><\/figure>\n\n\n\n<p>Dokumentumok:<\/p>\n\n\n\n<p><a href=\"http:\/\/aldebro.hu\/wp-content\/uploads\/2017\/03\/Iparuzesi_ado_bejelentkezes_valtozasbejelentes-1.pdf\">Helyi ipar\u0171z\u00e9si ad\u00f3-bejelent\u00e9s-v\u00e1ltoz\u00e1sbejelent\u00e9s<\/a><\/p>\n\n\n\n<p><a href=\"http:\/\/aldebro.hu\/wp-content\/uploads\/2017\/03\/BEVALL%C3%81S-helyi-ipar%C5%B1z%C3%A9si-ad%C3%B3.pdf\">Bevall\u00e1s a helyi ipar\u0171z\u00e9si ad\u00f3r\u00f3l \u00e1lland\u00f3 jelleg\u0171 ipari tev\u00e9kenys\u00e9g eset\u00e9n<\/a><\/p>\n","protected":false},"excerpt":{"rendered":"<p>Dokumentumok: Helyi ipar\u0171z\u00e9si ad\u00f3-bejelent\u00e9s-v\u00e1ltoz\u00e1sbejelent\u00e9s Bevall\u00e1s a helyi ipar\u0171z\u00e9si ad\u00f3r\u00f3l \u00e1lland\u00f3 jelleg\u0171 ipari tev\u00e9kenys\u00e9g eset\u00e9n<\/p>\n","protected":false},"author":1,"featured_media":0,"parent":0,"menu_order":0,"comment_status":"closed","ping_status":"closed","template":"","meta":{"footnotes":""},"class_list":["post-6202","page","type-page","status-publish","hentry"],"_links":{"self":[{"href":"http:\/\/aldebro.hu\/en\/wp-json\/wp\/v2\/pages\/6202","targetHints":{"allow":["GET"]}}],"collection":[{"href":"http:\/\/aldebro.hu\/en\/wp-json\/wp\/v2\/pages"}],"about":[{"href":"http:\/\/aldebro.hu\/en\/wp-json\/wp\/v2\/types\/page"}],"author":[{"embeddable":true,"href":"http:\/\/aldebro.hu\/en\/wp-json\/wp\/v2\/users\/1"}],"replies":[{"embeddable":true,"href":"http:\/\/aldebro.hu\/en\/wp-json\/wp\/v2\/comments?post=6202"}],"version-history":[{"count":1,"href":"http:\/\/aldebro.hu\/en\/wp-json\/wp\/v2\/pages\/6202\/revisions"}],"predecessor-version":[{"id":6203,"href":"http:\/\/aldebro.hu\/en\/wp-json\/wp\/v2\/pages\/6202\/revisions\/6203"}],"wp:attachment":[{"href":"http:\/\/aldebro.hu\/en\/wp-json\/wp\/v2\/media?parent=6202"}],"curies":[{"name":"wp","href":"https:\/\/api.w.org\/{rel}","templated":true}]}}