{"id":6312,"date":"2021-08-13T09:31:08","date_gmt":"2021-08-13T08:31:08","guid":{"rendered":"http:\/\/aldebro.hu\/?page_id=6312"},"modified":"2021-08-13T09:36:55","modified_gmt":"2021-08-13T08:36:55","slug":"ertekek-aldebron","status":"publish","type":"page","link":"http:\/\/aldebro.hu\/en\/ertekek-aldebron\/","title":{"rendered":"\u00c9rt\u00e9kek Aldebr\u0151n"},"content":{"rendered":"\n<p>\u00c9rt\u00e9kek Aldebr\u0151n<\/p>\n\n\n\n<p>Az \u00d6nkorm\u00e1nyzat 2020. \u00e9v elej\u00e9n fot\u00f3p\u00e1ly\u00e1zatot hirdetett meg a helyi lakoss\u00e1g k\u00f6r\u00e9ben, amely szerint amat\u0151r fot\u00f3sok k\u00e9peit v\u00e1rja, \u00e9vszakonk\u00e9nt a k\u00f6zs\u00e9g \u00e9p\u00edtett \u00e9s term\u00e9szeti \u00e9rt\u00e9keir\u0151l, valamint az itt \u00e9l\u0151 emberekr\u0151l. Ezekb\u0151l a fot\u00f3kb\u00f3l, zs\u0171riz\u00e9s ut\u00e1n k\u00e9sz\u00fclt el az \u00dcdv\u00f6zlet Aldebr\u0151r\u0151l c\u00edm\u0171 sz\u00ednes kiadv\u00e1ny. A c\u00e9l az volt, hogy Aldebr\u0151 \u00e9rt\u00e9keit, k\u00fcl\u00f6nlegess\u00e9geit meg\u00f6r\u00f6k\u00edts\u00fck \u00e9s megmutassuk az itt \u00e9l\u0151k szemsz\u00f6g\u00e9b\u0151l. A fot\u00f3p\u00e1ly\u00e1zat rendk\u00edv\u00fcl n\u00e9pszer\u0171 volt a lakoss\u00e1g k\u00f6r\u00e9ben, hiszen az els\u0151 negyed\u00e9vben sz\u00e1zn\u00e1l is t\u00f6bb k\u00e9pet k\u00fcldtek be a felh\u00edv\u00e1sra.<\/p>\n\n\n\n<p>Elk\u00e9sz\u00fclt az Aldebr\u0151t bemutat\u00f3 p\u00e1r perces r\u00f6vid film is, melyben kiemelt helyet kap a m\u00e9lt\u00e1n h\u00edres Debr\u0151i H\u00e1rslevel\u0171 bor, mely m\u00e1r a Magyar \u00c9rt\u00e9kt\u00e1rban is szerepel \u00e9s csak egy l\u00e9p\u00e9s v\u00e1lasztja el att\u00f3l, hogy Hungarikumm\u00e1 v\u00e1ljon. A figyelemfelkelt\u0151, a k\u00f6zs\u00e9get t\u00f6bb oldal\u00e1r\u00f3l bemutat\u00f3 sz\u00ednes kisfilm j\u00f3l haszn\u00e1lhat\u00f3 lesz majd reprezent\u00e1ci\u00f3s c\u00e9llal.<\/p>\n\n\n\n<p>Vil\u00e1gszerte egyed\u00fcl\u00e1ll\u00f3 botanikai ritkas\u00e1got rejt az az erd\u0151r\u00e9sz, mely a M\u00e1traalj\u00e1n, Aldebr\u0151 k\u00f6zs\u00e9g \u00e9szaknyugati hat\u00e1r\u00e1ban tal\u00e1lhat\u00f3, amely nem m\u00e1s, mint az \u0151sjuhar.\u00a0\u00a0 A par\u00e1dsasv\u00e1ri elpusztult p\u00e9ld\u00e1ny ut\u00e1n Eur\u00f3pa szerte ez az egyetlen lel\u0151helye ennek a ritka fajnak. Ehhez hasonl\u00f3 leveleket hajt\u00f3 juharfa a f\u00f6ldt\u00f6rt\u00e9neti\u00a0mioc\u00e9n korban, mintegy 15-20 milli\u00f3 \u00e9vvel ezel\u0151tt \u00e9lt a lev\u00e9llenyomatok tan\u00fas\u00e1ga szerint. Innen kapta az \u201e\u0151sjuhar\u201d elnevez\u00e9st. Ezt a k\u00fcl\u00f6nlegess\u00e9get mutatja be egy sz\u00ednes t\u00e1j\u00e9koztat\u00f3 kiadv\u00e1ny, amelyb\u0151l, megismerhet\u0151 a t\u00f6rt\u00e9nete, morfol\u00f3gi\u00e1ja, lel\u0151helye, jelent\u0151s\u00e9ge, ezzel is min\u00e9l sz\u00e9lesebb r\u00e9teg figyelm\u00e9t felkelteni. Mivel a lel\u0151helyen semmi sem utal a f\u00e1ra, \u00edgy egy figyelemfelkelt\u0151 \u00e9s meg\u00e1ll\u00edt\u00f3 t\u00e1bla k\u00e9sz\u00fclt el \u00e9s ker\u00fclt kihelyez\u00e9sre az arra j\u00e1r\u00f3k vagy a lel\u0151helyet c\u00e9lir\u00e1nyosan felkeres\u0151k sz\u00e1m\u00e1ra. A helyi \u00c1ltal\u00e1nos Iskola k\u00f6nyvt\u00e1r\u00e1ban elhelyez\u00e9sre ker\u00fclt egy bemutat\u00f3 vitrin, amelyben helyet kapott a fa morfol\u00f3gi\u00e1ja (lev\u00e9l, vir\u00e1g, term\u00e9s), valamint fot\u00f3kon bemutatja a lel\u0151hely\u00e9t \u00e9s jelent\u0151s\u00e9g\u00e9t.<\/p>\n\n\n\n<p>A p\u00e1ly\u00e1zat megval\u00f3s\u00edt\u00e1s\u00e1t a F\u00f6ldm\u0171vel\u00e9s\u00fcgyi Miniszt\u00e9rium \u00e9s a Hungarikum Bizotts\u00e1g \u201ea nemzeti \u00e9rt\u00e9kek \u00e9s hungarikumok gy\u0171jt\u00e9s\u00e9nek, n\u00e9pszer\u0171s\u00edt\u00e9s\u00e9nek, megismertet\u00e9s\u00e9nek, meg\u0151rz\u00e9s\u00e9nek \u00e9s gondoz\u00e1s\u00e1nak t\u00e1mogat\u00e1s\u00e1ra\u201d ki\u00edrt nyertes p\u00e1ly\u00e1zata tette lehet\u0151v\u00e9, amelyen Aldebr\u0151 K\u00f6zs\u00e9g \u00d6nkorm\u00e1nyzata 1\u00a0298\u00a0917 Ft vissza nem t\u00e9r\u00edtend\u0151 t\u00e1mogat\u00e1sban r\u00e9szes\u00fclt.<\/p>\n\n\n\n<div class=\"wp-block-image\"><figure class=\"alignleft size-large is-resized\"><img loading=\"lazy\" decoding=\"async\" src=\"http:\/\/aldebro.hu\/wp-content\/uploads\/2021\/08\/am_logo_szines-01-1024x731.png\" alt=\"\" class=\"wp-image-6314\" width=\"262\" height=\"187\" srcset=\"http:\/\/aldebro.hu\/wp-content\/uploads\/2021\/08\/am_logo_szines-01-1024x731.png 1024w, http:\/\/aldebro.hu\/wp-content\/uploads\/2021\/08\/am_logo_szines-01-300x214.png 300w, http:\/\/aldebro.hu\/wp-content\/uploads\/2021\/08\/am_logo_szines-01-768x549.png 768w, http:\/\/aldebro.hu\/wp-content\/uploads\/2021\/08\/am_logo_szines-01-1536x1097.png 1536w, http:\/\/aldebro.hu\/wp-content\/uploads\/2021\/08\/am_logo_szines-01-2048x1463.png 2048w, http:\/\/aldebro.hu\/wp-content\/uploads\/2021\/08\/am_logo_szines-01-739x528.png 739w\" sizes=\"auto, (max-width: 262px) 100vw, 262px\" \/><\/figure><\/div>\n\n\n\n<div class=\"wp-block-image\"><figure class=\"alignleft size-large is-resized\"><img loading=\"lazy\" decoding=\"async\" src=\"http:\/\/aldebro.hu\/wp-content\/uploads\/2021\/08\/hungarikum_bizottsag_logo-01.jpg\" alt=\"\" class=\"wp-image-6315\" width=\"163\" height=\"200\" srcset=\"http:\/\/aldebro.hu\/wp-content\/uploads\/2021\/08\/hungarikum_bizottsag_logo-01.jpg 319w, http:\/\/aldebro.hu\/wp-content\/uploads\/2021\/08\/hungarikum_bizottsag_logo-01-244x300.jpg 244w\" sizes=\"auto, (max-width: 163px) 100vw, 163px\" \/><\/figure><\/div>\n\n\n\n<p><\/p>\n\n\n\n<p><\/p>\n","protected":false},"excerpt":{"rendered":"<p>\u00c9rt\u00e9kek Aldebr\u0151n Az \u00d6nkorm\u00e1nyzat 2020. \u00e9v elej\u00e9n fot\u00f3p\u00e1ly\u00e1zatot hirdetett meg a helyi lakoss\u00e1g k\u00f6r\u00e9ben, amely szerint amat\u0151r fot\u00f3sok k\u00e9peit v\u00e1rja,&#8230;<\/p>\n","protected":false},"author":1,"featured_media":0,"parent":0,"menu_order":0,"comment_status":"closed","ping_status":"closed","template":"","meta":{"footnotes":""},"class_list":["post-6312","page","type-page","status-publish","hentry"],"_links":{"self":[{"href":"http:\/\/aldebro.hu\/en\/wp-json\/wp\/v2\/pages\/6312","targetHints":{"allow":["GET"]}}],"collection":[{"href":"http:\/\/aldebro.hu\/en\/wp-json\/wp\/v2\/pages"}],"about":[{"href":"http:\/\/aldebro.hu\/en\/wp-json\/wp\/v2\/types\/page"}],"author":[{"embeddable":true,"href":"http:\/\/aldebro.hu\/en\/wp-json\/wp\/v2\/users\/1"}],"replies":[{"embeddable":true,"href":"http:\/\/aldebro.hu\/en\/wp-json\/wp\/v2\/comments?post=6312"}],"version-history":[{"count":4,"href":"http:\/\/aldebro.hu\/en\/wp-json\/wp\/v2\/pages\/6312\/revisions"}],"predecessor-version":[{"id":6321,"href":"http:\/\/aldebro.hu\/en\/wp-json\/wp\/v2\/pages\/6312\/revisions\/6321"}],"wp:attachment":[{"href":"http:\/\/aldebro.hu\/en\/wp-json\/wp\/v2\/media?parent=6312"}],"curies":[{"name":"wp","href":"https:\/\/api.w.org\/{rel}","templated":true}]}}