{"id":6342,"date":"2021-09-14T13:44:26","date_gmt":"2021-09-14T12:44:26","guid":{"rendered":"http:\/\/aldebro.hu\/?page_id=6342"},"modified":"2021-09-14T13:44:27","modified_gmt":"2021-09-14T12:44:27","slug":"aldebroi-nephaz-felujitasa","status":"publish","type":"page","link":"http:\/\/aldebro.hu\/en\/aldebroi-nephaz-felujitasa\/","title":{"rendered":"Aldebr\u0151i N\u00e9ph\u00e1z fel\u00faj\u00edt\u00e1sa"},"content":{"rendered":"\n<p>Aldebr\u0151i N\u00e9ph\u00e1z fel\u00faj\u00edt\u00e1sa<\/p>\n\n\n\n<p>A N\u00e9met Nemzetis\u00e9gi Egyes\u00fclet Aldebr\u0151-T\u00f3falu p\u00e1ly\u00e1zatot ny\u00fajtott be a Bethlen G\u00e1bor Alapkezel\u0151 Zrt. \u00e1ltal meghirdetett<strong> Nemzetis\u00e9gi c\u00e9l\u00fa beruh\u00e1z\u00e1si, fel\u00faj\u00edt\u00e1si \u00e9s karbantart\u00e1si tev\u00e9kenys\u00e9gek 2020. \u00e9vi k\u00f6lts\u00e9gvet\u00e9si t\u00e1mogat\u00e1sa<\/strong> c. felh\u00edv\u00e1sra, melyen <strong>1.475.000 Ft<\/strong> vissza nem t\u00e9r\u00edtend\u0151 t\u00e1mogat\u00e1st nyert.<\/p>\n\n\n\n<p>Ezt az \u00f6sszeget a N\u00e9ph\u00e1z tet\u0151fel\u00faj\u00edt\u00e1s\u00e1ra ford\u00edtottuk.<\/p>\n\n\n\n<p>P\u00e1ly\u00e1zati azonos\u00edt\u00f3: NEMZ-BER-20-0154<\/p>\n\n\n\n<figure class=\"wp-block-image size-large\"><img loading=\"lazy\" decoding=\"async\" width=\"1024\" height=\"266\" src=\"http:\/\/aldebro.hu\/wp-content\/uploads\/2021\/09\/keszult_magyarorszag_korm_tamogatasaval_2020_logo-1024x266.jpg\" alt=\"\" class=\"wp-image-6343\" srcset=\"http:\/\/aldebro.hu\/wp-content\/uploads\/2021\/09\/keszult_magyarorszag_korm_tamogatasaval_2020_logo-1024x266.jpg 1024w, http:\/\/aldebro.hu\/wp-content\/uploads\/2021\/09\/keszult_magyarorszag_korm_tamogatasaval_2020_logo-300x78.jpg 300w, http:\/\/aldebro.hu\/wp-content\/uploads\/2021\/09\/keszult_magyarorszag_korm_tamogatasaval_2020_logo-768x199.jpg 768w, http:\/\/aldebro.hu\/wp-content\/uploads\/2021\/09\/keszult_magyarorszag_korm_tamogatasaval_2020_logo-1536x399.jpg 1536w, http:\/\/aldebro.hu\/wp-content\/uploads\/2021\/09\/keszult_magyarorszag_korm_tamogatasaval_2020_logo-2048x532.jpg 2048w, http:\/\/aldebro.hu\/wp-content\/uploads\/2021\/09\/keszult_magyarorszag_korm_tamogatasaval_2020_logo-739x192.jpg 739w\" sizes=\"auto, (max-width: 1024px) 100vw, 1024px\" \/><\/figure>\n\n\n\n<div class=\"wp-block-image\"><figure class=\"aligncenter size-large is-resized\"><img loading=\"lazy\" decoding=\"async\" src=\"http:\/\/aldebro.hu\/wp-content\/uploads\/2021\/09\/nephaz4.jpg\" alt=\"\" class=\"wp-image-6344\" width=\"609\" height=\"457\" srcset=\"http:\/\/aldebro.hu\/wp-content\/uploads\/2021\/09\/nephaz4.jpg 1024w, http:\/\/aldebro.hu\/wp-content\/uploads\/2021\/09\/nephaz4-300x225.jpg 300w, http:\/\/aldebro.hu\/wp-content\/uploads\/2021\/09\/nephaz4-768x576.jpg 768w, http:\/\/aldebro.hu\/wp-content\/uploads\/2021\/09\/nephaz4-739x554.jpg 739w\" sizes=\"auto, (max-width: 609px) 100vw, 609px\" \/><\/figure><\/div>\n","protected":false},"excerpt":{"rendered":"<p>Aldebr\u0151i N\u00e9ph\u00e1z fel\u00faj\u00edt\u00e1sa A N\u00e9met Nemzetis\u00e9gi Egyes\u00fclet Aldebr\u0151-T\u00f3falu p\u00e1ly\u00e1zatot ny\u00fajtott be a Bethlen G\u00e1bor Alapkezel\u0151 Zrt. \u00e1ltal meghirdetett Nemzetis\u00e9gi c\u00e9l\u00fa&#8230;<\/p>\n","protected":false},"author":1,"featured_media":0,"parent":0,"menu_order":0,"comment_status":"closed","ping_status":"closed","template":"","meta":{"footnotes":""},"class_list":["post-6342","page","type-page","status-publish","hentry"],"_links":{"self":[{"href":"http:\/\/aldebro.hu\/en\/wp-json\/wp\/v2\/pages\/6342","targetHints":{"allow":["GET"]}}],"collection":[{"href":"http:\/\/aldebro.hu\/en\/wp-json\/wp\/v2\/pages"}],"about":[{"href":"http:\/\/aldebro.hu\/en\/wp-json\/wp\/v2\/types\/page"}],"author":[{"embeddable":true,"href":"http:\/\/aldebro.hu\/en\/wp-json\/wp\/v2\/users\/1"}],"replies":[{"embeddable":true,"href":"http:\/\/aldebro.hu\/en\/wp-json\/wp\/v2\/comments?post=6342"}],"version-history":[{"count":1,"href":"http:\/\/aldebro.hu\/en\/wp-json\/wp\/v2\/pages\/6342\/revisions"}],"predecessor-version":[{"id":6345,"href":"http:\/\/aldebro.hu\/en\/wp-json\/wp\/v2\/pages\/6342\/revisions\/6345"}],"wp:attachment":[{"href":"http:\/\/aldebro.hu\/en\/wp-json\/wp\/v2\/media?parent=6342"}],"curies":[{"name":"wp","href":"https:\/\/api.w.org\/{rel}","templated":true}]}}