{"id":6443,"date":"2021-12-08T16:01:52","date_gmt":"2021-12-08T15:01:52","guid":{"rendered":"http:\/\/aldebro.hu\/?page_id=6443"},"modified":"2022-02-22T18:16:58","modified_gmt":"2022-02-22T17:16:58","slug":"2021-evi-kepviselotestuleti-ulesek-nyilt-jegyzokonyvei","status":"publish","type":"page","link":"http:\/\/aldebro.hu\/en\/2021-evi-kepviselotestuleti-ulesek-nyilt-jegyzokonyvei\/","title":{"rendered":"2021. \u00e9vi K\u00e9pvisel\u0151test\u00fcleti \u00fcl\u00e9sek ny\u00edlt jegyz\u0151k\u00f6nyvei"},"content":{"rendered":"\n\n\n<p>2021. \u00e9vi K\u00e9pvisel\u0151test\u00fcleti \u00fcl\u00e9sek ny\u00edlt jegyz\u0151k\u00f6nyvei<\/p>\n\n\n\n<p><a href=\"http:\/\/aldebro.hu\/wp-content\/uploads\/2021\/12\/2021.-junius-17.pdf\" target=\"_blank\" rel=\"noreferrer noopener\">2021. j\u00fanius 17.<\/a><\/p>\n\n\n\n<p><a href=\"http:\/\/aldebro.hu\/wp-content\/uploads\/2021\/12\/2021.-junius-28.pdf\">2021. j\u00fanius 28.<\/a><\/p>\n\n\n\n<p><a href=\"http:\/\/aldebro.hu\/wp-content\/uploads\/2021\/12\/2021.-julius-05.pdf\">2021. j\u00falius 05.<\/a><\/p>\n\n\n\n<p><a href=\"http:\/\/aldebro.hu\/wp-content\/uploads\/2021\/12\/2021.-julius-14.pdf\" target=\"_blank\" rel=\"noreferrer noopener\">2021. j\u00falius 14.<\/a><\/p>\n\n\n\n<p><a href=\"http:\/\/aldebro.hu\/wp-content\/uploads\/2021\/12\/2021.-szeptember-30.pdf\">2021. szeptember 30<\/a>.<\/p>\n\n\n\n<p><a href=\"http:\/\/aldebro.hu\/wp-content\/uploads\/2022\/02\/Aldebro-Tofalu-egyuttes-2021.10.13.-nyilv.-alairt.pdf\">2021. okt\u00f3ber 13.<\/a><\/p>\n\n\n\n<p><a href=\"http:\/\/aldebro.hu\/wp-content\/uploads\/2022\/02\/Aldebro-2021.12.02.-nyilv.-jkv..pdf\">2021. december 02.<\/a><\/p>\n\n\n\n<p><a href=\"http:\/\/aldebro.hu\/wp-content\/uploads\/2022\/02\/Aldebro-2021.12.10.-nyilv.-jkv..pdf\">2021. december 10.<\/a><\/p>\n\n\n\n<p><a href=\"http:\/\/aldebro.hu\/wp-content\/uploads\/2022\/02\/Aldebro-2021.12.14.-kozmeghallg..pdf\">2021. december 14.<\/a><\/p>\n","protected":false},"excerpt":{"rendered":"<p>2021. \u00e9vi K\u00e9pvisel\u0151test\u00fcleti \u00fcl\u00e9sek ny\u00edlt jegyz\u0151k\u00f6nyvei 2021. j\u00fanius 17. 2021. j\u00fanius 28. 2021. j\u00falius 05. 2021. j\u00falius 14. 2021. szeptember&#8230;<\/p>\n","protected":false},"author":1,"featured_media":0,"parent":0,"menu_order":0,"comment_status":"closed","ping_status":"closed","template":"","meta":{"footnotes":""},"class_list":["post-6443","page","type-page","status-publish","hentry"],"_links":{"self":[{"href":"http:\/\/aldebro.hu\/en\/wp-json\/wp\/v2\/pages\/6443","targetHints":{"allow":["GET"]}}],"collection":[{"href":"http:\/\/aldebro.hu\/en\/wp-json\/wp\/v2\/pages"}],"about":[{"href":"http:\/\/aldebro.hu\/en\/wp-json\/wp\/v2\/types\/page"}],"author":[{"embeddable":true,"href":"http:\/\/aldebro.hu\/en\/wp-json\/wp\/v2\/users\/1"}],"replies":[{"embeddable":true,"href":"http:\/\/aldebro.hu\/en\/wp-json\/wp\/v2\/comments?post=6443"}],"version-history":[{"count":17,"href":"http:\/\/aldebro.hu\/en\/wp-json\/wp\/v2\/pages\/6443\/revisions"}],"predecessor-version":[{"id":6601,"href":"http:\/\/aldebro.hu\/en\/wp-json\/wp\/v2\/pages\/6443\/revisions\/6601"}],"wp:attachment":[{"href":"http:\/\/aldebro.hu\/en\/wp-json\/wp\/v2\/media?parent=6443"}],"curies":[{"name":"wp","href":"https:\/\/api.w.org\/{rel}","templated":true}]}}