{"id":6531,"date":"2022-01-25T15:47:02","date_gmt":"2022-01-25T14:47:02","guid":{"rendered":"http:\/\/aldebro.hu\/?page_id=6531"},"modified":"2022-01-26T16:36:07","modified_gmt":"2022-01-26T15:36:07","slug":"tarna-zuhogo-2022-januar-23","status":"publish","type":"page","link":"http:\/\/aldebro.hu\/en\/tarna-zuhogo-2022-januar-23\/","title":{"rendered":"Tarna &#8211; Zuhog\u00f3 (2022.janu\u00e1r 23.)"},"content":{"rendered":"\n<p class=\"has-large-font-size\">Tarna &#8211; Zuhog\u00f3 (A felv\u00e9telt k\u00e9sz\u00edtette: Lapis Lajos &#8211; 2022. janu\u00e1r 23.) <\/p>\n\n\n\n<figure class=\"wp-block-video\"><video height=\"720\" style=\"aspect-ratio: 1280 \/ 720;\" width=\"1280\" controls src=\"http:\/\/aldebro.hu\/wp-content\/uploads\/2022\/01\/SAM_5458.mp4\"><\/video><\/figure>\n","protected":false},"excerpt":{"rendered":"<p>Tarna &#8211; Zuhog\u00f3 (A felv\u00e9telt k\u00e9sz\u00edtette: Lapis Lajos &#8211; 2022. janu\u00e1r 23.)<\/p>\n","protected":false},"author":1,"featured_media":0,"parent":0,"menu_order":0,"comment_status":"closed","ping_status":"closed","template":"","meta":{"footnotes":""},"class_list":["post-6531","page","type-page","status-publish","hentry"],"_links":{"self":[{"href":"http:\/\/aldebro.hu\/en\/wp-json\/wp\/v2\/pages\/6531","targetHints":{"allow":["GET"]}}],"collection":[{"href":"http:\/\/aldebro.hu\/en\/wp-json\/wp\/v2\/pages"}],"about":[{"href":"http:\/\/aldebro.hu\/en\/wp-json\/wp\/v2\/types\/page"}],"author":[{"embeddable":true,"href":"http:\/\/aldebro.hu\/en\/wp-json\/wp\/v2\/users\/1"}],"replies":[{"embeddable":true,"href":"http:\/\/aldebro.hu\/en\/wp-json\/wp\/v2\/comments?post=6531"}],"version-history":[{"count":4,"href":"http:\/\/aldebro.hu\/en\/wp-json\/wp\/v2\/pages\/6531\/revisions"}],"predecessor-version":[{"id":6541,"href":"http:\/\/aldebro.hu\/en\/wp-json\/wp\/v2\/pages\/6531\/revisions\/6541"}],"wp:attachment":[{"href":"http:\/\/aldebro.hu\/en\/wp-json\/wp\/v2\/media?parent=6531"}],"curies":[{"name":"wp","href":"https:\/\/api.w.org\/{rel}","templated":true}]}}