{"id":6747,"date":"2022-06-15T09:43:31","date_gmt":"2022-06-15T08:43:31","guid":{"rendered":"http:\/\/aldebro.hu\/?page_id=6747"},"modified":"2022-06-15T09:43:31","modified_gmt":"2022-06-15T08:43:31","slug":"terfigyelo-kamerarendszer-aldebron","status":"publish","type":"page","link":"http:\/\/aldebro.hu\/en\/terfigyelo-kamerarendszer-aldebron\/","title":{"rendered":"T\u00e9rfigyel\u0151 kamerarendszer Aldebr\u0151n"},"content":{"rendered":"\n<div class=\"wp-block-image\"><figure class=\"aligncenter size-large is-resized\"><img loading=\"lazy\" decoding=\"async\" src=\"http:\/\/aldebro.hu\/wp-content\/uploads\/2022\/06\/Terfigyelo-kamerarendszer-Aldebron_page-0001-773x1024.jpg\" alt=\"\" class=\"wp-image-6749\" width=\"698\" height=\"924\" srcset=\"http:\/\/aldebro.hu\/wp-content\/uploads\/2022\/06\/Terfigyelo-kamerarendszer-Aldebron_page-0001-773x1024.jpg 773w, http:\/\/aldebro.hu\/wp-content\/uploads\/2022\/06\/Terfigyelo-kamerarendszer-Aldebron_page-0001-227x300.jpg 227w, http:\/\/aldebro.hu\/wp-content\/uploads\/2022\/06\/Terfigyelo-kamerarendszer-Aldebron_page-0001-768x1017.jpg 768w, http:\/\/aldebro.hu\/wp-content\/uploads\/2022\/06\/Terfigyelo-kamerarendszer-Aldebron_page-0001-739x978.jpg 739w, http:\/\/aldebro.hu\/wp-content\/uploads\/2022\/06\/Terfigyelo-kamerarendszer-Aldebron_page-0001.jpg 1040w\" sizes=\"auto, (max-width: 698px) 100vw, 698px\" \/><\/figure><\/div>\n","protected":false},"excerpt":{"rendered":"","protected":false},"author":1,"featured_media":0,"parent":0,"menu_order":0,"comment_status":"closed","ping_status":"closed","template":"","meta":{"footnotes":""},"class_list":["post-6747","page","type-page","status-publish","hentry"],"_links":{"self":[{"href":"http:\/\/aldebro.hu\/en\/wp-json\/wp\/v2\/pages\/6747","targetHints":{"allow":["GET"]}}],"collection":[{"href":"http:\/\/aldebro.hu\/en\/wp-json\/wp\/v2\/pages"}],"about":[{"href":"http:\/\/aldebro.hu\/en\/wp-json\/wp\/v2\/types\/page"}],"author":[{"embeddable":true,"href":"http:\/\/aldebro.hu\/en\/wp-json\/wp\/v2\/users\/1"}],"replies":[{"embeddable":true,"href":"http:\/\/aldebro.hu\/en\/wp-json\/wp\/v2\/comments?post=6747"}],"version-history":[{"count":1,"href":"http:\/\/aldebro.hu\/en\/wp-json\/wp\/v2\/pages\/6747\/revisions"}],"predecessor-version":[{"id":6750,"href":"http:\/\/aldebro.hu\/en\/wp-json\/wp\/v2\/pages\/6747\/revisions\/6750"}],"wp:attachment":[{"href":"http:\/\/aldebro.hu\/en\/wp-json\/wp\/v2\/media?parent=6747"}],"curies":[{"name":"wp","href":"https:\/\/api.w.org\/{rel}","templated":true}]}}