{"id":6782,"date":"2022-07-08T10:53:13","date_gmt":"2022-07-08T09:53:13","guid":{"rendered":"http:\/\/aldebro.hu\/?page_id=6782"},"modified":"2022-07-11T14:53:16","modified_gmt":"2022-07-11T13:53:16","slug":"aldebroi-specialitasok-etelreceptek","status":"publish","type":"page","link":"http:\/\/aldebro.hu\/en\/aldebroi-specialitasok-etelreceptek\/","title":{"rendered":"ALDEBR\u0150I SPECIALIT\u00c1SOK, \u00c9TELRECEPTEK"},"content":{"rendered":"<div class=\"wp-block-image\">\n<figure class=\"aligncenter size-large is-resized\"><img loading=\"lazy\" decoding=\"async\" src=\"http:\/\/aldebro.hu\/wp-content\/uploads\/2022\/07\/Aldebroi-specialitask-771x1024.jpg\" alt=\"\" class=\"wp-image-6783\" width=\"623\" height=\"827\" srcset=\"http:\/\/aldebro.hu\/wp-content\/uploads\/2022\/07\/Aldebroi-specialitask-771x1024.jpg 771w, http:\/\/aldebro.hu\/wp-content\/uploads\/2022\/07\/Aldebroi-specialitask-226x300.jpg 226w, http:\/\/aldebro.hu\/wp-content\/uploads\/2022\/07\/Aldebroi-specialitask-768x1020.jpg 768w, http:\/\/aldebro.hu\/wp-content\/uploads\/2022\/07\/Aldebroi-specialitask-1156x1536.jpg 1156w, http:\/\/aldebro.hu\/wp-content\/uploads\/2022\/07\/Aldebroi-specialitask-739x982.jpg 739w, http:\/\/aldebro.hu\/wp-content\/uploads\/2022\/07\/Aldebroi-specialitask.jpg 1302w\" sizes=\"auto, (max-width: 623px) 100vw, 623px\" \/><\/figure>\n<\/div>\n\n\n<p>Aldebr\u0151i fojtott receptje<a href=\"http:\/\/aldebro.hu\/wp-content\/uploads\/2022\/07\/Fojtott-recept.pdf\"> itt <\/a>let\u00f6lthet\u0151.<br>S\u00fclt derelye receptje  <a href=\"http:\/\/aldebro.hu\/wp-content\/uploads\/2022\/07\/Sult-derelye-recept.pdf\">itt<\/a> let\u00f6lthet\u0151.<br>Krickrafli receptje <a href=\"http:\/\/aldebro.hu\/wp-content\/uploads\/2022\/07\/Krickrafli-recept.pdf\">itt <\/a>let\u00f6lthet\u0151.<\/p>\n\n\n\n<p>Magyarorsz\u00e1gon 1998-ban a F\u00f6ldm\u0171vel\u00e9s\u00fcgyi Miniszt\u00e9rium az Eur\u00f3pai Uni\u00f3 Euroterroirs kezdem\u00e9nyez\u00e9shez csatlakozva &#8220;Hagyom\u00e1nyok &#8211; \u00cdzek &#8211; R\u00e9gi\u00f3k&#8221; (H\u00cdR) elnevez\u00e9ssel programot ind\u00edtott azzal a c\u00e9llal, hogy l\u00e9trehozza Magyarorsz\u00e1g hagyom\u00e1nyos \u00e9s t\u00e1jjelleg\u0171 mez\u0151gazdas\u00e1gi term\u00e9keinek gy\u0171jtem\u00e9ny\u00e9t.<\/p>\n\n\n\n<p>A program keret\u00e9ben tudom\u00e1nyos megalapozotts\u00e1ggal k\u00e9sz\u00fclt el Magyarorsz\u00e1g hagyom\u00e1nyos \u00e9s t\u00e1jjelleg\u0171 mez\u0151gazdas\u00e1gi term\u00e9keinek gy\u0171jtem\u00e9nye r\u00e9gi\u00f3nk\u00e9nti \u00e9s azon bel\u00fcl \u00e1gazati bont\u00e1sban.&nbsp;<br><br>2009 \u00f3ta a&nbsp;H\u00cdR&nbsp;v\u00e9djegyre p\u00e1ly\u00e1zhatnak azok a termel\u0151k \u00e9s el\u0151\u00e1ll\u00edt\u00f3k, akiknek term\u00e9kei legal\u00e1bb 50 \u00e9ves m\u00faltra tekintenek vissza, valamint a hagyom\u00e1nyos el\u0151\u00e1ll\u00edt\u00e1si m\u00f3don k\u00e9sz\u00fclnek \u00e9s egy adott t\u00e1jegys\u00e9ghez k\u00f6t\u0151dnek. A&nbsp;H\u00cdR v\u00e9djegy&nbsp;haszn\u00e1lat\u00e1nak c\u00e9lja a t\u00e1jjelleg\u0171 mez\u0151gazdas\u00e1gi term\u00e9kek ismerts\u00e9g\u00e9nek n\u00f6vel\u00e9se.<br>Aldebr\u0151 N\u00e9met Nemzetis\u00e9gi \u00d6nkorm\u00e1nyzata h\u00e1rom term\u00e9kkel is p\u00e1ly\u00e1zott, az Aldebr\u0151i fojtottal, a s\u00fclt derely\u00e9vel \u00e9s krickraflival, melyekre elnyerte a H\u00cdR v\u00e9djegy haszn\u00e1lati jog\u00e1t.<\/p>\n\n\n<div class=\"wp-block-image\">\n<figure class=\"aligncenter size-large is-resized\"><img loading=\"lazy\" decoding=\"async\" src=\"http:\/\/aldebro.hu\/wp-content\/uploads\/2022\/07\/HIR-vedjegy_oklevel_fojtott_page-0001-724x1024.jpg\" alt=\"\" class=\"wp-image-6784\" width=\"600\" height=\"849\" srcset=\"http:\/\/aldebro.hu\/wp-content\/uploads\/2022\/07\/HIR-vedjegy_oklevel_fojtott_page-0001-724x1024.jpg 724w, http:\/\/aldebro.hu\/wp-content\/uploads\/2022\/07\/HIR-vedjegy_oklevel_fojtott_page-0001-212x300.jpg 212w, http:\/\/aldebro.hu\/wp-content\/uploads\/2022\/07\/HIR-vedjegy_oklevel_fojtott_page-0001-768x1086.jpg 768w, http:\/\/aldebro.hu\/wp-content\/uploads\/2022\/07\/HIR-vedjegy_oklevel_fojtott_page-0001-1086x1536.jpg 1086w, http:\/\/aldebro.hu\/wp-content\/uploads\/2022\/07\/HIR-vedjegy_oklevel_fojtott_page-0001-739x1045.jpg 739w, http:\/\/aldebro.hu\/wp-content\/uploads\/2022\/07\/HIR-vedjegy_oklevel_fojtott_page-0001.jpg 1241w\" sizes=\"auto, (max-width: 600px) 100vw, 600px\" \/><\/figure>\n<\/div>\n\n<div class=\"wp-block-image\">\n<figure class=\"aligncenter size-large is-resized\"><img loading=\"lazy\" decoding=\"async\" src=\"http:\/\/aldebro.hu\/wp-content\/uploads\/2022\/07\/HIR-vedjegy_oklevel_sult-derelye_page-0001-724x1024.jpg\" alt=\"\" class=\"wp-image-6785\" width=\"607\" height=\"858\" srcset=\"http:\/\/aldebro.hu\/wp-content\/uploads\/2022\/07\/HIR-vedjegy_oklevel_sult-derelye_page-0001-724x1024.jpg 724w, http:\/\/aldebro.hu\/wp-content\/uploads\/2022\/07\/HIR-vedjegy_oklevel_sult-derelye_page-0001-212x300.jpg 212w, http:\/\/aldebro.hu\/wp-content\/uploads\/2022\/07\/HIR-vedjegy_oklevel_sult-derelye_page-0001-768x1086.jpg 768w, http:\/\/aldebro.hu\/wp-content\/uploads\/2022\/07\/HIR-vedjegy_oklevel_sult-derelye_page-0001-1086x1536.jpg 1086w, http:\/\/aldebro.hu\/wp-content\/uploads\/2022\/07\/HIR-vedjegy_oklevel_sult-derelye_page-0001-739x1045.jpg 739w, http:\/\/aldebro.hu\/wp-content\/uploads\/2022\/07\/HIR-vedjegy_oklevel_sult-derelye_page-0001.jpg 1241w\" sizes=\"auto, (max-width: 607px) 100vw, 607px\" \/><\/figure>\n<\/div>\n\n<div class=\"wp-block-image\">\n<figure class=\"aligncenter size-large is-resized\"><img loading=\"lazy\" decoding=\"async\" src=\"http:\/\/aldebro.hu\/wp-content\/uploads\/2022\/07\/SKM_22722070810190-724x1024.jpg\" alt=\"\" class=\"wp-image-6788\" width=\"580\" height=\"820\" srcset=\"http:\/\/aldebro.hu\/wp-content\/uploads\/2022\/07\/SKM_22722070810190-724x1024.jpg 724w, http:\/\/aldebro.hu\/wp-content\/uploads\/2022\/07\/SKM_22722070810190-212x300.jpg 212w, http:\/\/aldebro.hu\/wp-content\/uploads\/2022\/07\/SKM_22722070810190-768x1086.jpg 768w, http:\/\/aldebro.hu\/wp-content\/uploads\/2022\/07\/SKM_22722070810190-1086x1536.jpg 1086w, http:\/\/aldebro.hu\/wp-content\/uploads\/2022\/07\/SKM_22722070810190-1448x2048.jpg 1448w, http:\/\/aldebro.hu\/wp-content\/uploads\/2022\/07\/SKM_22722070810190-739x1045.jpg 739w, http:\/\/aldebro.hu\/wp-content\/uploads\/2022\/07\/SKM_22722070810190-scaled.jpg 1810w\" sizes=\"auto, (max-width: 580px) 100vw, 580px\" \/><\/figure>\n<\/div>","protected":false},"excerpt":{"rendered":"<p>Aldebr\u0151i fojtott receptje itt let\u00f6lthet\u0151.S\u00fclt derelye receptje itt let\u00f6lthet\u0151.Krickrafli receptje itt let\u00f6lthet\u0151. Magyarorsz\u00e1gon 1998-ban a F\u00f6ldm\u0171vel\u00e9s\u00fcgyi Miniszt\u00e9rium az Eur\u00f3pai Uni\u00f3&#8230;<\/p>\n","protected":false},"author":1,"featured_media":0,"parent":0,"menu_order":0,"comment_status":"closed","ping_status":"closed","template":"","meta":{"footnotes":""},"class_list":["post-6782","page","type-page","status-publish","hentry"],"_links":{"self":[{"href":"http:\/\/aldebro.hu\/en\/wp-json\/wp\/v2\/pages\/6782","targetHints":{"allow":["GET"]}}],"collection":[{"href":"http:\/\/aldebro.hu\/en\/wp-json\/wp\/v2\/pages"}],"about":[{"href":"http:\/\/aldebro.hu\/en\/wp-json\/wp\/v2\/types\/page"}],"author":[{"embeddable":true,"href":"http:\/\/aldebro.hu\/en\/wp-json\/wp\/v2\/users\/1"}],"replies":[{"embeddable":true,"href":"http:\/\/aldebro.hu\/en\/wp-json\/wp\/v2\/comments?post=6782"}],"version-history":[{"count":2,"href":"http:\/\/aldebro.hu\/en\/wp-json\/wp\/v2\/pages\/6782\/revisions"}],"predecessor-version":[{"id":6795,"href":"http:\/\/aldebro.hu\/en\/wp-json\/wp\/v2\/pages\/6782\/revisions\/6795"}],"wp:attachment":[{"href":"http:\/\/aldebro.hu\/en\/wp-json\/wp\/v2\/media?parent=6782"}],"curies":[{"name":"wp","href":"https:\/\/api.w.org\/{rel}","templated":true}]}}