{"id":6974,"date":"2022-11-29T15:08:52","date_gmt":"2022-11-29T14:08:52","guid":{"rendered":"http:\/\/aldebro.hu\/?page_id=6974"},"modified":"2022-11-29T15:14:31","modified_gmt":"2022-11-29T14:14:31","slug":"arany-janos-ut-2-sz-alatti-ingatlan-felujitasa-2022","status":"publish","type":"page","link":"http:\/\/aldebro.hu\/en\/arany-janos-ut-2-sz-alatti-ingatlan-felujitasa-2022\/","title":{"rendered":"Arany J\u00e1nos \u00fat 2. sz. alatti ingatlan fel\u00faj\u00edt\u00e1sa 2022"},"content":{"rendered":"\n<p>Arany J\u00e1nos \u00fat 2. sz. alatti ingatlan fel\u00faj\u00edt\u00e1sa<\/p>\n\n\n<div class=\"wp-block-image\">\n<figure class=\"aligncenter size-full is-resized\"><img loading=\"lazy\" decoding=\"async\" src=\"http:\/\/aldebro.hu\/wp-content\/uploads\/2022\/11\/NBER-KP-1-2022_1-000058_kozlemeny_page-0001.jpg\" alt=\"\" class=\"wp-image-6975\" width=\"646\" height=\"498\" srcset=\"http:\/\/aldebro.hu\/wp-content\/uploads\/2022\/11\/NBER-KP-1-2022_1-000058_kozlemeny_page-0001.jpg 976w, http:\/\/aldebro.hu\/wp-content\/uploads\/2022\/11\/NBER-KP-1-2022_1-000058_kozlemeny_page-0001-300x232.jpg 300w, http:\/\/aldebro.hu\/wp-content\/uploads\/2022\/11\/NBER-KP-1-2022_1-000058_kozlemeny_page-0001-768x593.jpg 768w, http:\/\/aldebro.hu\/wp-content\/uploads\/2022\/11\/NBER-KP-1-2022_1-000058_kozlemeny_page-0001-739x571.jpg 739w\" sizes=\"auto, (max-width: 646px) 100vw, 646px\" \/><\/figure>\n<\/div>\n\n<div class=\"wp-block-image\">\n<figure class=\"aligncenter size-large is-resized\"><img loading=\"lazy\" decoding=\"async\" src=\"http:\/\/aldebro.hu\/wp-content\/uploads\/2022\/11\/Arany-J.-ut-2._1-1024x768.jpg\" alt=\"\" class=\"wp-image-6980\" width=\"470\" height=\"351\" srcset=\"http:\/\/aldebro.hu\/wp-content\/uploads\/2022\/11\/Arany-J.-ut-2._1-300x225.jpg 300w, http:\/\/aldebro.hu\/wp-content\/uploads\/2022\/11\/Arany-J.-ut-2._1-739x554.jpg 739w\" sizes=\"auto, (max-width: 470px) 100vw, 470px\" \/><\/figure>\n<\/div>\n\n<div class=\"wp-block-image\">\n<figure class=\"aligncenter size-large is-resized\"><img loading=\"lazy\" decoding=\"async\" src=\"http:\/\/aldebro.hu\/wp-content\/uploads\/2022\/11\/Arany-J.-ut-2_2-1024x768.jpg\" alt=\"\" class=\"wp-image-6982\" width=\"470\" height=\"352\" srcset=\"http:\/\/aldebro.hu\/wp-content\/uploads\/2022\/11\/Arany-J.-ut-2_2-1024x768.jpg 1024w, http:\/\/aldebro.hu\/wp-content\/uploads\/2022\/11\/Arany-J.-ut-2_2-300x225.jpg 300w, http:\/\/aldebro.hu\/wp-content\/uploads\/2022\/11\/Arany-J.-ut-2_2-768x576.jpg 768w, http:\/\/aldebro.hu\/wp-content\/uploads\/2022\/11\/Arany-J.-ut-2_2-1536x1152.jpg 1536w, http:\/\/aldebro.hu\/wp-content\/uploads\/2022\/11\/Arany-J.-ut-2_2-2048x1536.jpg 2048w, http:\/\/aldebro.hu\/wp-content\/uploads\/2022\/11\/Arany-J.-ut-2_2-739x554.jpg 739w\" sizes=\"auto, (max-width: 470px) 100vw, 470px\" \/><\/figure>\n<\/div>","protected":false},"excerpt":{"rendered":"<p>Arany J\u00e1nos \u00fat 2. sz. alatti ingatlan fel\u00faj\u00edt\u00e1sa<\/p>\n","protected":false},"author":1,"featured_media":0,"parent":0,"menu_order":0,"comment_status":"closed","ping_status":"closed","template":"","meta":{"footnotes":""},"class_list":["post-6974","page","type-page","status-publish","hentry"],"_links":{"self":[{"href":"http:\/\/aldebro.hu\/en\/wp-json\/wp\/v2\/pages\/6974","targetHints":{"allow":["GET"]}}],"collection":[{"href":"http:\/\/aldebro.hu\/en\/wp-json\/wp\/v2\/pages"}],"about":[{"href":"http:\/\/aldebro.hu\/en\/wp-json\/wp\/v2\/types\/page"}],"author":[{"embeddable":true,"href":"http:\/\/aldebro.hu\/en\/wp-json\/wp\/v2\/users\/1"}],"replies":[{"embeddable":true,"href":"http:\/\/aldebro.hu\/en\/wp-json\/wp\/v2\/comments?post=6974"}],"version-history":[{"count":3,"href":"http:\/\/aldebro.hu\/en\/wp-json\/wp\/v2\/pages\/6974\/revisions"}],"predecessor-version":[{"id":6983,"href":"http:\/\/aldebro.hu\/en\/wp-json\/wp\/v2\/pages\/6974\/revisions\/6983"}],"wp:attachment":[{"href":"http:\/\/aldebro.hu\/en\/wp-json\/wp\/v2\/media?parent=6974"}],"curies":[{"name":"wp","href":"https:\/\/api.w.org\/{rel}","templated":true}]}}